{"id":104600,"date":"2022-10-12T08:51:35","date_gmt":"2022-10-12T06:51:35","guid":{"rendered":"http:\/\/dev.claret.cat\/producte\/las-hijas-de-la-tierra-2\/"},"modified":"2023-01-28T11:57:50","modified_gmt":"2023-01-28T10:57:50","slug":"las-hijas-de-la-tierra-9788413142166","status":"publish","type":"product","link":"https:\/\/www.claret.cat\/es\/libro\/las-hijas-de-la-tierra-9788413142166\/","title":{"rendered":"LAS HIJAS DE LA TIERRA"},"content":{"rendered":"<p>Tras el \u00e9xito de El bosque sabe tu nombre, Alaitz  Leceaga regresa a las librer\u00edas con una saga familiar ambientada en una bodega de La Rioja. Una tierra maldita.<br \/>Una mujer dispuesta a luchar por el poder.<br \/>Un gran misterio que debe salir a la luz. A\u00f1o 1889, La Rioja. Hay quien dice que una maldici\u00f3n se ci\u00f1e sobre  los vi\u00f1edos, secos desde hace a\u00f1os, de la finca Las Urracas. Mientras  las grandes bodegas de la regi\u00f3n comienzan su edad dorada, Gloria -la  joven hija del propietario- languidece en la vieja mansi\u00f3n familiar, viendo aproximarse otro oto\u00f1o sin cosecha. Sometida a la autoridad de una t\u00eda cruel y un padre ausente, Gloria ver\u00e1  cambiar su vida de un d\u00eda para otro cuando tenga que ponerse al frente  del negocio familiar. Ser\u00e1 entonces cuando comience una larga batalla  que la enfrentar\u00e1 a los bodegueros y caciques locales, que no conciben  tener como rival a una mujer. Y menos a una que pone en duda sus viejos privilegios. Con la ayuda de sus hermanas, Gloria luchar\u00e1 por recuperar el esplendor  de sus vi\u00f1edos, al tiempo que se adentra en los secretos que esconden  las habitaciones cerradas y los campos muertos de Las Urracas. Bajo la  sombra de una maldici\u00f3n que solo al final sabremos si es cierta, las  mujeres de esta novela luchar\u00e1n, sin miedo a nada ni a nadie, por el poder que les pertenece.<\/p>\n","protected":false},"excerpt":{"rendered":"<p>LECEAGA, ALAITZ<\/p>\n","protected":false},"featured_media":104601,"template":"","meta":{"_acf_changed":false,"om_disable_all_campaigns":false,"rs_blank_template":"","rs_page_bg_color":"","slide_template_v7":"","inline_featured_image":false,"_monsterinsights_skip_tracking":false,"_monsterinsights_sitenote_active":false,"_monsterinsights_sitenote_note":"","_monsterinsights_sitenote_category":0},"product_brand":[],"product_cat":[127],"product_tag":[],"class_list":{"0":"post-104600","1":"product","2":"type-product","3":"status-publish","4":"has-post-thumbnail","6":"product_cat-novella-contemporania","8":"first","9":"instock","10":"taxable","11":"shipping-taxable","12":"purchasable","13":"product-type-simple"},"acf":{"editorial":[{"ID":6138,"post_author":"3","post_date":"2022-07-28 17:45:42","post_date_gmt":"2022-07-28 15:45:42","post_content":"","post_title":"B de Bolsillo (Ediciones B)","post_excerpt":"","post_status":"publish","comment_status":"closed","ping_status":"closed","post_password":"","post_name":"b-de-bolsillo-ediciones-b","to_ping":"","pinged":"","post_modified":"2022-07-28 17:45:42","post_modified_gmt":"2022-07-28 15:45:42","post_content_filtered":"","post_parent":0,"guid":"http:\/\/dev.claret.cat\/editorial\/b-de-bolsillo-ediciones-b\/","menu_order":0,"post_type":"editorial","post_mime_type":"","comment_count":"0","filter":"raw"}],"autores-libros":[{"ID":149349,"post_author":"3","post_date":"2022-10-14 14:24:09","post_date_gmt":"2022-10-14 12:24:09","post_content":"","post_title":"ALAITZ LECEAGA","post_excerpt":"","post_status":"publish","comment_status":"closed","ping_status":"closed","post_password":"","post_name":"alaitz-leceaga","to_ping":"","pinged":"","post_modified":"2022-10-14 14:24:09","post_modified_gmt":"2022-10-14 12:24:09","post_content_filtered":"","post_parent":0,"guid":"http:\/\/dev.claret.cat\/autor\/alaitz-leceaga\/","menu_order":0,"post_type":"autor","post_mime_type":"","comment_count":"0","filter":"raw"}],"autor":"LECEAGA, ALAITZ","codart":"841314216","libros-coleccion":"EDICIONES B","ediciones":"1","encuadernacion":"R\u00fastica","fecha_de_publicacion":"01\/10\/2020","novedad":"1","paginas":"558","subtitulo":"","orden":"0","portada":"0","idioma":"spa"},"aioseo_notices":[],"_links":{"self":[{"href":"https:\/\/www.claret.cat\/es\/wp-json\/wp\/v2\/product\/104600","targetHints":{"allow":["GET"]}}],"collection":[{"href":"https:\/\/www.claret.cat\/es\/wp-json\/wp\/v2\/product"}],"about":[{"href":"https:\/\/www.claret.cat\/es\/wp-json\/wp\/v2\/types\/product"}],"wp:featuredmedia":[{"embeddable":true,"href":"https:\/\/www.claret.cat\/es\/wp-json\/wp\/v2\/media\/104601"}],"wp:attachment":[{"href":"https:\/\/www.claret.cat\/es\/wp-json\/wp\/v2\/media?parent=104600"}],"wp:term":[{"taxonomy":"product_brand","embeddable":true,"href":"https:\/\/www.claret.cat\/es\/wp-json\/wp\/v2\/product_brand?post=104600"},{"taxonomy":"product_cat","embeddable":true,"href":"https:\/\/www.claret.cat\/es\/wp-json\/wp\/v2\/product_cat?post=104600"},{"taxonomy":"product_tag","embeddable":true,"href":"https:\/\/www.claret.cat\/es\/wp-json\/wp\/v2\/product_tag?post=104600"}],"curies":[{"name":"wp","href":"https:\/\/api.w.org\/{rel}","templated":true}]}}