{"id":104642,"date":"2022-10-12T08:52:10","date_gmt":"2022-10-12T06:52:10","guid":{"rendered":"http:\/\/dev.claret.cat\/producte\/serenidad-mental-n-e\/"},"modified":"2023-01-28T11:24:21","modified_gmt":"2023-01-28T10:24:21","slug":"serenidad-mental-ne-9788491115991","status":"publish","type":"product","link":"https:\/\/www.claret.cat\/es\/libro\/serenidad-mental-ne-9788491115991\/","title":{"rendered":"SERENIDAD MENTAL (N.E)"},"content":{"rendered":"<p>Si queremos cambiar el presente y el futuro, gracias a este libro sabremos c\u00f3mo hacerlo. &#8221;La lectura de Serenidad mental ha sido para m\u00ed no s\u00f3lo un placer, sino una puesta al d\u00eda de los conceptos b\u00e1sicos que necesitamos para nuestro control de calidad mental. Gracias a personas como Miriam nos estamos dando cuenta de que la felicidad no viene de fuera, sino que sale de dentro; se irradia. O cambiamos la forma de relacionarnos con el pensamiento (estos 30.000 pensamientos de los que habla en este libro) o los niveles de felicidad e infelicidad de la poblaci\u00f3n, cuando superemos la crisis, ser\u00e1n exactamente iguales a los de siempre.  Pasan los a\u00f1os, los siglos y continuamos siendo esclavos de una mente egoica. La felicidad es un estado mental. Y consiste tambi\u00e9n -como aprend\u00ed de Miriam- en la coherencia entre lo que decimos, hacemos y pensamos. Tengo amigos empresarios que meditan brevemente entre reuni\u00f3n y reuni\u00f3n, unos segundos. Esta sencilla pr\u00e1ctica les ha cambiado la vida. Dejan de ser esclavos de las circunstancias externas. Su felicidad ya no depende de lo que diga el jefe o el interlocutor de turno. Se trata de buscar un \u00e1ngulo interior desde el que vivir&#8221;.  Gaspar Hern\u00e1ndez (escritor, presentador del programa L&#8221;ofici de viure)<\/p>\n","protected":false},"excerpt":{"rendered":"<p>SUBIRANA VILANOVA, MIRIAM<\/p>\n","protected":false},"featured_media":104643,"template":"","meta":{"_acf_changed":false,"om_disable_all_campaigns":false,"rs_blank_template":"","rs_page_bg_color":"","slide_template_v7":"","inline_featured_image":false,"_monsterinsights_skip_tracking":false,"_monsterinsights_sitenote_active":false,"_monsterinsights_sitenote_note":"","_monsterinsights_sitenote_category":0},"product_brand":[],"product_cat":[179],"product_tag":[],"class_list":{"0":"post-104642","1":"product","2":"type-product","3":"status-publish","4":"has-post-thumbnail","6":"product_cat-autoajuda-i-salut-mental","8":"first","9":"instock","10":"taxable","11":"shipping-taxable","12":"purchasable","13":"product-type-simple"},"acf":{"editorial":[{"ID":6318,"post_author":"3","post_date":"2022-07-28 17:49:37","post_date_gmt":"2022-07-28 15:49:37","post_content":"","post_title":"OBELISCO","post_excerpt":"","post_status":"publish","comment_status":"closed","ping_status":"closed","post_password":"","post_name":"obelisco","to_ping":"","pinged":"","post_modified":"2022-07-28 17:49:37","post_modified_gmt":"2022-07-28 15:49:37","post_content_filtered":"","post_parent":0,"guid":"http:\/\/dev.claret.cat\/editorial\/obelisco\/","menu_order":0,"post_type":"editorial","post_mime_type":"","comment_count":"0","filter":"raw"}],"autor":"SUBIRANA VILANOVA, MIRIAM","codart":"849111599","libros-coleccion":"Espiritualidad y vida interior","ediciones":"1","encuadernacion":"R\u00fastica","fecha_de_publicacion":"01\/08\/2020","novedad":"1","paginas":"140","subtitulo":"","orden":"0","portada":"0","idioma":"spa","autores-libros":[{"ID":165231,"post_author":"3","post_date":"2022-10-14 17:53:30","post_date_gmt":"2022-10-14 15:53:30","post_content":"","post_title":"MIRIAM SUBIRANA VILANOVA","post_excerpt":"","post_status":"publish","comment_status":"closed","ping_status":"closed","post_password":"","post_name":"miriam-subirana-vilanova","to_ping":"","pinged":"","post_modified":"2022-10-14 17:53:30","post_modified_gmt":"2022-10-14 15:53:30","post_content_filtered":"","post_parent":0,"guid":"http:\/\/dev.claret.cat\/autor\/miriam-subirana-vilanova\/","menu_order":0,"post_type":"autor","post_mime_type":"","comment_count":"0","filter":"raw"}]},"aioseo_notices":[],"_links":{"self":[{"href":"https:\/\/www.claret.cat\/es\/wp-json\/wp\/v2\/product\/104642","targetHints":{"allow":["GET"]}}],"collection":[{"href":"https:\/\/www.claret.cat\/es\/wp-json\/wp\/v2\/product"}],"about":[{"href":"https:\/\/www.claret.cat\/es\/wp-json\/wp\/v2\/types\/product"}],"wp:featuredmedia":[{"embeddable":true,"href":"https:\/\/www.claret.cat\/es\/wp-json\/wp\/v2\/media\/104643"}],"wp:attachment":[{"href":"https:\/\/www.claret.cat\/es\/wp-json\/wp\/v2\/media?parent=104642"}],"wp:term":[{"taxonomy":"product_brand","embeddable":true,"href":"https:\/\/www.claret.cat\/es\/wp-json\/wp\/v2\/product_brand?post=104642"},{"taxonomy":"product_cat","embeddable":true,"href":"https:\/\/www.claret.cat\/es\/wp-json\/wp\/v2\/product_cat?post=104642"},{"taxonomy":"product_tag","embeddable":true,"href":"https:\/\/www.claret.cat\/es\/wp-json\/wp\/v2\/product_tag?post=104642"}],"curies":[{"name":"wp","href":"https:\/\/api.w.org\/{rel}","templated":true}]}}