{"id":1046435,"date":"2025-07-14T12:00:39","date_gmt":"2025-07-14T10:00:39","guid":{"rendered":"https:\/\/www.claret.cat\/llibre\/por-que-tiene-que-ser-todo-tan-dificil-9788491223870\/"},"modified":"2025-07-16T16:40:46","modified_gmt":"2025-07-16T14:40:46","slug":"por-que-tiene-que-ser-todo-tan-dificil-9788491223870","status":"publish","type":"product","link":"https:\/\/www.claret.cat\/es\/libro\/por-que-tiene-que-ser-todo-tan-dificil-9788491223870\/","title":{"rendered":"POR QU\u00c9 TIENE QUE SER TODO TAN DIF\u00cdCIL"},"content":{"rendered":"<p>Tienen trece a\u00f1os, muchos sue\u00f1os e infinitas dudas. En este grupo de amigos todos guardan alg\u00fan secreto; aunque, si es verdad que en los eclipses pasan cosas especiales, quiz\u00e1 est\u00e9n a punto de salir a la luz. Y entonces, sea dif\u00edcil o no, deber\u00e1n decidir qu\u00e9 hacer con ellos.<\/p>\n","protected":false},"excerpt":{"rendered":"<p>NANDO L\u00d3PEZ<\/p>\n","protected":false},"featured_media":1046436,"template":"","meta":{"_acf_changed":false,"om_disable_all_campaigns":false,"rs_blank_template":"","rs_page_bg_color":"","slide_template_v7":"","inline_featured_image":false,"_monsterinsights_skip_tracking":false,"_monsterinsights_sitenote_active":false,"_monsterinsights_sitenote_note":"","_monsterinsights_sitenote_category":0},"product_brand":[],"product_cat":[90,540],"product_tag":[],"class_list":{"0":"post-1046435","1":"product","2":"type-product","3":"status-publish","4":"has-post-thumbnail","6":"product_cat-altres","7":"product_cat-otros","9":"first","10":"instock","11":"taxable","12":"shipping-taxable","13":"purchasable","14":"product-type-simple"},"acf":{"autor":"NANDO L\u00d3PEZ","codart":"849122387","libros-coleccion":"FORA DE COL.LECCI\u00d3","ediciones":"1","encuadernacion":"R\u00fastica","fecha_de_publicacion":"01\/05\/2021","novedad":"1","paginas":"0","subtitulo":"","orden":"0","portada":"0","idioma":"spa","booktrailer":"","resenas":"","editorial":[{"ID":6357,"post_author":"3","post_date":"2022-07-28 17:50:27","post_date_gmt":"2022-07-28 15:50:27","post_content":"","post_title":"Santillana Educaci\u00f3n","post_excerpt":"","post_status":"publish","comment_status":"closed","ping_status":"closed","post_password":"","post_name":"santillana-educacion","to_ping":"","pinged":"","post_modified":"2022-07-28 17:50:27","post_modified_gmt":"2022-07-28 15:50:27","post_content_filtered":"","post_parent":0,"guid":"http:\/\/dev.claret.cat\/editorial\/santillana-educacion\/","menu_order":0,"post_type":"editorial","post_mime_type":"","comment_count":"0","filter":"raw"}]},"aioseo_notices":[],"_links":{"self":[{"href":"https:\/\/www.claret.cat\/es\/wp-json\/wp\/v2\/product\/1046435","targetHints":{"allow":["GET"]}}],"collection":[{"href":"https:\/\/www.claret.cat\/es\/wp-json\/wp\/v2\/product"}],"about":[{"href":"https:\/\/www.claret.cat\/es\/wp-json\/wp\/v2\/types\/product"}],"wp:featuredmedia":[{"embeddable":true,"href":"https:\/\/www.claret.cat\/es\/wp-json\/wp\/v2\/media\/1046436"}],"wp:attachment":[{"href":"https:\/\/www.claret.cat\/es\/wp-json\/wp\/v2\/media?parent=1046435"}],"wp:term":[{"taxonomy":"product_brand","embeddable":true,"href":"https:\/\/www.claret.cat\/es\/wp-json\/wp\/v2\/product_brand?post=1046435"},{"taxonomy":"product_cat","embeddable":true,"href":"https:\/\/www.claret.cat\/es\/wp-json\/wp\/v2\/product_cat?post=1046435"},{"taxonomy":"product_tag","embeddable":true,"href":"https:\/\/www.claret.cat\/es\/wp-json\/wp\/v2\/product_tag?post=1046435"}],"curies":[{"name":"wp","href":"https:\/\/api.w.org\/{rel}","templated":true}]}}