{"id":1046634,"date":"2025-07-15T11:15:04","date_gmt":"2025-07-15T09:15:04","guid":{"rendered":"https:\/\/www.claret.cat\/llibre\/el-corazon-del-mundo-9788474909807\/"},"modified":"2026-02-04T19:17:16","modified_gmt":"2026-02-04T18:17:16","slug":"el-corazon-del-mundo-9788474909807","status":"publish","type":"product","link":"https:\/\/www.claret.cat\/es\/libro\/el-corazon-del-mundo-9788474909807\/","title":{"rendered":"EL CORAZON DEL MUNDO"},"content":{"rendered":"<p>El coraz\u00f3n del mundo es un libro escrito en clave po\u00e9tica que quiere abrir los ojos del coraz\u00f3n del hombre. El coraz\u00f3n del mundo es la Iglesia, nacida del coraz\u00f3n de Cristo. Esta Iglesia, engendrada con dolor en la cruz, engendra cada d\u00eda a Cristo en medio de continuos sufrimientos. Pero en ella se dilata gozosamente el coraz\u00f3n de Cristo hasta convertirse en el coraz\u00f3n del mundo y a trav\u00e9s de ella la sangre de Cristo circula por el cuerpo de la historia. La alianza entre Cristo y la Iglesia constituye el sentido del mundo. Y el sentido del mundo es el amor.<\/p>\n","protected":false},"excerpt":{"rendered":"<p>VON BALTHASAR, HANS URS<\/p>\n","protected":false},"featured_media":1081158,"template":"","meta":{"_acf_changed":false,"om_disable_all_campaigns":false,"rs_blank_template":"","rs_page_bg_color":"","slide_template_v7":"","inline_featured_image":false,"_monsterinsights_skip_tracking":false,"_monsterinsights_sitenote_active":false,"_monsterinsights_sitenote_note":"","_monsterinsights_sitenote_category":0},"product_brand":[],"product_cat":[234,487,91,541],"product_tag":[],"class_list":{"0":"post-1046634","1":"product","2":"type-product","3":"status-publish","4":"has-post-thumbnail","6":"product_cat-cristocentrica","7":"product_cat-cristocentrica-espiritualidad-1_espiritualidad","8":"product_cat-cristologia","9":"product_cat-cristologia-1_espiritualidad-spa","11":"first","12":"instock","13":"taxable","14":"shipping-taxable","15":"purchasable","16":"product-type-simple"},"acf":{"autor":"VON BALTHASAR, HANS URS","codart":"847490980","libros-coleccion":"","ediciones":"1","encuadernacion":"R\u00fastica","fecha_de_publicacion":"08\/06\/2009","novedad":"0","paginas":"197","subtitulo":"","orden":"999","portada":"0","idioma":"spa","booktrailer":"","resenas":"","editorial":[{"ID":262104,"post_author":"3","post_date":"2022-10-24 11:19:59","post_date_gmt":"2022-10-24 09:19:59","post_content":"","post_title":"ENCUENTRO EDITORIAL, S.A.","post_excerpt":"","post_status":"publish","comment_status":"closed","ping_status":"closed","post_password":"","post_name":"encuentro-editorial-s-a","to_ping":"","pinged":"","post_modified":"2022-10-24 11:19:59","post_modified_gmt":"2022-10-24 09:19:59","post_content_filtered":"","post_parent":0,"guid":"http:\/\/dev.claret.cat\/editorial\/encuentro-editorial-s-a\/","menu_order":0,"post_type":"editorial","post_mime_type":"","comment_count":"0","filter":"raw"}],"autores-libros":[{"ID":281105,"post_author":"3","post_date":"2022-12-09 22:05:14","post_date_gmt":"2022-12-09 21:05:14","post_content":"","post_title":"HANS URS VON BALTHASAR","post_excerpt":"","post_status":"publish","comment_status":"closed","ping_status":"closed","post_password":"","post_name":"hans-urs-von-balthasar-3","to_ping":"","pinged":"","post_modified":"2022-12-09 22:05:14","post_modified_gmt":"2022-12-09 21:05:14","post_content_filtered":"","post_parent":0,"guid":"http:\/\/dev.claret.cat\/autor\/hans-urs-von-balthasar-3\/","menu_order":0,"post_type":"autor","post_mime_type":"","comment_count":"0","filter":"raw"}]},"aioseo_notices":[],"_links":{"self":[{"href":"https:\/\/www.claret.cat\/es\/wp-json\/wp\/v2\/product\/1046634","targetHints":{"allow":["GET"]}}],"collection":[{"href":"https:\/\/www.claret.cat\/es\/wp-json\/wp\/v2\/product"}],"about":[{"href":"https:\/\/www.claret.cat\/es\/wp-json\/wp\/v2\/types\/product"}],"wp:featuredmedia":[{"embeddable":true,"href":"https:\/\/www.claret.cat\/es\/wp-json\/wp\/v2\/media\/1081158"}],"wp:attachment":[{"href":"https:\/\/www.claret.cat\/es\/wp-json\/wp\/v2\/media?parent=1046634"}],"wp:term":[{"taxonomy":"product_brand","embeddable":true,"href":"https:\/\/www.claret.cat\/es\/wp-json\/wp\/v2\/product_brand?post=1046634"},{"taxonomy":"product_cat","embeddable":true,"href":"https:\/\/www.claret.cat\/es\/wp-json\/wp\/v2\/product_cat?post=1046634"},{"taxonomy":"product_tag","embeddable":true,"href":"https:\/\/www.claret.cat\/es\/wp-json\/wp\/v2\/product_tag?post=1046634"}],"curies":[{"name":"wp","href":"https:\/\/api.w.org\/{rel}","templated":true}]}}