{"id":104681,"date":"2022-10-12T08:52:42","date_gmt":"2022-10-12T06:52:42","guid":{"rendered":"http:\/\/dev.claret.cat\/producte\/acompanamiento-y-afectividad\/"},"modified":"2024-05-23T06:01:32","modified_gmt":"2024-05-23T04:01:32","slug":"acompanamiento-y-afectividad-9788490239889","status":"publish","type":"product","link":"https:\/\/www.claret.cat\/es\/libro\/acompanamiento-y-afectividad-9788490239889\/","title":{"rendered":"ACOMPA\u00d1AMIENTO Y AFECTIVIDAD"},"content":{"rendered":"<p>El acompa\u00f1amiento espiritual ha sido introducido, con convicci\u00f3n, en todos los itinerarios de educaci\u00f3n en la fe y en los planes de formaci\u00f3n de los agentes pastorales. Al mismo tiempo, la educaci\u00f3n afectivo-sexual contin\u00faa suscitando debate en los \u00e1mbitos social, educativo, cultural y religioso.<\/p>\n<p> Adem\u00e1s de estas dos observaciones, queda claro que, cualquier enfoque coherente para estudiar y reflexionar sobre la realidad actual, requiere una visi\u00f3n multidisciplinar. Solo as\u00ed es posible ofrecer una contribuci\u00f3n v\u00e1lida al trabajo de muchos agentes pastorales. Este es el objetivo la presente publicaci\u00f3n.<\/p>\n<p> Las cuatro relaciones que componen la primera parte re\u00fanen las \u00e1reas multidisciplinares fundamentales para abordar el acompa\u00f1amiento de la afectividad en clave salesiana, como educaci\u00f3n para el amor: las ciencias sociales y de la educaci\u00f3n, la figura del acompa\u00f1ante, las estructuras familiares, la pedagog\u00eda y la espiritualidad.<\/p>\n<p> La segunda parte consta de tres talleres en torno a algunos aspectos significativos del acompa\u00f1amiento afectivo-sexual de los j\u00f3venes de hoy: el debate \u00e9tico planteado por la homosexualidad y la teor\u00eda del g\u00e9nero, una propuesta contextualizada sobre la realidad concreta que viven los j\u00f3venes y la educaci\u00f3n para el amor y para la familia.<\/p>\n<p> En la tercera parte se ofrecen seis propuestas de lectio divina que presentan al ap\u00f3stol Pablo como educador de ap\u00f3stoles.<\/p>\n","protected":false},"excerpt":{"rendered":"<p>ATTARD, FABIO; SANTOS, RANCISCO (editores)<\/p>\n","protected":false},"featured_media":359623,"template":"","meta":{"_acf_changed":false,"om_disable_all_campaigns":false,"rs_blank_template":"","rs_page_bg_color":"","slide_template_v7":"","inline_featured_image":false,"_monsterinsights_skip_tracking":false,"_monsterinsights_sitenote_active":false,"_monsterinsights_sitenote_note":"","_monsterinsights_sitenote_category":0},"product_brand":[],"product_cat":[90,540],"product_tag":[],"class_list":{"0":"post-104681","1":"product","2":"type-product","3":"status-publish","4":"has-post-thumbnail","6":"product_cat-altres","7":"product_cat-otros","9":"first","10":"instock","11":"taxable","12":"shipping-taxable","13":"purchasable","14":"product-type-simple"},"acf":{"editorial":[{"ID":6155,"post_author":"3","post_date":"2022-07-28 17:46:04","post_date_gmt":"2022-07-28 15:46:04","post_content":"","post_title":"Central Catequ\u00edstica Salesiana","post_excerpt":"","post_status":"publish","comment_status":"closed","ping_status":"closed","post_password":"","post_name":"central-catequistica-salesiana","to_ping":"","pinged":"","post_modified":"2022-07-28 17:46:04","post_modified_gmt":"2022-07-28 15:46:04","post_content_filtered":"","post_parent":0,"guid":"http:\/\/dev.claret.cat\/editorial\/central-catequistica-salesiana\/","menu_order":0,"post_type":"editorial","post_mime_type":"","comment_count":"0","filter":"raw"}],"autor":"ATTARD, FABIO; SANTOS, RANCISCO (editores)","codart":"849023988","libros-coleccion":"Don Bosco","ediciones":"1","encuadernacion":"R\u00fastica","fecha_de_publicacion":"06\/10\/2020","novedad":"1","paginas":"244","subtitulo":"EDUCACI\u00d3N PARA EL AMOR EN CLAVE SALESIANA","orden":"0","portada":"0","idioma":"spa","autores-libros":[{"ID":155607,"post_author":"3","post_date":"2022-10-14 15:14:11","post_date_gmt":"2022-10-14 13:14:11","post_content":"","post_title":"FABIO ATTARD","post_excerpt":"","post_status":"publish","comment_status":"closed","ping_status":"closed","post_password":"","post_name":"fabio-attard","to_ping":"","pinged":"","post_modified":"2022-10-14 15:14:11","post_modified_gmt":"2022-10-14 13:14:11","post_content_filtered":"","post_parent":0,"guid":"http:\/\/dev.claret.cat\/autor\/fabio-attard\/","menu_order":0,"post_type":"autor","post_mime_type":"","comment_count":"0","filter":"raw"},{"ID":167774,"post_author":"3","post_date":"2022-10-14 18:13:54","post_date_gmt":"2022-10-14 16:13:54","post_content":"","post_title":"RANCISCO (editores) SANTOS","post_excerpt":"","post_status":"publish","comment_status":"closed","ping_status":"closed","post_password":"","post_name":"rancisco-editores-santos","to_ping":"","pinged":"","post_modified":"2022-10-14 18:13:54","post_modified_gmt":"2022-10-14 16:13:54","post_content_filtered":"","post_parent":0,"guid":"http:\/\/dev.claret.cat\/autor\/rancisco-editores-santos\/","menu_order":0,"post_type":"autor","post_mime_type":"","comment_count":"0","filter":"raw"}]},"aioseo_notices":[],"_links":{"self":[{"href":"https:\/\/www.claret.cat\/es\/wp-json\/wp\/v2\/product\/104681","targetHints":{"allow":["GET"]}}],"collection":[{"href":"https:\/\/www.claret.cat\/es\/wp-json\/wp\/v2\/product"}],"about":[{"href":"https:\/\/www.claret.cat\/es\/wp-json\/wp\/v2\/types\/product"}],"wp:featuredmedia":[{"embeddable":true,"href":"https:\/\/www.claret.cat\/es\/wp-json\/wp\/v2\/media\/359623"}],"wp:attachment":[{"href":"https:\/\/www.claret.cat\/es\/wp-json\/wp\/v2\/media?parent=104681"}],"wp:term":[{"taxonomy":"product_brand","embeddable":true,"href":"https:\/\/www.claret.cat\/es\/wp-json\/wp\/v2\/product_brand?post=104681"},{"taxonomy":"product_cat","embeddable":true,"href":"https:\/\/www.claret.cat\/es\/wp-json\/wp\/v2\/product_cat?post=104681"},{"taxonomy":"product_tag","embeddable":true,"href":"https:\/\/www.claret.cat\/es\/wp-json\/wp\/v2\/product_tag?post=104681"}],"curies":[{"name":"wp","href":"https:\/\/api.w.org\/{rel}","templated":true}]}}