{"id":1046821,"date":"2025-07-15T17:00:02","date_gmt":"2025-07-15T15:00:02","guid":{"rendered":"https:\/\/www.claret.cat\/llibre\/inferno-9788419971999\/"},"modified":"2025-07-15T17:07:08","modified_gmt":"2025-07-15T15:07:08","slug":"inferno-9788419971999","status":"publish","type":"product","link":"https:\/\/www.claret.cat\/es\/libro\/inferno-9788419971999\/","title":{"rendered":"INFERNO"},"content":{"rendered":"<p>Un thriller explosiu on l\u2019art i la ci\u00e8ncia es converteixen en les peces clau d&#8217;una amena\u00e7a que podria canviar el dest\u00ed del m\u00f3n.\u00abEls llocs m\u00e9s obscurs de l&#8217;infern estan reservats per a aquells que mantenen la neutralitat en temps de crisi moral\u00bb.<br \/> El professor de simbologia Robert Langdon es desperta en un hospital a mitja nit amb una ferida al cap. No recorda res de les \u00faltimes trenta-sis hores i tampoc sap quin \u00e9s l\u2019origen de l\u2019objecte macabre que guardava entre les seves pertinences. El professor no triga a adonar-se que posseeix una s\u00e8rie de codis creats per un cient\u00edfic brillant obsessionat amb Inferno, el poema \u00e8pic de Dante Alighieri.<br \/> En Langdon es veu obligat a fugir amb la Sienna Brooks, una jove molt h\u00e0bil que li salva la vida. Junts descobriran una xarxa de passadissos ocults i secrets antics per tot Flor\u00e8ncia, aix\u00ed com un terror\u00edfic paradigma cient\u00edfic que podria utilitzar-se per millorar la vida a la Terra\u2026 o per destruir-la.<\/p>\n","protected":false},"excerpt":{"rendered":"<p>BROWN, DAN<\/p>\n","protected":false},"featured_media":1046822,"template":"","meta":{"_acf_changed":false,"om_disable_all_campaigns":false,"rs_blank_template":"","rs_page_bg_color":"","slide_template_v7":"","inline_featured_image":false,"_monsterinsights_skip_tracking":false,"_monsterinsights_sitenote_active":false,"_monsterinsights_sitenote_note":"","_monsterinsights_sitenote_category":0},"product_brand":[],"product_cat":[127,357],"product_tag":[],"class_list":{"0":"post-1046821","1":"product","2":"type-product","3":"status-publish","4":"has-post-thumbnail","6":"product_cat-novella-contemporania","7":"product_cat-novela-contemporanea","9":"first","10":"instock","11":"taxable","12":"shipping-taxable","13":"purchasable","14":"product-type-simple"},"acf":{"autor":"BROWN, DAN","codart":"841997199","libros-coleccion":"","ediciones":"1","encuadernacion":"R\u00fastica","fecha_de_publicacion":"01\/07\/2025","novedad":"1","paginas":"640","subtitulo":"S\u00c8RIE ROBERT LANGDON","orden":"0","portada":"0","idioma":"cat","booktrailer":"","resenas":"","editorial":[{"ID":6281,"post_author":"3","post_date":"2022-07-28 17:48:50","post_date_gmt":"2022-07-28 15:48:50","post_content":"","post_title":"LABUTXACA","post_excerpt":"","post_status":"publish","comment_status":"closed","ping_status":"closed","post_password":"","post_name":"labutxaca","to_ping":"","pinged":"","post_modified":"2022-07-28 17:48:50","post_modified_gmt":"2022-07-28 15:48:50","post_content_filtered":"","post_parent":0,"guid":"http:\/\/dev.claret.cat\/editorial\/labutxaca\/","menu_order":0,"post_type":"editorial","post_mime_type":"","comment_count":"0","filter":"raw"}]},"aioseo_notices":[],"_links":{"self":[{"href":"https:\/\/www.claret.cat\/es\/wp-json\/wp\/v2\/product\/1046821","targetHints":{"allow":["GET"]}}],"collection":[{"href":"https:\/\/www.claret.cat\/es\/wp-json\/wp\/v2\/product"}],"about":[{"href":"https:\/\/www.claret.cat\/es\/wp-json\/wp\/v2\/types\/product"}],"wp:featuredmedia":[{"embeddable":true,"href":"https:\/\/www.claret.cat\/es\/wp-json\/wp\/v2\/media\/1046822"}],"wp:attachment":[{"href":"https:\/\/www.claret.cat\/es\/wp-json\/wp\/v2\/media?parent=1046821"}],"wp:term":[{"taxonomy":"product_brand","embeddable":true,"href":"https:\/\/www.claret.cat\/es\/wp-json\/wp\/v2\/product_brand?post=1046821"},{"taxonomy":"product_cat","embeddable":true,"href":"https:\/\/www.claret.cat\/es\/wp-json\/wp\/v2\/product_cat?post=1046821"},{"taxonomy":"product_tag","embeddable":true,"href":"https:\/\/www.claret.cat\/es\/wp-json\/wp\/v2\/product_tag?post=1046821"}],"curies":[{"name":"wp","href":"https:\/\/api.w.org\/{rel}","templated":true}]}}