{"id":1046961,"date":"2025-07-16T16:50:46","date_gmt":"2025-07-16T14:50:46","guid":{"rendered":"https:\/\/www.claret.cat\/llibre\/time-out-parisguia-de-viaje-con-pasatiempos-9789493361676\/"},"modified":"2025-07-16T17:00:48","modified_gmt":"2025-07-16T15:00:48","slug":"time-out-parisguia-de-viaje-con-pasatiempos-9789493361676","status":"publish","type":"product","link":"https:\/\/www.claret.cat\/es\/libro\/time-out-parisguia-de-viaje-con-pasatiempos-9789493361676\/","title":{"rendered":"TIME OUT PARIS-GU\u00cdA DE VIAJE CON PASATIEMPOS"},"content":{"rendered":"<p>Time Out Par\u00eds &#8211; Gu\u00eda de viaje con pasatiempos es la mejor forma de conocer la ciudad y pasar un rato muy entretenido con todos sus juegos. Con los lugares que no te puedes perder y los que no encontrar\u00e1s en otras gu\u00edas. Para empacharte de belleza, enamorarte de la gastronom\u00eda, exprimir Par\u00eds cuando empieza a ponerse el sol&#8230; \u00a1y mucho m\u00e1s! \u00a1TIME OUT PAR\u00cdS ES TU NUEVA GU\u00cdA FAVORITA!<\/p>\n","protected":false},"excerpt":{"rendered":"<p>AA.VV.<\/p>\n","protected":false},"featured_media":1046962,"template":"","meta":{"_acf_changed":false,"om_disable_all_campaigns":false,"rs_blank_template":"","rs_page_bg_color":"","slide_template_v7":"","inline_featured_image":false,"_monsterinsights_skip_tracking":false,"_monsterinsights_sitenote_active":false,"_monsterinsights_sitenote_note":"","_monsterinsights_sitenote_category":0},"product_brand":[],"product_cat":[557,107],"product_tag":[],"class_list":{"0":"post-1046961","1":"product","2":"type-product","3":"status-publish","4":"has-post-thumbnail","6":"product_cat-guias-de-viaje","7":"product_cat-guies-de-viatge","9":"first","10":"instock","11":"taxable","12":"shipping-taxable","13":"purchasable","14":"product-type-simple"},"acf":{"autor":"AA.VV.","codart":"949336167","libros-coleccion":"FORA DE COL.LECCI\u00d3","ediciones":"1","encuadernacion":"R\u00fastica","fecha_de_publicacion":"01\/07\/2025","novedad":"1","paginas":"114","subtitulo":"","orden":"0","portada":"0","idioma":"spa","booktrailer":"","resenas":"","editorial":[{"ID":6305,"post_author":"3","post_date":"2022-07-28 17:49:20","post_date_gmt":"2022-07-28 15:49:20","post_content":"","post_title":"MEGASTAR","post_excerpt":"","post_status":"publish","comment_status":"closed","ping_status":"closed","post_password":"","post_name":"megastar","to_ping":"","pinged":"","post_modified":"2022-07-28 17:49:20","post_modified_gmt":"2022-07-28 15:49:20","post_content_filtered":"","post_parent":0,"guid":"http:\/\/dev.claret.cat\/editorial\/megastar\/","menu_order":0,"post_type":"editorial","post_mime_type":"","comment_count":"0","filter":"raw"}]},"aioseo_notices":[],"_links":{"self":[{"href":"https:\/\/www.claret.cat\/es\/wp-json\/wp\/v2\/product\/1046961","targetHints":{"allow":["GET"]}}],"collection":[{"href":"https:\/\/www.claret.cat\/es\/wp-json\/wp\/v2\/product"}],"about":[{"href":"https:\/\/www.claret.cat\/es\/wp-json\/wp\/v2\/types\/product"}],"wp:featuredmedia":[{"embeddable":true,"href":"https:\/\/www.claret.cat\/es\/wp-json\/wp\/v2\/media\/1046962"}],"wp:attachment":[{"href":"https:\/\/www.claret.cat\/es\/wp-json\/wp\/v2\/media?parent=1046961"}],"wp:term":[{"taxonomy":"product_brand","embeddable":true,"href":"https:\/\/www.claret.cat\/es\/wp-json\/wp\/v2\/product_brand?post=1046961"},{"taxonomy":"product_cat","embeddable":true,"href":"https:\/\/www.claret.cat\/es\/wp-json\/wp\/v2\/product_cat?post=1046961"},{"taxonomy":"product_tag","embeddable":true,"href":"https:\/\/www.claret.cat\/es\/wp-json\/wp\/v2\/product_tag?post=1046961"}],"curies":[{"name":"wp","href":"https:\/\/api.w.org\/{rel}","templated":true}]}}