{"id":1047187,"date":"2025-07-17T16:25:24","date_gmt":"2025-07-17T14:25:24","guid":{"rendered":"https:\/\/www.claret.cat\/llibre\/juegos-de-escape-volumen-3-9788441549913\/"},"modified":"2025-07-17T16:40:42","modified_gmt":"2025-07-17T14:40:42","slug":"juegos-de-escape-volumen-3-9788441549913","status":"publish","type":"product","link":"https:\/\/www.claret.cat\/es\/libro\/juegos-de-escape-volumen-3-9788441549913\/","title":{"rendered":"JUEGOS DE ESCAPE. VOLUMEN 3"},"content":{"rendered":"<p>En los juegos de escape tu objetivo es poner a trabajar todas tus capacidades cerebrales con un \u00fanico objetivo: encontrar la clave para salir de la habitaci\u00f3n.Los llamados escape room son un entretenimiento de moda en el que los participantes acceden a un lugar, normalmente compuesto por varias salas decoradas seg\u00fan el ambiente que se pretende recrear, y en el que los participantes son encerrados mediante una puerta de acceso que solo se puede traspasar para salir si se acierta con la combinaci\u00f3n adecuada para su apertura. Dicha combinaci\u00f3n se deduce a partir de pruebas dispuestas en el interior de las habitaciones que los jugadores, que normalmente van en grupo, deben descubrir y descifrar.En el libro que tienes en tus manos hemos pensado en algo parecido: cada cap\u00edtulo se refiere a un tema, con la descripci\u00f3n de un entorno relacionado y varios pasatiempos o actividades que te permitir\u00e1n deducir la clave final de salida. Tendr\u00e1s a tu disposici\u00f3n 14 salas y m\u00e1s de 120<br \/> pasatiempos, todos ellos muy variados y originales, que pondr\u00e1n a prueba tu<br \/> habilidad para escapar.<\/p>\n","protected":false},"excerpt":{"rendered":"<p>FONSECA GARC\u00cdA, AGUST\u00cdN<\/p>\n","protected":false},"featured_media":1047221,"template":"","meta":{"_acf_changed":false,"om_disable_all_campaigns":false,"rs_blank_template":"","rs_page_bg_color":"","slide_template_v7":"","inline_featured_image":false,"_monsterinsights_skip_tracking":false,"_monsterinsights_sitenote_active":false,"_monsterinsights_sitenote_note":"","_monsterinsights_sitenote_category":0},"product_brand":[],"product_cat":[90,540],"product_tag":[],"class_list":{"0":"post-1047187","1":"product","2":"type-product","3":"status-publish","4":"has-post-thumbnail","6":"product_cat-altres","7":"product_cat-otros","9":"first","10":"instock","11":"taxable","12":"shipping-taxable","13":"purchasable","14":"product-type-simple"},"acf":{"autor":"FONSECA GARC\u00cdA, AGUST\u00cdN","codart":"844154991","libros-coleccion":"Libros Singulares","ediciones":"1","encuadernacion":"R\u00fastica","fecha_de_publicacion":"01\/04\/2024","novedad":"1","paginas":"176","subtitulo":"PASATIEMPOS PARA ENTRENAR TU CEREBRO","orden":"0","portada":"0","idioma":"spa","booktrailer":"","resenas":"","editorial":[{"ID":147434,"post_author":"3","post_date":"2022-10-14 11:50:33","post_date_gmt":"2022-10-14 09:50:33","post_content":"","post_title":"ANAYA MULTIMEDIA","post_excerpt":"","post_status":"publish","comment_status":"closed","ping_status":"closed","post_password":"","post_name":"anaya-multimedia","to_ping":"","pinged":"","post_modified":"2022-10-14 11:50:33","post_modified_gmt":"2022-10-14 09:50:33","post_content_filtered":"","post_parent":0,"guid":"http:\/\/dev.claret.cat\/editorial\/anaya-multimedia\/","menu_order":0,"post_type":"editorial","post_mime_type":"","comment_count":"0","filter":"raw"}]},"aioseo_notices":[],"_links":{"self":[{"href":"https:\/\/www.claret.cat\/es\/wp-json\/wp\/v2\/product\/1047187","targetHints":{"allow":["GET"]}}],"collection":[{"href":"https:\/\/www.claret.cat\/es\/wp-json\/wp\/v2\/product"}],"about":[{"href":"https:\/\/www.claret.cat\/es\/wp-json\/wp\/v2\/types\/product"}],"wp:featuredmedia":[{"embeddable":true,"href":"https:\/\/www.claret.cat\/es\/wp-json\/wp\/v2\/media\/1047221"}],"wp:attachment":[{"href":"https:\/\/www.claret.cat\/es\/wp-json\/wp\/v2\/media?parent=1047187"}],"wp:term":[{"taxonomy":"product_brand","embeddable":true,"href":"https:\/\/www.claret.cat\/es\/wp-json\/wp\/v2\/product_brand?post=1047187"},{"taxonomy":"product_cat","embeddable":true,"href":"https:\/\/www.claret.cat\/es\/wp-json\/wp\/v2\/product_cat?post=1047187"},{"taxonomy":"product_tag","embeddable":true,"href":"https:\/\/www.claret.cat\/es\/wp-json\/wp\/v2\/product_tag?post=1047187"}],"curies":[{"name":"wp","href":"https:\/\/api.w.org\/{rel}","templated":true}]}}