{"id":1047368,"date":"2025-07-18T11:30:02","date_gmt":"2025-07-18T09:30:02","guid":{"rendered":"https:\/\/www.claret.cat\/llibre\/6-episodios-de-una-guerra-9788435064798\/"},"modified":"2025-07-18T16:55:32","modified_gmt":"2025-07-18T14:55:32","slug":"6-episodios-de-una-guerra-9788435064798","status":"publish","type":"product","link":"https:\/\/www.claret.cat\/es\/libro\/6-episodios-de-una-guerra-9788435064798\/","title":{"rendered":"6. EPISODIOS DE UNA GUERRA"},"content":{"rendered":"<p>Corre el a\u00f1o 1812, y el capit\u00e1n Aubrey sonr\u00ede, satisfecho. Aun en las lejanas Indias Orientales holandesas, ha recibido una muy buena noticia: lo han nombrado comandante de la fragata m\u00e1s r\u00e1pida y mejor armada de la flota brit\u00e1nica, un nav\u00edo excepcional. Dispuesto a tomar posesi\u00f3n cuanto antes de su nuevo cargo, se embarca enseguida junto a su inseparable Stephen Maturin en un barco de enlace que ha de conducirlos hasta Inglaterra. Pero, cuando ya se encuentran en alta mar, estalla la guerra con los Estados Unidos, y la en principio pac\u00edfica traves\u00eda de vuelta al hogar se convierte en un peligroso viaje, repleto de amenazas y violencia. Y, entretanto, el pasado de Stephen Maturin como agente secreto sale a la luz&#8230; La batalla no ha hecho m\u00e1s que comenzar.<\/p>\n","protected":false},"excerpt":{"rendered":"<p>O&#8221;BRIAN, PATRICK<\/p>\n","protected":false},"featured_media":1047404,"template":"","meta":{"_acf_changed":false,"om_disable_all_campaigns":false,"rs_blank_template":"","rs_page_bg_color":"","slide_template_v7":"","inline_featured_image":false,"_monsterinsights_skip_tracking":false,"_monsterinsights_sitenote_active":false,"_monsterinsights_sitenote_note":"","_monsterinsights_sitenote_category":0},"product_brand":[],"product_cat":[130,360],"product_tag":[],"class_list":{"0":"post-1047368","1":"product","2":"type-product","3":"status-publish","4":"has-post-thumbnail","6":"product_cat-novella-historica-i-ficcio","7":"product_cat-novela-historica-y-ficcion","9":"first","10":"instock","11":"taxable","12":"shipping-taxable","13":"purchasable","14":"product-type-simple"},"acf":{"autor":"O''BRIAN, PATRICK","codart":"843506479","libros-coleccion":"Narrativas Hist\u00f3ricas","ediciones":"1","encuadernacion":"R\u00fastica","fecha_de_publicacion":"01\/07\/2025","novedad":"1","paginas":"412","subtitulo":"","orden":"0","portada":"0","idioma":"spa","booktrailer":"","resenas":"","editorial":[{"ID":147773,"post_author":"3","post_date":"2022-10-14 11:53:07","post_date_gmt":"2022-10-14 09:53:07","post_content":"","post_title":"EDHASA","post_excerpt":"","post_status":"publish","comment_status":"closed","ping_status":"closed","post_password":"","post_name":"edhasa","to_ping":"","pinged":"","post_modified":"2022-10-14 11:53:07","post_modified_gmt":"2022-10-14 09:53:07","post_content_filtered":"","post_parent":0,"guid":"http:\/\/dev.claret.cat\/editorial\/edhasa\/","menu_order":0,"post_type":"editorial","post_mime_type":"","comment_count":"0","filter":"raw"}]},"aioseo_notices":[],"_links":{"self":[{"href":"https:\/\/www.claret.cat\/es\/wp-json\/wp\/v2\/product\/1047368","targetHints":{"allow":["GET"]}}],"collection":[{"href":"https:\/\/www.claret.cat\/es\/wp-json\/wp\/v2\/product"}],"about":[{"href":"https:\/\/www.claret.cat\/es\/wp-json\/wp\/v2\/types\/product"}],"wp:featuredmedia":[{"embeddable":true,"href":"https:\/\/www.claret.cat\/es\/wp-json\/wp\/v2\/media\/1047404"}],"wp:attachment":[{"href":"https:\/\/www.claret.cat\/es\/wp-json\/wp\/v2\/media?parent=1047368"}],"wp:term":[{"taxonomy":"product_brand","embeddable":true,"href":"https:\/\/www.claret.cat\/es\/wp-json\/wp\/v2\/product_brand?post=1047368"},{"taxonomy":"product_cat","embeddable":true,"href":"https:\/\/www.claret.cat\/es\/wp-json\/wp\/v2\/product_cat?post=1047368"},{"taxonomy":"product_tag","embeddable":true,"href":"https:\/\/www.claret.cat\/es\/wp-json\/wp\/v2\/product_tag?post=1047368"}],"curies":[{"name":"wp","href":"https:\/\/api.w.org\/{rel}","templated":true}]}}