{"id":104743,"date":"2022-10-12T08:53:36","date_gmt":"2022-10-12T06:53:36","guid":{"rendered":"http:\/\/dev.claret.cat\/producte\/el-verdadero-tercer-hombre\/"},"modified":"2023-01-28T03:25:13","modified_gmt":"2023-01-28T02:25:13","slug":"el-verdadero-tercer-hombre-9788412055887","status":"publish","type":"product","link":"https:\/\/www.claret.cat\/es\/libro\/el-verdadero-tercer-hombre-9788412055887\/","title":{"rendered":"EL VERDADERO TERCER HOMBRE"},"content":{"rendered":"<p>Poca gente sabe que cuando Graham Greene recorr\u00eda Espa\u00f1a con el cura Leopoldo Dur\u00e1n iba con ellos un profesor de ingl\u00e9s, Aurelio Verde, el padre de la autora.<br \/>El verdadero tercer hombre es una road movie literaria de tres amigos que viajan en un Seat 1430 por una Espa\u00f1a que est\u00e1 cambiando para siempre. Tres hombres muy diferentes, que se quieren, se pelean, se r\u00eden, se emborrachan y tiran de carretera y manta durante once a\u00f1os de sus vidas. Pero Graham Greene y el padre de la autora son dos hombres bipolares; creativos, geniales cuando est\u00e1n de buen humor, oscuros cuando la depresi\u00f3n y la irritaci\u00f3n acechan.<br \/>Una historia de creaci\u00f3n literaria, de viajes, de amistad masculina hasta el final, de familias infelices e hijos que sufren las consecuencias de tener a un padre que padece un trastorno bipolar<\/p>\n","protected":false},"excerpt":{"rendered":"<p>VERDE, NURIA<\/p>\n","protected":false},"featured_media":104744,"template":"","meta":{"_acf_changed":false,"om_disable_all_campaigns":false,"rs_blank_template":"","rs_page_bg_color":"","slide_template_v7":"","inline_featured_image":false,"_monsterinsights_skip_tracking":false,"_monsterinsights_sitenote_active":false,"_monsterinsights_sitenote_note":"","_monsterinsights_sitenote_category":0},"product_brand":[],"product_cat":[127],"product_tag":[],"class_list":{"0":"post-104743","1":"product","2":"type-product","3":"status-publish","4":"has-post-thumbnail","6":"product_cat-novella-contemporania","8":"first","9":"instock","10":"taxable","11":"shipping-taxable","12":"purchasable","13":"product-type-simple"},"acf":{"editorial":[{"ID":147800,"post_author":"3","post_date":"2022-10-14 11:53:19","post_date_gmt":"2022-10-14 09:53:19","post_content":"","post_title":"EDICIONES DEL VIENTO,S.L","post_excerpt":"","post_status":"publish","comment_status":"closed","ping_status":"closed","post_password":"","post_name":"ediciones-del-vientos-l","to_ping":"","pinged":"","post_modified":"2022-10-14 11:53:19","post_modified_gmt":"2022-10-14 09:53:19","post_content_filtered":"","post_parent":0,"guid":"http:\/\/dev.claret.cat\/editorial\/ediciones-del-vientos-l\/","menu_order":0,"post_type":"editorial","post_mime_type":"","comment_count":"0","filter":"raw"}],"autores-libros":[{"ID":166070,"post_author":"3","post_date":"2022-10-14 18:00:11","post_date_gmt":"2022-10-14 16:00:11","post_content":"","post_title":"NURIA VERDE","post_excerpt":"","post_status":"publish","comment_status":"closed","ping_status":"closed","post_password":"","post_name":"nuria-verde","to_ping":"","pinged":"","post_modified":"2022-10-14 18:00:11","post_modified_gmt":"2022-10-14 16:00:11","post_content_filtered":"","post_parent":0,"guid":"http:\/\/dev.claret.cat\/autor\/nuria-verde\/","menu_order":0,"post_type":"autor","post_mime_type":"","comment_count":"0","filter":"raw"}],"autor":"VERDE, NURIA","codart":"841205588","libros-coleccion":"Viento Abierto","ediciones":"1","encuadernacion":"R\u00fastica","fecha_de_publicacion":"01\/10\/2020","novedad":"1","paginas":"316","subtitulo":"","orden":"0","portada":"0","idioma":"spa"},"aioseo_notices":[],"_links":{"self":[{"href":"https:\/\/www.claret.cat\/es\/wp-json\/wp\/v2\/product\/104743","targetHints":{"allow":["GET"]}}],"collection":[{"href":"https:\/\/www.claret.cat\/es\/wp-json\/wp\/v2\/product"}],"about":[{"href":"https:\/\/www.claret.cat\/es\/wp-json\/wp\/v2\/types\/product"}],"wp:featuredmedia":[{"embeddable":true,"href":"https:\/\/www.claret.cat\/es\/wp-json\/wp\/v2\/media\/104744"}],"wp:attachment":[{"href":"https:\/\/www.claret.cat\/es\/wp-json\/wp\/v2\/media?parent=104743"}],"wp:term":[{"taxonomy":"product_brand","embeddable":true,"href":"https:\/\/www.claret.cat\/es\/wp-json\/wp\/v2\/product_brand?post=104743"},{"taxonomy":"product_cat","embeddable":true,"href":"https:\/\/www.claret.cat\/es\/wp-json\/wp\/v2\/product_cat?post=104743"},{"taxonomy":"product_tag","embeddable":true,"href":"https:\/\/www.claret.cat\/es\/wp-json\/wp\/v2\/product_tag?post=104743"}],"curies":[{"name":"wp","href":"https:\/\/api.w.org\/{rel}","templated":true}]}}