{"id":1047646,"date":"2025-07-21T16:10:37","date_gmt":"2025-07-21T14:10:37","guid":{"rendered":"https:\/\/www.claret.cat\/llibre\/carmelo-descalzo-y-humanismo-9788410023918\/"},"modified":"2025-07-22T15:20:44","modified_gmt":"2025-07-22T13:20:44","slug":"carmelo-descalzo-y-humanismo-9788410023918","status":"publish","type":"product","link":"https:\/\/www.claret.cat\/es\/libro\/carmelo-descalzo-y-humanismo-9788410023918\/","title":{"rendered":"CARMELO DESCALZO  Y HUMANISMO"},"content":{"rendered":"<p>Este volumen presenta una <strong>investigaci\u00f3n profunda sobre la recepci\u00f3n del patrimonio teresiano y sanjuanista en Italia<\/strong>, desde la <strong>Edad Moderna hasta la Contemporaneidad<\/strong>. El estudio se basa en un <strong>enfoque filos\u00f3fico<\/strong> siguiendo la metodolog\u00eda de los <strong>fil\u00f3sofos hisp\u00e1nicos<\/strong>, y propone un <strong>di\u00e1logo interdisciplinario<\/strong> constante con diversas disciplinas de las <strong>humanidades<\/strong>: <strong>historia<\/strong>, <strong>literatura<\/strong>, <strong>filolog\u00eda<\/strong>, <strong>arte<\/strong>, <strong>teolog\u00eda<\/strong> y <strong>psicolog\u00eda<\/strong>.<\/p>\n<p>El hilo conductor de este trabajo es la <strong>tradici\u00f3n del Humanismo<\/strong>, de ra\u00edz <strong>renacentista italiana<\/strong>, contexto en el que surgi\u00f3 la <strong>Reforma del Carmelo Descalzo<\/strong>. La <strong>primera parte<\/strong> del volumen analiza esta reforma desde sus <strong>bases hist\u00f3ricas<\/strong> y las <strong>ra\u00edces medievales y renacentistas<\/strong> de la <strong>m\u00edstica italo-espa\u00f1ola<\/strong>, adoptando una mirada <strong>filol\u00f3gica y filos\u00f3fica<\/strong>. Tambi\u00e9n se estudia el <strong>impacto de Teresa de Jes\u00fas y Juan de la Cruz<\/strong> en el <strong>mundo editorial italiano<\/strong>.<\/p>\n<p>La <strong>segunda<\/strong> y <strong>tercera parte<\/strong> \u2014esta \u00faltima centrada en la <strong>aportaci\u00f3n del Concilio Vaticano II<\/strong>\u2014 ofrecen una reconstrucci\u00f3n de la <strong>recepci\u00f3n del magisterio de Teresa de Jes\u00fas y San Juan de la Cruz en Italia<\/strong>, desde el siglo XVI hasta nuestros d\u00edas. Se ha realizado una <strong>selecci\u00f3n de autores clave<\/strong> cuya obra encarna la <strong>tradici\u00f3n humanista<\/strong> que inspir\u00f3 la <strong>Reforma carmelitana<\/strong>. Cada uno de ellos ha recibido el <strong>legado teresiano y sanjuanista<\/strong> como una respuesta a los <strong>problemas sociohist\u00f3ricos<\/strong> de su \u00e9poca, defendiendo la <strong>dignidad del ser humano<\/strong>, la <strong>libertad de pensamiento<\/strong> y la <strong>libertad religiosa<\/strong>.<\/p>\n","protected":false},"excerpt":{"rendered":"<p>TARTABINI, VER\u00d3NICA<\/p>\n","protected":false},"featured_media":1047749,"template":"","meta":{"_acf_changed":false,"om_disable_all_campaigns":false,"rs_blank_template":"","rs_page_bg_color":"","slide_template_v7":"","inline_featured_image":false,"_monsterinsights_skip_tracking":false,"_monsterinsights_sitenote_active":false,"_monsterinsights_sitenote_note":"","_monsterinsights_sitenote_category":0},"product_brand":[],"product_cat":[242,492],"product_tag":[],"class_list":{"0":"post-1047646","1":"product","2":"type-product","3":"status-publish","4":"has-post-thumbnail","6":"product_cat-carmelitana","7":"product_cat-carmelitana-espiritualidad-1_espiritualidad","9":"first","10":"instock","11":"taxable","12":"shipping-taxable","13":"purchasable","14":"product-type-simple"},"acf":{"autor":"TARTABINI, VER\u00d3NICA","codart":"841002391","libros-coleccion":"","ediciones":"1","encuadernacion":"R\u00fastica","fecha_de_publicacion":"21\/07\/2025","novedad":"1","paginas":"540","subtitulo":"ITINERARIOS DE HERMOSURA Y DIGNIDAD ENTRE ESPA\u00d1A E ITALIA ","orden":"0","portada":"1","idioma":"spa","booktrailer":"","resenas":"","editorial":[{"ID":6309,"post_author":"3","post_date":"2022-07-28 17:49:25","post_date_gmt":"2022-07-28 15:49:25","post_content":"","post_title":"Monte Carmelo","post_excerpt":"","post_status":"publish","comment_status":"closed","ping_status":"closed","post_password":"","post_name":"monte-carmelo","to_ping":"","pinged":"","post_modified":"2022-07-28 17:49:25","post_modified_gmt":"2022-07-28 15:49:25","post_content_filtered":"","post_parent":0,"guid":"http:\/\/dev.claret.cat\/editorial\/monte-carmelo\/","menu_order":0,"post_type":"editorial","post_mime_type":"","comment_count":"0","filter":"raw"}]},"aioseo_notices":[],"_links":{"self":[{"href":"https:\/\/www.claret.cat\/es\/wp-json\/wp\/v2\/product\/1047646","targetHints":{"allow":["GET"]}}],"collection":[{"href":"https:\/\/www.claret.cat\/es\/wp-json\/wp\/v2\/product"}],"about":[{"href":"https:\/\/www.claret.cat\/es\/wp-json\/wp\/v2\/types\/product"}],"wp:featuredmedia":[{"embeddable":true,"href":"https:\/\/www.claret.cat\/es\/wp-json\/wp\/v2\/media\/1047749"}],"wp:attachment":[{"href":"https:\/\/www.claret.cat\/es\/wp-json\/wp\/v2\/media?parent=1047646"}],"wp:term":[{"taxonomy":"product_brand","embeddable":true,"href":"https:\/\/www.claret.cat\/es\/wp-json\/wp\/v2\/product_brand?post=1047646"},{"taxonomy":"product_cat","embeddable":true,"href":"https:\/\/www.claret.cat\/es\/wp-json\/wp\/v2\/product_cat?post=1047646"},{"taxonomy":"product_tag","embeddable":true,"href":"https:\/\/www.claret.cat\/es\/wp-json\/wp\/v2\/product_tag?post=1047646"}],"curies":[{"name":"wp","href":"https:\/\/api.w.org\/{rel}","templated":true}]}}