{"id":1047698,"date":"2025-07-22T09:40:03","date_gmt":"2025-07-22T07:40:03","guid":{"rendered":"https:\/\/www.claret.cat\/llibre\/gracia-illustrada-9788409004706\/"},"modified":"2026-01-20T17:09:22","modified_gmt":"2026-01-20T16:09:22","slug":"gracia-illustrada-9788409004706","status":"publish","type":"product","link":"https:\/\/www.claret.cat\/es\/libro\/gracia-illustrada-9788409004706\/","title":{"rendered":"GR\u00c0CIA IL\u00b7LUSTRADA"},"content":{"rendered":"<p>Gr\u00e0cia il\u00b7lustrada. 31 racons graciencs \u00e9s un recull d\u2019il\u00b7lustracions de C\u00e8lia Vall\u00e8s i Pi dels llocs m\u00e9s emblem\u00e0tics de l\u2019antiga vila del Pla de Barcelona, amb textos de Josep Maria Contel i Ruiz, i pr\u00f2leg del conseller de Cultura Llu\u00eds Puig i Gordi. Com si fos un itinerari guiat pels carrers i places de l\u2019antic municipi, el lector va descobrint la personalitat i el tarann\u00e0 urb\u00e0 d\u2019una comunitat humana plena d\u2019hist\u00f2ria. 31 racons que ens ofereixen la vitalitat de l\u2019\u00e0nima d\u2019una vila que no vol perdre les seves arrels i preserva amb for\u00e7a el seu passat tot vivint-lo en el present i projectant-lo cap al futur. \u00c9s l\u2019orgull de seguir baixant a Barcelona.<\/p>\n<p>Il\u00b7lustracions de C\u00e8lia Vall\u00e8s i Pi<\/p>\n<p>Textos de Josep Maria Contel i Ru\u00edz<\/p>\n","protected":false},"excerpt":{"rendered":"<p>VALL\u00c8S I PI, C\u00c8LIA \/ CONTEL I RU\u00cdZ, JOSEP MARIA<\/p>\n","protected":false},"featured_media":1075278,"template":"","meta":{"_acf_changed":false,"om_disable_all_campaigns":false,"rs_blank_template":"","rs_page_bg_color":"","slide_template_v7":"","inline_featured_image":false,"_monsterinsights_skip_tracking":false,"_monsterinsights_sitenote_active":false,"_monsterinsights_sitenote_note":"","_monsterinsights_sitenote_category":0},"product_brand":[],"product_cat":[105,555],"product_tag":[],"class_list":{"0":"post-1047698","1":"product","2":"type-product","3":"status-publish","4":"has-post-thumbnail","6":"product_cat-regal","7":"product_cat-regalo","9":"first","10":"instock","11":"taxable","12":"shipping-taxable","13":"purchasable","14":"product-type-simple"},"acf":{"autor":"VALL\u00c8S I PI, C\u00c8LIA \/ CONTEL I RU\u00cdZ, JOSEP MARIA","codart":"840900470","libros-coleccion":"FORA DE COL.LECCI\u00d3","ediciones":"1","encuadernacion":"Carton\u00e9","fecha_de_publicacion":"01\/04\/2018","novedad":"1","paginas":"80","subtitulo":"31 RACONS GRACIENCS","orden":"0","portada":"0","idioma":"cat","booktrailer":"","resenas":"","editorial":[{"ID":148457,"post_author":"3","post_date":"2022-10-14 11:58:23","post_date_gmt":"2022-10-14 09:58:23","post_content":"","post_title":"LLOP ROIG. LLIBRES I CULTURA","post_excerpt":"","post_status":"publish","comment_status":"closed","ping_status":"closed","post_password":"","post_name":"llop-roig-llibres-i-cultura","to_ping":"","pinged":"","post_modified":"2022-10-14 11:58:23","post_modified_gmt":"2022-10-14 09:58:23","post_content_filtered":"","post_parent":0,"guid":"http:\/\/dev.claret.cat\/editorial\/llop-roig-llibres-i-cultura\/","menu_order":0,"post_type":"editorial","post_mime_type":"","comment_count":"0","filter":"raw"}]},"aioseo_notices":[],"_links":{"self":[{"href":"https:\/\/www.claret.cat\/es\/wp-json\/wp\/v2\/product\/1047698","targetHints":{"allow":["GET"]}}],"collection":[{"href":"https:\/\/www.claret.cat\/es\/wp-json\/wp\/v2\/product"}],"about":[{"href":"https:\/\/www.claret.cat\/es\/wp-json\/wp\/v2\/types\/product"}],"wp:featuredmedia":[{"embeddable":true,"href":"https:\/\/www.claret.cat\/es\/wp-json\/wp\/v2\/media\/1075278"}],"wp:attachment":[{"href":"https:\/\/www.claret.cat\/es\/wp-json\/wp\/v2\/media?parent=1047698"}],"wp:term":[{"taxonomy":"product_brand","embeddable":true,"href":"https:\/\/www.claret.cat\/es\/wp-json\/wp\/v2\/product_brand?post=1047698"},{"taxonomy":"product_cat","embeddable":true,"href":"https:\/\/www.claret.cat\/es\/wp-json\/wp\/v2\/product_cat?post=1047698"},{"taxonomy":"product_tag","embeddable":true,"href":"https:\/\/www.claret.cat\/es\/wp-json\/wp\/v2\/product_tag?post=1047698"}],"curies":[{"name":"wp","href":"https:\/\/api.w.org\/{rel}","templated":true}]}}