{"id":1048,"date":"2022-07-27T15:43:47","date_gmt":"2022-07-27T13:43:47","guid":{"rendered":"http:\/\/dev.claret.cat\/producto\/las-misiones-populares-del-padre-claret-en-cataluna-entre-1840-y-1850-9788491362364\/"},"modified":"2024-05-23T04:17:46","modified_gmt":"2024-05-23T02:17:46","slug":"las-misiones-populares-del-padre-claret-en-cataluna-entre-1840-y-1850-9788491362364","status":"publish","type":"product","link":"https:\/\/www.claret.cat\/es\/libro\/las-misiones-populares-del-padre-claret-en-cataluna-entre-1840-y-1850-9788491362364\/","title":{"rendered":"LAS MISIONES POPULARES DEL PADRE CLARET EN CATALU\u00d1A ENTRE 1840 Y 1850"},"content":{"rendered":"<p>Las misiones populares predicadas por el P. Claret en Catalu\u00f1a, 81 en total, constituyen un modelo de nueva evangelizaci\u00f3n en tiempos de crisis. Urgido por fuego apost\u00f3lico, fue valiente para comenzar a predicar misiones en un contexto socio-pol\u00edtico en el que parec\u00eda imposible, pues la Iglesia espa\u00f1ola se encontraba sumida en la par\u00e1lisis pastoral a ra\u00edz de los duros golpes recibidos por la revoluci\u00f3n liberal en las primeras d\u00e9cadas del siglo XIX. Ante las dificultades y el estricto control policial de la predicaci\u00f3n, fue creativo para reducir las aparatosas misiones de la \u00e9poca precedente a sus elementos esenciales, de tal forma que el pueblo crisitano pudo volver a escuchar la Palabra de Dios y celebrar la Reconciliaci\u00f3n con sencillez y fervor. Al final, el P. Claret consigui\u00f3 revitalizar la evangelizaci\u00f3n de su tiempo a trav\u00e9s de un plan estrat\u00e9gico que abarcaba tambi\u00e9n la ddifusi\u00f3n de libros, la promoci\u00f3n del apostolado seglar y el fomento de un sacerdocio m\u00e1s apost\u00f3lico.<\/p>\n","protected":false},"excerpt":{"rendered":"<p>S\u00c1NCHEZ MIRANDA, CARLOS, CMF<\/p>\n","protected":false},"featured_media":360724,"template":"","meta":{"_acf_changed":false,"om_disable_all_campaigns":false,"rs_blank_template":"","rs_page_bg_color":"","slide_template_v7":"","inline_featured_image":false,"_monsterinsights_skip_tracking":false,"_monsterinsights_sitenote_active":false,"_monsterinsights_sitenote_note":"","_monsterinsights_sitenote_category":0},"product_brand":[],"product_cat":[301,422,581],"product_tag":[],"class_list":{"0":"post-1048","1":"product","2":"type-product","3":"status-publish","4":"has-post-thumbnail","6":"product_cat-claretiana","7":"product_cat-claretiana-espiritualidad-1_espiritualidad","8":"product_cat-editorial-claret","10":"first","11":"outofstock","12":"taxable","13":"shipping-taxable","14":"purchasable","15":"product-type-simple"},"acf":{"autor":"S\u00c1NCHEZ MIRANDA, CARLOS, CMF","codart":"849136236","ediciones":"1","encuadernacion":"R\u00fastica","fecha_de_publicacion":"30\/10\/2019","novedad":"0","paginas":"478","subtitulo":"UN CAMINO DE EVANGELIZACI\u00d3N EN TIEMPOS DE CRISIS","orden":"0","portada":"0","idioma":"spa","libros-coleccion":"","autores-libros":[{"ID":5329,"post_author":"3","post_date":"2022-07-28 17:21:39","post_date_gmt":"2022-07-28 15:21:39","post_content":"","post_title":"CARLOS S\u00c1NCHEZ MIRANDA","post_excerpt":"","post_status":"publish","comment_status":"closed","ping_status":"closed","post_password":"","post_name":"carlos-sanchez-miranda","to_ping":"","pinged":"","post_modified":"2022-07-28 17:21:39","post_modified_gmt":"2022-07-28 15:21:39","post_content_filtered":"","post_parent":0,"guid":"http:\/\/dev.claret.cat\/autor\/carlos-sanchez-miranda\/","menu_order":0,"post_type":"autor","post_mime_type":"","comment_count":"0","filter":"raw"}],"editorial":[{"ID":6158,"post_author":"3","post_date":"2022-07-28 17:46:08","post_date_gmt":"2022-07-28 15:46:08","post_content":"","post_title":"CLARET","post_excerpt":"","post_status":"publish","comment_status":"closed","ping_status":"closed","post_password":"","post_name":"claret","to_ping":"","pinged":"","post_modified":"2022-07-28 17:46:08","post_modified_gmt":"2022-07-28 15:46:08","post_content_filtered":"","post_parent":0,"guid":"http:\/\/dev.claret.cat\/editorial\/claret\/","menu_order":0,"post_type":"editorial","post_mime_type":"","comment_count":"0","filter":"raw"}]},"aioseo_notices":[],"_links":{"self":[{"href":"https:\/\/www.claret.cat\/es\/wp-json\/wp\/v2\/product\/1048","targetHints":{"allow":["GET"]}}],"collection":[{"href":"https:\/\/www.claret.cat\/es\/wp-json\/wp\/v2\/product"}],"about":[{"href":"https:\/\/www.claret.cat\/es\/wp-json\/wp\/v2\/types\/product"}],"wp:featuredmedia":[{"embeddable":true,"href":"https:\/\/www.claret.cat\/es\/wp-json\/wp\/v2\/media\/360724"}],"wp:attachment":[{"href":"https:\/\/www.claret.cat\/es\/wp-json\/wp\/v2\/media?parent=1048"}],"wp:term":[{"taxonomy":"product_brand","embeddable":true,"href":"https:\/\/www.claret.cat\/es\/wp-json\/wp\/v2\/product_brand?post=1048"},{"taxonomy":"product_cat","embeddable":true,"href":"https:\/\/www.claret.cat\/es\/wp-json\/wp\/v2\/product_cat?post=1048"},{"taxonomy":"product_tag","embeddable":true,"href":"https:\/\/www.claret.cat\/es\/wp-json\/wp\/v2\/product_tag?post=1048"}],"curies":[{"name":"wp","href":"https:\/\/api.w.org\/{rel}","templated":true}]}}