{"id":1048155,"date":"2025-07-24T17:21:04","date_gmt":"2025-07-24T15:21:04","guid":{"rendered":"https:\/\/www.claret.cat\/llibre\/el-aula-inteligente-9788427731257\/"},"modified":"2025-08-29T16:20:05","modified_gmt":"2025-08-29T14:20:05","slug":"el-aula-inteligente-9788427731257","status":"publish","type":"product","link":"https:\/\/www.claret.cat\/es\/libro\/el-aula-inteligente-9788427731257\/","title":{"rendered":"EL AULA INTELIGENTE"},"content":{"rendered":"<p>En el cambiante panorama educativo, se alza un poderoso paradigma que redefine la forma en que aprendemos y ense\u00f1amos: el Aula Inteligente. Como un destello de innovaci\u00f3n, esta realidad educativa, creada en los a\u00f1os 90 por D. Felipe Segovia Olmo, Presidente de la Instituci\u00f3n Educativa SEK, nos invita a explorar un horizonte de posibilidades sin l\u00edmites, donde el conocimiento se fusiona con la tecnolog\u00eda para crear experiencias de aprendizaje enriquecedoras y significativas. El Aula Inteligente: Aprender en el tercer milenio se sumerge en un fascinante viaje en consonancia con la sociedad actual, caracterizada por la informaci\u00f3n y el conocimiento. Esta obra acad\u00e9mica ofrece una experiencia cautivadora, un an\u00e1lisis cient\u00edfico y cr\u00edtico que analiza y responde a las necesidades educativas actuales, marcadas por avances tecnol\u00f3gicos y cambios socioculturales, donde es necesario ofrecer alternativas que favorezcan procesos inclusivos activos y participativos. En este nuevo modelo educativo, el docente se transforma en un facilitador, en un gu\u00eda, en un educador cuya funci\u00f3n trasciende la figura tradicional del maestro mientras que el alumno act\u00faa como agente activo y aut\u00f3nomo para dar sentido a su proceso de aprendizaje. Asimismo, la metodolog\u00eda explora enfoques did\u00e1cticos basados en la evidencia y se adapta a las necesidades individuales, potenciando la comprensi\u00f3n y aplicaci\u00f3n de los contenidos y adquisici\u00f3n de competencias. Por su parte, la evaluaci\u00f3n se redefine como un proceso continuo y formativo, brindando una retroalimentaci\u00f3n constante y personalizada, y promoviendo el crecimiento y desarrollo integral del alumnado. En esta misma l\u00ednea, el entorno f\u00edsico y social del aprendizaje es fundamental, donde se muestra la importancia de los espacios flexibles, que estimulan la creatividad, la colaboraci\u00f3n y el intercambio de ideas. Todo ello, mediado por una gesti\u00f3n eficiente del tiempo que favorece mayores oportunidades de aprendizaje y potencia la personalizaci\u00f3n de la ense\u00f1anza. En s\u00edntesis, el libro profundiza en la comprensi\u00f3n de este innovador enfoque educativo y ofrece las herramientas necesarias para abrazar este cambio y contribuir al avance de una educaci\u00f3n de calidad adaptada a las necesidades tanto individuales como colectivas.<\/p>\n","protected":false},"excerpt":{"rendered":"<p>GAL\u00c1N-CASADO, DIEGO \/ MORALEDA RUANO, \u00c1LVARO<\/p>\n","protected":false},"featured_media":1048156,"template":"","meta":{"_acf_changed":false,"om_disable_all_campaigns":false,"rs_blank_template":"","rs_page_bg_color":"","slide_template_v7":"","inline_featured_image":false,"_monsterinsights_skip_tracking":false,"_monsterinsights_sitenote_active":false,"_monsterinsights_sitenote_note":"","_monsterinsights_sitenote_category":0},"product_brand":[],"product_cat":[194,457],"product_tag":[],"class_list":{"0":"post-1048155","1":"product","2":"type-product","3":"status-publish","4":"has-post-thumbnail","6":"product_cat-comunicacio-i-noves-teconologies","7":"product_cat-comunicacion-y-nuevas-teconologias","9":"first","10":"instock","11":"taxable","12":"shipping-taxable","13":"purchasable","14":"product-type-simple"},"acf":{"autor":"GAL\u00c1N-CASADO, DIEGO \/ MORALEDA RUANO, \u00c1LVARO","codart":"842773125","libros-coleccion":"Educaci\u00f3n Hoy Estudios","ediciones":"1","encuadernacion":"R\u00fastica","fecha_de_publicacion":"01\/11\/2023","novedad":"0","paginas":"128","subtitulo":"APRENDER EN EL TERCER MILENIO","orden":"0","portada":"0","idioma":"spa","booktrailer":"","resenas":"","editorial":[{"ID":6312,"post_author":"3","post_date":"2022-07-28 17:49:29","post_date_gmt":"2022-07-28 15:49:29","post_content":"","post_title":"NARCEA DE EDICIONES","post_excerpt":"","post_status":"publish","comment_status":"closed","ping_status":"closed","post_password":"","post_name":"narcea-de-ediciones","to_ping":"","pinged":"","post_modified":"2022-07-28 17:49:29","post_modified_gmt":"2022-07-28 15:49:29","post_content_filtered":"","post_parent":0,"guid":"http:\/\/dev.claret.cat\/editorial\/narcea-de-ediciones\/","menu_order":0,"post_type":"editorial","post_mime_type":"","comment_count":"0","filter":"raw"}]},"aioseo_notices":[],"_links":{"self":[{"href":"https:\/\/www.claret.cat\/es\/wp-json\/wp\/v2\/product\/1048155","targetHints":{"allow":["GET"]}}],"collection":[{"href":"https:\/\/www.claret.cat\/es\/wp-json\/wp\/v2\/product"}],"about":[{"href":"https:\/\/www.claret.cat\/es\/wp-json\/wp\/v2\/types\/product"}],"wp:featuredmedia":[{"embeddable":true,"href":"https:\/\/www.claret.cat\/es\/wp-json\/wp\/v2\/media\/1048156"}],"wp:attachment":[{"href":"https:\/\/www.claret.cat\/es\/wp-json\/wp\/v2\/media?parent=1048155"}],"wp:term":[{"taxonomy":"product_brand","embeddable":true,"href":"https:\/\/www.claret.cat\/es\/wp-json\/wp\/v2\/product_brand?post=1048155"},{"taxonomy":"product_cat","embeddable":true,"href":"https:\/\/www.claret.cat\/es\/wp-json\/wp\/v2\/product_cat?post=1048155"},{"taxonomy":"product_tag","embeddable":true,"href":"https:\/\/www.claret.cat\/es\/wp-json\/wp\/v2\/product_tag?post=1048155"}],"curies":[{"name":"wp","href":"https:\/\/api.w.org\/{rel}","templated":true}]}}