{"id":104816,"date":"2022-10-12T08:54:37","date_gmt":"2022-10-12T06:54:37","guid":{"rendered":"http:\/\/dev.claret.cat\/producte\/tenemos-buenas-noticias-eucaristia-1\/"},"modified":"2024-05-23T05:05:41","modified_gmt":"2024-05-23T03:05:41","slug":"tenemos-buenas-noticias-eucaristia-1-9788490736302","status":"publish","type":"product","link":"https:\/\/www.claret.cat\/es\/libro\/tenemos-buenas-noticias-eucaristia-1-9788490736302\/","title":{"rendered":"TENEMOS, BUENAS NOTICIAS &#8211; EUCARIST\u00cdA &#8211; 1"},"content":{"rendered":"<p>Recursos pastorales para facilitar las celebraciones eucar\u00edsticas de Adviento y Navidad (Adviento y Navidad. Ciclo B \/ 29 de noviembre al 10 de enero): lecturas y ex\u00e9gesis, homil\u00edas, lectura familiar del evangelio, moniciones, oraciones&#8230;<\/p>\n<p>Adem\u00e1s, se incluye una secci\u00f3n de recursos pastorales con esquemas de reuniones de formaci\u00f3n (Lectio divina, Iniciaci\u00f3n en la fe, Documentos eclesiales, Doctrina social de la Iglesia) y tambi\u00e9n una propuesta de oraci\u00f3n o retiro para grupos.<\/p>\n","protected":false},"excerpt":{"rendered":"<p>EQUIPO EUCARIST\u00cdA (VERBO DIVINO)<\/p>\n","protected":false},"featured_media":360331,"template":"","meta":{"_acf_changed":false,"om_disable_all_campaigns":false,"rs_blank_template":"","rs_page_bg_color":"","slide_template_v7":"","inline_featured_image":false,"_monsterinsights_skip_tracking":false,"_monsterinsights_sitenote_active":false,"_monsterinsights_sitenote_note":"","_monsterinsights_sitenote_category":0},"product_brand":[],"product_cat":[90,540],"product_tag":[],"class_list":{"0":"post-104816","1":"product","2":"type-product","3":"status-publish","4":"has-post-thumbnail","6":"product_cat-altres","7":"product_cat-otros","9":"first","10":"instock","11":"taxable","12":"shipping-taxable","13":"purchasable","14":"product-type-simple"},"acf":{"editorial":[{"ID":6390,"post_author":"3","post_date":"2022-07-28 17:51:08","post_date_gmt":"2022-07-28 15:51:08","post_content":"","post_title":"VERBO DIVINO","post_excerpt":"","post_status":"publish","comment_status":"closed","ping_status":"closed","post_password":"","post_name":"verbo-divino","to_ping":"","pinged":"","post_modified":"2022-07-28 17:51:08","post_modified_gmt":"2022-07-28 15:51:08","post_content_filtered":"","post_parent":0,"guid":"http:\/\/dev.claret.cat\/editorial\/verbo-divino\/","menu_order":0,"post_type":"editorial","post_mime_type":"","comment_count":"0","filter":"raw"}],"autor":"EQUIPO EUCARIST\u00cdA (VERBO DIVINO)","codart":"849073630","libros-coleccion":"EUCARISTIA","ediciones":"1","encuadernacion":"R\u00fastica","fecha_de_publicacion":"23\/09\/2020","novedad":"1","paginas":"200","subtitulo":"ADVIENTO Y NAVIDAD. CICLO B - 29 DE NOVIEMBRE AL 10 DE ENERO E 2021","orden":"0","portada":"0","idioma":"spa","autores-libros":[{"ID":155229,"post_author":"3","post_date":"2022-10-14 15:11:10","post_date_gmt":"2022-10-14 13:11:10","post_content":"","post_title":"EQUIPO EUCARIST\u00cdA (VERBO DIVINO)","post_excerpt":"","post_status":"publish","comment_status":"closed","ping_status":"closed","post_password":"","post_name":"equipo-eucaristia-verbo-divino-2","to_ping":"","pinged":"","post_modified":"2022-10-14 15:11:10","post_modified_gmt":"2022-10-14 13:11:10","post_content_filtered":"","post_parent":0,"guid":"http:\/\/dev.claret.cat\/autor\/equipo-eucaristia-verbo-divino-2\/","menu_order":0,"post_type":"autor","post_mime_type":"","comment_count":"0","filter":"raw"}]},"aioseo_notices":[],"_links":{"self":[{"href":"https:\/\/www.claret.cat\/es\/wp-json\/wp\/v2\/product\/104816","targetHints":{"allow":["GET"]}}],"collection":[{"href":"https:\/\/www.claret.cat\/es\/wp-json\/wp\/v2\/product"}],"about":[{"href":"https:\/\/www.claret.cat\/es\/wp-json\/wp\/v2\/types\/product"}],"wp:featuredmedia":[{"embeddable":true,"href":"https:\/\/www.claret.cat\/es\/wp-json\/wp\/v2\/media\/360331"}],"wp:attachment":[{"href":"https:\/\/www.claret.cat\/es\/wp-json\/wp\/v2\/media?parent=104816"}],"wp:term":[{"taxonomy":"product_brand","embeddable":true,"href":"https:\/\/www.claret.cat\/es\/wp-json\/wp\/v2\/product_brand?post=104816"},{"taxonomy":"product_cat","embeddable":true,"href":"https:\/\/www.claret.cat\/es\/wp-json\/wp\/v2\/product_cat?post=104816"},{"taxonomy":"product_tag","embeddable":true,"href":"https:\/\/www.claret.cat\/es\/wp-json\/wp\/v2\/product_tag?post=104816"}],"curies":[{"name":"wp","href":"https:\/\/api.w.org\/{rel}","templated":true}]}}