{"id":1048177,"date":"2025-07-24T17:43:01","date_gmt":"2025-07-24T15:43:01","guid":{"rendered":"https:\/\/www.claret.cat\/llibre\/hannah-arendt-en-la-teoria-feminista-contemporanea-9788437644424\/"},"modified":"2025-07-29T12:45:50","modified_gmt":"2025-07-29T10:45:50","slug":"hannah-arendt-en-la-teoria-feminista-contemporanea-9788437644424","status":"publish","type":"product","link":"https:\/\/www.claret.cat\/es\/libro\/hannah-arendt-en-la-teoria-feminista-contemporanea-9788437644424\/","title":{"rendered":"HANNAH ARENDT EN LA TEOR\u00cdA FEMINISTA CONTEMPOR\u00c1NEA"},"content":{"rendered":"<p>En este libro se explora el di\u00e1logo que la teor\u00eda feminista ha entablado con Hannah Arendt, una pensadora que se hab\u00eda manifestado expl\u00edcitamente en contra del movimiento de mujeres de su \u00e9poca y que, en definitiva, no hab\u00eda teorizado la cuesti\u00f3n del g\u00e9nero. Tan solo hab\u00eda vertido unas breves reflexiones cr\u00edticas en una rese\u00f1a, publicada en el a\u00f1o 1933, de la obra de Alice R\u00fchle Gerstel El problema de la mujer en la actualidad: un balance psicol\u00f3gico, cr\u00edticas que con posterioridad el feminismo har\u00e1 suyas. La teor\u00eda pol\u00edtica arendtiana ha servido de acicate a una gran diversidad de te\u00f3ricas, suscitando enormes posibilidades desde los m\u00e1s variados paradigmas feministas, hasta el punto de ayudar a enfocar y releer el propio proyecto feminista. Al hilo de la teorizaci\u00f3n arendtiana se discuten cuestiones como la corporalidad, el problema del sujeto del feminismo, la experiencia y la opresi\u00f3n, la emancipaci\u00f3n o la liberaci\u00f3n, despleg\u00e1ndose una espec\u00edfica discusi\u00f3n acerca de las estrategias y metas en la movilizaci\u00f3n feminista.<\/p>\n","protected":false},"excerpt":{"rendered":"<p>PORTAS P\u00c9REZ, TERESA<\/p>\n","protected":false},"featured_media":1048178,"template":"","meta":{"_acf_changed":false,"om_disable_all_campaigns":false,"rs_blank_template":"","rs_page_bg_color":"","slide_template_v7":"","inline_featured_image":false,"_monsterinsights_skip_tracking":false,"_monsterinsights_sitenote_active":false,"_monsterinsights_sitenote_note":"","_monsterinsights_sitenote_category":0},"product_brand":[],"product_cat":[170,441],"product_tag":[],"class_list":{"0":"post-1048177","1":"product","2":"type-product","3":"status-publish","4":"has-post-thumbnail","6":"product_cat-politica-i-social","7":"product_cat-politica-y-social","9":"first","10":"instock","11":"taxable","12":"shipping-taxable","13":"purchasable","14":"product-type-simple"},"acf":{"autor":"PORTAS P\u00c9REZ, TERESA","codart":"843764442","libros-coleccion":"FORA DE COL.LECCI\u00d3","ediciones":"1","encuadernacion":"R\u00fastica","fecha_de_publicacion":"01\/05\/2022","novedad":"0","paginas":"416","subtitulo":"","orden":"0","portada":"0","idioma":"spa","booktrailer":"","resenas":"","editorial":[{"ID":147789,"post_author":"3","post_date":"2022-10-14 11:53:14","post_date_gmt":"2022-10-14 09:53:14","post_content":"","post_title":"EDICIONES CATEDRA","post_excerpt":"","post_status":"publish","comment_status":"closed","ping_status":"closed","post_password":"","post_name":"ediciones-catedra","to_ping":"","pinged":"","post_modified":"2022-10-14 11:53:14","post_modified_gmt":"2022-10-14 09:53:14","post_content_filtered":"","post_parent":0,"guid":"http:\/\/dev.claret.cat\/editorial\/ediciones-catedra\/","menu_order":0,"post_type":"editorial","post_mime_type":"","comment_count":"0","filter":"raw"}]},"aioseo_notices":[],"_links":{"self":[{"href":"https:\/\/www.claret.cat\/es\/wp-json\/wp\/v2\/product\/1048177","targetHints":{"allow":["GET"]}}],"collection":[{"href":"https:\/\/www.claret.cat\/es\/wp-json\/wp\/v2\/product"}],"about":[{"href":"https:\/\/www.claret.cat\/es\/wp-json\/wp\/v2\/types\/product"}],"wp:featuredmedia":[{"embeddable":true,"href":"https:\/\/www.claret.cat\/es\/wp-json\/wp\/v2\/media\/1048178"}],"wp:attachment":[{"href":"https:\/\/www.claret.cat\/es\/wp-json\/wp\/v2\/media?parent=1048177"}],"wp:term":[{"taxonomy":"product_brand","embeddable":true,"href":"https:\/\/www.claret.cat\/es\/wp-json\/wp\/v2\/product_brand?post=1048177"},{"taxonomy":"product_cat","embeddable":true,"href":"https:\/\/www.claret.cat\/es\/wp-json\/wp\/v2\/product_cat?post=1048177"},{"taxonomy":"product_tag","embeddable":true,"href":"https:\/\/www.claret.cat\/es\/wp-json\/wp\/v2\/product_tag?post=1048177"}],"curies":[{"name":"wp","href":"https:\/\/api.w.org\/{rel}","templated":true}]}}