{"id":1048237,"date":"2025-07-24T19:40:02","date_gmt":"2025-07-24T17:40:02","guid":{"rendered":"https:\/\/www.claret.cat\/llibre\/calendari-paret-30x30-per-escriurehi-2026paisatges-paradisiacs-8422952402367\/"},"modified":"2025-07-24T19:40:15","modified_gmt":"2025-07-24T17:40:15","slug":"calendari-paret-30x30-per-escriurehi-2026paisatges-paradisiacs-8422952402367","status":"publish","type":"product","link":"https:\/\/www.claret.cat\/es\/libro\/calendari-paret-30x30-per-escriurehi-2026paisatges-paradisiacs-8422952402367\/","title":{"rendered":"CALENDARI PARET 30X30 PER ESCRIURE-HI 2026.PAISATGES PARADIS\u00cdACS"},"content":{"rendered":"<p>Calendari anual de paret amb forat a la part superior per penjar-lo. Perfecte per planificar. Tem\u00e0tiques variades i una imatge diferent a cada mes, ideal per decorar l&#8217;oficina o la llar. Cont\u00e9 informaci\u00f3 \u00fatil i d&#8217;inter\u00e8s, espai diari per a anotacions i mes anterior i posterior a cada p\u00e0gina.<\/p>\n<p>Les mides del calendari penjat s\u00f3n: 30&#215;60 cm.<\/p>\n","protected":false},"excerpt":{"rendered":"<p>FINOCAM<\/p>\n","protected":false},"featured_media":1048238,"template":"","meta":{"_acf_changed":false,"om_disable_all_campaigns":false,"rs_blank_template":"","rs_page_bg_color":"","slide_template_v7":"","inline_featured_image":false,"_monsterinsights_skip_tracking":false,"_monsterinsights_sitenote_active":false,"_monsterinsights_sitenote_note":"","_monsterinsights_sitenote_category":0},"product_brand":[],"product_cat":[552,102],"product_tag":[],"class_list":{"0":"post-1048237","1":"product","2":"type-product","3":"status-publish","4":"has-post-thumbnail","6":"product_cat-calendarios-y-agendas","7":"product_cat-calendaris-i-agendes","9":"first","10":"instock","11":"taxable","12":"shipping-taxable","13":"purchasable","14":"product-type-simple"},"acf":{"autor":"FINOCAM","codart":"295240236","libros-coleccion":"","ediciones":"1","encuadernacion":"R\u00fastica","fecha_de_publicacion":"24\/07\/2025","novedad":"1","paginas":"12","subtitulo":"","orden":"0","portada":"0","idioma":"cat","booktrailer":"","resenas":"","editorial":[{"ID":582065,"post_author":"3","post_date":"2023-09-07 16:40:02","post_date_gmt":"2023-09-07 14:40:02","post_content":"","post_title":"FINOCAM","post_excerpt":"","post_status":"publish","comment_status":"closed","ping_status":"closed","post_password":"","post_name":"finocam","to_ping":"","pinged":"","post_modified":"2023-09-07 16:40:02","post_modified_gmt":"2023-09-07 14:40:02","post_content_filtered":"","post_parent":0,"guid":"https:\/\/www.claret.cat\/editorial\/finocam\/","menu_order":0,"post_type":"editorial","post_mime_type":"","comment_count":"0","filter":"raw"}]},"aioseo_notices":[],"_links":{"self":[{"href":"https:\/\/www.claret.cat\/es\/wp-json\/wp\/v2\/product\/1048237","targetHints":{"allow":["GET"]}}],"collection":[{"href":"https:\/\/www.claret.cat\/es\/wp-json\/wp\/v2\/product"}],"about":[{"href":"https:\/\/www.claret.cat\/es\/wp-json\/wp\/v2\/types\/product"}],"wp:featuredmedia":[{"embeddable":true,"href":"https:\/\/www.claret.cat\/es\/wp-json\/wp\/v2\/media\/1048238"}],"wp:attachment":[{"href":"https:\/\/www.claret.cat\/es\/wp-json\/wp\/v2\/media?parent=1048237"}],"wp:term":[{"taxonomy":"product_brand","embeddable":true,"href":"https:\/\/www.claret.cat\/es\/wp-json\/wp\/v2\/product_brand?post=1048237"},{"taxonomy":"product_cat","embeddable":true,"href":"https:\/\/www.claret.cat\/es\/wp-json\/wp\/v2\/product_cat?post=1048237"},{"taxonomy":"product_tag","embeddable":true,"href":"https:\/\/www.claret.cat\/es\/wp-json\/wp\/v2\/product_tag?post=1048237"}],"curies":[{"name":"wp","href":"https:\/\/api.w.org\/{rel}","templated":true}]}}