{"id":104855,"date":"2022-10-12T08:55:09","date_gmt":"2022-10-12T06:55:09","guid":{"rendered":"http:\/\/dev.claret.cat\/producte\/foil-art-colorea-con-papel-brillante-fantasia\/"},"modified":"2023-01-28T10:04:52","modified_gmt":"2023-01-28T09:04:52","slug":"foil-art-colorea-con-papel-brillante-fantasia-9788469628584","status":"publish","type":"product","link":"https:\/\/www.claret.cat\/es\/libro\/foil-art-colorea-con-papel-brillante-fantasia-9788469628584\/","title":{"rendered":"FOIL ART. COLOREA CON PAPEL BRILLANTE. FANTAS\u00cdA"},"content":{"rendered":"<p>Usa las l\u00e1minas brillantes para convertir los dibujos en una aut\u00e9ntica obra de arte. Despu\u00e9s, compl\u00e9talos con tus pinturas de colores.<\/p>\n","protected":false},"excerpt":{"rendered":"<p>VV.AA.<\/p>\n","protected":false},"featured_media":104856,"template":"","meta":{"_acf_changed":false,"om_disable_all_campaigns":false,"rs_blank_template":"","rs_page_bg_color":"","slide_template_v7":"","inline_featured_image":false,"_monsterinsights_skip_tracking":false,"_monsterinsights_sitenote_active":false,"_monsterinsights_sitenote_note":"","_monsterinsights_sitenote_category":0},"product_brand":[],"product_cat":[135],"product_tag":[],"class_list":{"0":"post-104855","1":"product","2":"type-product","3":"status-publish","4":"has-post-thumbnail","6":"product_cat-entreteniment","8":"first","9":"instock","10":"taxable","11":"shipping-taxable","12":"purchasable","13":"product-type-simple"},"acf":{"autores-libros":[{"ID":6086,"post_author":"3","post_date":"2022-07-28 17:37:50","post_date_gmt":"2022-07-28 15:37:50","post_content":"","post_title":"VV.AA.","post_excerpt":"","post_status":"publish","comment_status":"closed","ping_status":"closed","post_password":"","post_name":"vv-aa-2","to_ping":"","pinged":"","post_modified":"2022-07-28 17:37:50","post_modified_gmt":"2022-07-28 15:37:50","post_content_filtered":"","post_parent":0,"guid":"http:\/\/dev.claret.cat\/autor\/vv-aa-2\/","menu_order":0,"post_type":"autor","post_mime_type":"","comment_count":"0","filter":"raw"}],"autor":"VV.AA.","codart":"846962858","libros-coleccion":"","ediciones":"1","encuadernacion":"R\u00fastica","fecha_de_publicacion":"01\/09\/2020","novedad":"1","paginas":"46","subtitulo":"","orden":"0","portada":"0","idioma":"spa","editorial":[{"ID":147936,"post_author":"3","post_date":"2022-10-14 11:54:22","post_date_gmt":"2022-10-14 09:54:22","post_content":"","post_title":"Editorial Bru\u00f1o","post_excerpt":"","post_status":"publish","comment_status":"closed","ping_status":"closed","post_password":"","post_name":"editorial-bruno","to_ping":"","pinged":"","post_modified":"2022-10-14 11:54:22","post_modified_gmt":"2022-10-14 09:54:22","post_content_filtered":"","post_parent":0,"guid":"http:\/\/dev.claret.cat\/editorial\/editorial-bruno\/","menu_order":0,"post_type":"editorial","post_mime_type":"","comment_count":"0","filter":"raw"}]},"aioseo_notices":[],"_links":{"self":[{"href":"https:\/\/www.claret.cat\/es\/wp-json\/wp\/v2\/product\/104855","targetHints":{"allow":["GET"]}}],"collection":[{"href":"https:\/\/www.claret.cat\/es\/wp-json\/wp\/v2\/product"}],"about":[{"href":"https:\/\/www.claret.cat\/es\/wp-json\/wp\/v2\/types\/product"}],"wp:featuredmedia":[{"embeddable":true,"href":"https:\/\/www.claret.cat\/es\/wp-json\/wp\/v2\/media\/104856"}],"wp:attachment":[{"href":"https:\/\/www.claret.cat\/es\/wp-json\/wp\/v2\/media?parent=104855"}],"wp:term":[{"taxonomy":"product_brand","embeddable":true,"href":"https:\/\/www.claret.cat\/es\/wp-json\/wp\/v2\/product_brand?post=104855"},{"taxonomy":"product_cat","embeddable":true,"href":"https:\/\/www.claret.cat\/es\/wp-json\/wp\/v2\/product_cat?post=104855"},{"taxonomy":"product_tag","embeddable":true,"href":"https:\/\/www.claret.cat\/es\/wp-json\/wp\/v2\/product_tag?post=104855"}],"curies":[{"name":"wp","href":"https:\/\/api.w.org\/{rel}","templated":true}]}}