{"id":1048907,"date":"2025-08-27T16:55:02","date_gmt":"2025-08-27T14:55:02","guid":{"rendered":"https:\/\/www.claret.cat\/llibre\/revista-serra-dor-789-setembre-de-2025-9788778262035\/"},"modified":"2025-09-08T12:05:19","modified_gmt":"2025-09-08T10:05:19","slug":"revista-serra-dor-789-setembre-de-2025-9788778262035","status":"publish","type":"product","link":"https:\/\/www.claret.cat\/es\/libro\/revista-serra-dor-789-setembre-de-2025-9788778262035\/","title":{"rendered":"REVISTA SERRA D&#8217;OR &#8211; 789. SETEMBRE DE 2025"},"content":{"rendered":"<p>La revista&nbsp;<strong><em>Serra d\u2019Or<\/em>&nbsp;<\/strong>va comen\u00e7ar&nbsp;l\u2019octubre de 1959 amb l\u2019orientaci\u00f3 actual de publicaci\u00f3 cultural.<\/p>\n<p> Des dels inicis, es va proposar crear <strong>un espai efica\u00e7 de col\u00b7laboraci\u00f3 i di\u00e0leg<\/strong>, oferint les seves p\u00e0gines a un <strong>nombre fant\u00e0stic de col\u00b7laboradors, de proced\u00e8ncies ideol\u00f2giques molt diferents i amb un temari molt ampli<\/strong>: religi\u00f3 i pensament, pol\u00edtica, opini\u00f3, economia, arts pl\u00e0stiques, llengua i literatura,&nbsp;arquitectura, disseny i urbanisme, teatre,&nbsp;cinema, cr\u00edtica literaria, televisi\u00f3, etc.&nbsp;<strong>La revista ha fet factible la incorporaci\u00f3 dels estudiosos m\u00e9s joves<\/strong> a un mitj\u00e0 de difusi\u00f3 cultural d\u2019un reconegut prestigi, i <strong>ha contribu\u00eft a una renovaci\u00f3 en general dels esquemes de la cr\u00edtica<\/strong>, tant liter\u00e0ria com art\u00edstica i, de forma especial, en el camp de la m\u00fasica, el cinema, el teatre i la televisi\u00f3. <\/p>\n<p> En aquests \u00faltims anys <strong>ha pres una nova empenta<\/strong>, visible en el <strong>nou disseny<\/strong>, en la <strong>renovaci\u00f3 dels col\u00b7laboradors<\/strong>, en l\u2019edici\u00f3 dels temes i en la puntualitat d\u2019aparici\u00f3.<\/p>\n<p> Tot plegat en fa <strong>una revista molt atraient en el seu g\u00e8nere arreu dels Pa\u00efsos Catalans<\/strong>.<\/p>\n<p>&nbsp;<\/p>\n","protected":false},"excerpt":{"rendered":"<p>PUBLICACIONS DE L&#8217;ABADIA DE MONTSERRAT<\/p>\n","protected":false},"featured_media":1050743,"template":"","meta":{"_acf_changed":false,"om_disable_all_campaigns":false,"rs_blank_template":"","rs_page_bg_color":"","slide_template_v7":"","inline_featured_image":false,"_monsterinsights_skip_tracking":false,"_monsterinsights_sitenote_active":false,"_monsterinsights_sitenote_note":"","_monsterinsights_sitenote_category":0},"product_brand":[],"product_cat":[92,542],"product_tag":[],"class_list":{"0":"post-1048907","1":"product","2":"type-product","3":"status-publish","4":"has-post-thumbnail","6":"product_cat-vida-religiosa","7":"product_cat-vida-religiosa-1_espiritualidad-spa","9":"first","10":"instock","11":"taxable","12":"shipping-taxable","13":"purchasable","14":"product-type-simple"},"acf":{"autor":"PUBLICACIONS DE L'ABADIA DE MONTSERRAT","codart":"877826203","libros-coleccion":"","ediciones":"1","encuadernacion":"R\u00fastica","fecha_de_publicacion":"27\/08\/2025","novedad":"1","paginas":"72","subtitulo":"","orden":"0","portada":"1","idioma":"cat","booktrailer":"","resenas":"","editorial":[{"ID":8266,"post_author":"3","post_date":"2022-09-30 09:21:36","post_date_gmt":"2022-09-30 07:21:36","post_content":"","post_title":"PUBLICACIONS DE L'ABADIA DE MONTSERRAT","post_excerpt":"","post_status":"publish","comment_status":"closed","ping_status":"closed","post_password":"","post_name":"publicacions-de-labadia-de-montserrat-5","to_ping":"","pinged":"","post_modified":"2022-09-30 09:21:36","post_modified_gmt":"2022-09-30 07:21:36","post_content_filtered":"","post_parent":0,"guid":"http:\/\/dev.claret.cat\/editorial\/publicacions-de-labadia-de-montserrat-5\/","menu_order":0,"post_type":"editorial","post_mime_type":"","comment_count":"0","filter":"raw"}]},"aioseo_notices":[],"_links":{"self":[{"href":"https:\/\/www.claret.cat\/es\/wp-json\/wp\/v2\/product\/1048907","targetHints":{"allow":["GET"]}}],"collection":[{"href":"https:\/\/www.claret.cat\/es\/wp-json\/wp\/v2\/product"}],"about":[{"href":"https:\/\/www.claret.cat\/es\/wp-json\/wp\/v2\/types\/product"}],"wp:featuredmedia":[{"embeddable":true,"href":"https:\/\/www.claret.cat\/es\/wp-json\/wp\/v2\/media\/1050743"}],"wp:attachment":[{"href":"https:\/\/www.claret.cat\/es\/wp-json\/wp\/v2\/media?parent=1048907"}],"wp:term":[{"taxonomy":"product_brand","embeddable":true,"href":"https:\/\/www.claret.cat\/es\/wp-json\/wp\/v2\/product_brand?post=1048907"},{"taxonomy":"product_cat","embeddable":true,"href":"https:\/\/www.claret.cat\/es\/wp-json\/wp\/v2\/product_cat?post=1048907"},{"taxonomy":"product_tag","embeddable":true,"href":"https:\/\/www.claret.cat\/es\/wp-json\/wp\/v2\/product_tag?post=1048907"}],"curies":[{"name":"wp","href":"https:\/\/api.w.org\/{rel}","templated":true}]}}