{"id":1049014,"date":"2025-08-28T12:10:02","date_gmt":"2025-08-28T10:10:02","guid":{"rendered":"https:\/\/www.claret.cat\/llibre\/la-peor-pandilla-de-la-historia-en-el-antiguo-egipto-9788417766962\/"},"modified":"2026-03-03T18:25:23","modified_gmt":"2026-03-03T17:25:23","slug":"la-peor-pandilla-de-la-historia-en-el-antiguo-egipto-9788417766962","status":"publish","type":"product","link":"https:\/\/www.claret.cat\/es\/libro\/la-peor-pandilla-de-la-historia-en-el-antiguo-egipto-9788417766962\/","title":{"rendered":"LA PEOR PANDILLA DE LA HISTORIA. EN EL ANTIGUO EGIPTO"},"content":{"rendered":"<p>Vuelve la pandilla m\u00e1s destornillante y desastrosa con una nueva aventura al pasado. Esta vez viajar\u00e1n al antiguo Egipto, donde vivir\u00e1n una historia trepidante con la esfinge, las pir\u00e1mides, los jerogl\u00edficos y las momias como protagonistas.<\/p>\n","protected":false},"excerpt":{"rendered":"<p>ACOSTA, ALICIA<\/p>\n","protected":false},"featured_media":1087367,"template":"","meta":{"_acf_changed":false,"om_disable_all_campaigns":false,"rs_blank_template":"","rs_page_bg_color":"","slide_template_v7":"","inline_featured_image":false,"_monsterinsights_skip_tracking":false,"_monsterinsights_sitenote_active":false,"_monsterinsights_sitenote_note":"","_monsterinsights_sitenote_category":0},"product_brand":[],"product_cat":[132,362],"product_tag":[],"class_list":{"0":"post-1049014","1":"product","2":"type-product","3":"status-publish","4":"has-post-thumbnail","6":"product_cat-lectures-per-preadolescents-6-12-anys","7":"product_cat-libros-preadolescentes-6-12-anos","9":"first","10":"outofstock","11":"taxable","12":"shipping-taxable","13":"purchasable","14":"product-type-simple"},"acf":{"autor":"ACOSTA, ALICIA","codart":"841776696","libros-coleccion":"FORA DE COL.LECCI\u00d3","ediciones":"1","encuadernacion":"R\u00fastica","fecha_de_publicacion":"01\/01\/2024","novedad":"1","paginas":"0","subtitulo":"","orden":"0","portada":"0","idioma":"spa","booktrailer":"","resenas":"","editorial":[{"ID":147595,"post_author":"3","post_date":"2022-10-14 11:51:47","post_date_gmt":"2022-10-14 09:51:47","post_content":"","post_title":"CARAMBUCO EDICIONES","post_excerpt":"","post_status":"publish","comment_status":"closed","ping_status":"closed","post_password":"","post_name":"carambuco-ediciones","to_ping":"","pinged":"","post_modified":"2022-10-14 11:51:47","post_modified_gmt":"2022-10-14 09:51:47","post_content_filtered":"","post_parent":0,"guid":"http:\/\/dev.claret.cat\/editorial\/carambuco-ediciones\/","menu_order":0,"post_type":"editorial","post_mime_type":"","comment_count":"0","filter":"raw"}]},"aioseo_notices":[],"_links":{"self":[{"href":"https:\/\/www.claret.cat\/es\/wp-json\/wp\/v2\/product\/1049014","targetHints":{"allow":["GET"]}}],"collection":[{"href":"https:\/\/www.claret.cat\/es\/wp-json\/wp\/v2\/product"}],"about":[{"href":"https:\/\/www.claret.cat\/es\/wp-json\/wp\/v2\/types\/product"}],"wp:featuredmedia":[{"embeddable":true,"href":"https:\/\/www.claret.cat\/es\/wp-json\/wp\/v2\/media\/1087367"}],"wp:attachment":[{"href":"https:\/\/www.claret.cat\/es\/wp-json\/wp\/v2\/media?parent=1049014"}],"wp:term":[{"taxonomy":"product_brand","embeddable":true,"href":"https:\/\/www.claret.cat\/es\/wp-json\/wp\/v2\/product_brand?post=1049014"},{"taxonomy":"product_cat","embeddable":true,"href":"https:\/\/www.claret.cat\/es\/wp-json\/wp\/v2\/product_cat?post=1049014"},{"taxonomy":"product_tag","embeddable":true,"href":"https:\/\/www.claret.cat\/es\/wp-json\/wp\/v2\/product_tag?post=1049014"}],"curies":[{"name":"wp","href":"https:\/\/api.w.org\/{rel}","templated":true}]}}