{"id":104918,"date":"2022-10-12T08:56:02","date_gmt":"2022-10-12T06:56:02","guid":{"rendered":"http:\/\/dev.claret.cat\/producte\/dolca-introduccio-al-caos\/"},"modified":"2023-01-28T17:01:52","modified_gmt":"2023-01-28T16:01:52","slug":"dolca-introduccio-al-caos-9788417339494","status":"publish","type":"product","link":"https:\/\/www.claret.cat\/es\/libro\/dolca-introduccio-al-caos-9788417339494\/","title":{"rendered":"DOL\u00c7A INTRODUCCI\u00d3 AL CAOS"},"content":{"rendered":"<p>Qu\u00e8 passa en una relaci\u00f3 amorosa, estable per\u00f2 encara relativament jove, quan un dels dos pren una decisi\u00f3 unilateral que afecta directament el futur de la parella? Quan la Marta li comunica al Dani que no vol ser mare, s&#8217;obre entre els dos una esquerda que els portar\u00e0 a orbitar per uns llimbs plens de dubtes i indecisions que els impulsaran a repensar-se com a individus i com a parella.<br \/> Aquesta novel\u00b7la \u00e9s una invitaci\u00f3 a nedar pel mar de contradiccions en qu\u00e8 es converteix la possibilitat de ser pares. Una an\u00e0lisi \u00edntima al voltant de la voluntat, l&#8217;instint, la llibertat i les estructures socials. Marta Orriols ens ofereix una hist\u00f2ria<br \/> propera i plena d&#8217;arestes sensibles on torna a desplegar la seva habilitat narrativa per descriure les emocions i pulsions m\u00e9s \u00edntimes.<\/p>\n","protected":false},"excerpt":{"rendered":"<p>ORRIOLS BALAGUER, MARTA<\/p>\n","protected":false},"featured_media":104919,"template":"","meta":{"_acf_changed":false,"om_disable_all_campaigns":false,"rs_blank_template":"","rs_page_bg_color":"","slide_template_v7":"","inline_featured_image":false,"_monsterinsights_skip_tracking":false,"_monsterinsights_sitenote_active":false,"_monsterinsights_sitenote_note":"","_monsterinsights_sitenote_category":0},"product_brand":[],"product_cat":[127],"product_tag":[],"class_list":{"0":"post-104918","1":"product","2":"type-product","3":"status-publish","4":"has-post-thumbnail","6":"product_cat-novella-contemporania","8":"first","9":"instock","10":"taxable","11":"shipping-taxable","12":"purchasable","13":"product-type-simple"},"acf":{"editorial":[{"ID":6213,"post_author":"3","post_date":"2022-07-28 17:47:17","post_date_gmt":"2022-07-28 15:47:17","post_content":"","post_title":"EDICIONS DEL PERISCOPI","post_excerpt":"","post_status":"publish","comment_status":"closed","ping_status":"closed","post_password":"","post_name":"edicions-del-periscopi","to_ping":"","pinged":"","post_modified":"2022-07-28 17:47:17","post_modified_gmt":"2022-07-28 15:47:17","post_content_filtered":"","post_parent":0,"guid":"http:\/\/dev.claret.cat\/editorial\/edicions-del-periscopi\/","menu_order":0,"post_type":"editorial","post_mime_type":"","comment_count":"0","filter":"raw"}],"autor":"ORRIOLS BALAGUER, MARTA","codart":"841733949","libros-coleccion":"Escafandre","ediciones":"1","encuadernacion":"R\u00fastica","fecha_de_publicacion":"01\/09\/2020","novedad":"1","paginas":"249","subtitulo":"","orden":"0","portada":"0","idioma":"cat","autores-libros":[{"ID":164190,"post_author":"3","post_date":"2022-10-14 17:45:05","post_date_gmt":"2022-10-14 15:45:05","post_content":"","post_title":"MARTA ORRIOLS BALAGUER","post_excerpt":"","post_status":"publish","comment_status":"closed","ping_status":"closed","post_password":"","post_name":"marta-orriols-balaguer","to_ping":"","pinged":"","post_modified":"2022-10-14 17:45:05","post_modified_gmt":"2022-10-14 15:45:05","post_content_filtered":"","post_parent":0,"guid":"http:\/\/dev.claret.cat\/autor\/marta-orriols-balaguer\/","menu_order":0,"post_type":"autor","post_mime_type":"","comment_count":"0","filter":"raw"}]},"aioseo_notices":[],"_links":{"self":[{"href":"https:\/\/www.claret.cat\/es\/wp-json\/wp\/v2\/product\/104918","targetHints":{"allow":["GET"]}}],"collection":[{"href":"https:\/\/www.claret.cat\/es\/wp-json\/wp\/v2\/product"}],"about":[{"href":"https:\/\/www.claret.cat\/es\/wp-json\/wp\/v2\/types\/product"}],"wp:featuredmedia":[{"embeddable":true,"href":"https:\/\/www.claret.cat\/es\/wp-json\/wp\/v2\/media\/104919"}],"wp:attachment":[{"href":"https:\/\/www.claret.cat\/es\/wp-json\/wp\/v2\/media?parent=104918"}],"wp:term":[{"taxonomy":"product_brand","embeddable":true,"href":"https:\/\/www.claret.cat\/es\/wp-json\/wp\/v2\/product_brand?post=104918"},{"taxonomy":"product_cat","embeddable":true,"href":"https:\/\/www.claret.cat\/es\/wp-json\/wp\/v2\/product_cat?post=104918"},{"taxonomy":"product_tag","embeddable":true,"href":"https:\/\/www.claret.cat\/es\/wp-json\/wp\/v2\/product_tag?post=104918"}],"curies":[{"name":"wp","href":"https:\/\/api.w.org\/{rel}","templated":true}]}}