{"id":104942,"date":"2022-10-12T08:56:22","date_gmt":"2022-10-12T06:56:22","guid":{"rendered":"http:\/\/dev.claret.cat\/producte\/y-cuando-digo-espana\/"},"modified":"2023-01-28T10:06:32","modified_gmt":"2023-01-28T09:06:32","slug":"y-cuando-digo-espana-9788417241629","status":"publish","type":"product","link":"https:\/\/www.claret.cat\/es\/libro\/y-cuando-digo-espana-9788417241629\/","title":{"rendered":"Y CUANDO DIGO ESPA\u00d1A"},"content":{"rendered":"<p>Fernando Garc\u00eda de Cort\u00e1zar nos devuelve el placer de conocer Espa\u00f1a a trav\u00e9s de su gran  legado, un interminable r\u00edo de vidas may\u00fasculas, ideas, formas art\u00edsticas y fantas\u00edas literarias,  paisajes y ciudades que da rostro a la mejor de nuestras historias.  El escritor bilba\u00edno nos ofrece aqu\u00ed un apasionante compendio de su sabidur\u00eda sobre Espa\u00f1a:  una obra brillante y original, dedicada a recordar, con tanto rigor como talento literario,  lo que los espa\u00f1oles hemos sido y creado a lo largo de los siglos.  Pocas veces un libro re\u00fane y ordena tanta informaci\u00f3n de manera tan amena y entusiasta.  Y cuando digo Espa\u00f1a. Todo lo que hay que saber es la obra que cualquier espa\u00f1ol tiene que  leer, la gu\u00eda cultural que el extranjero interesado en nuestro pa\u00eds debe consultar.<\/p>\n","protected":false},"excerpt":{"rendered":"<p>GARC\u00cdA DE CORT\u00c1ZAR, FERNANDO<\/p>\n","protected":false},"featured_media":104943,"template":"","meta":{"_acf_changed":false,"om_disable_all_campaigns":false,"rs_blank_template":"","rs_page_bg_color":"","slide_template_v7":"","inline_featured_image":false,"_monsterinsights_skip_tracking":false,"_monsterinsights_sitenote_active":false,"_monsterinsights_sitenote_note":"","_monsterinsights_sitenote_category":0},"product_brand":[],"product_cat":[154],"product_tag":[],"class_list":{"0":"post-104942","1":"product","2":"type-product","3":"status-publish","4":"has-post-thumbnail","6":"product_cat-espanaya","8":"first","9":"instock","10":"taxable","11":"shipping-taxable","12":"purchasable","13":"product-type-simple"},"acf":{"autor":"GARC\u00cdA DE CORT\u00c1ZAR, FERNANDO","codart":"841724162","libros-coleccion":"Miscel\u00e1nea","ediciones":"1","encuadernacion":"Carpeta","fecha_de_publicacion":"01\/09\/2020","novedad":"1","paginas":"629","subtitulo":"TODO LO QUE HAY QUE SABER","orden":"0","portada":"0","idioma":"spa","editorial":[{"ID":147476,"post_author":"3","post_date":"2022-10-14 11:50:52","post_date_gmt":"2022-10-14 09:50:52","post_content":"","post_title":"Arzalia Ediciones","post_excerpt":"","post_status":"publish","comment_status":"closed","ping_status":"closed","post_password":"","post_name":"arzalia-ediciones","to_ping":"","pinged":"","post_modified":"2022-10-14 11:50:52","post_modified_gmt":"2022-10-14 09:50:52","post_content_filtered":"","post_parent":0,"guid":"http:\/\/dev.claret.cat\/editorial\/arzalia-ediciones\/","menu_order":0,"post_type":"editorial","post_mime_type":"","comment_count":"0","filter":"raw"}],"autores-libros":[{"ID":155828,"post_author":"3","post_date":"2022-10-14 15:15:57","post_date_gmt":"2022-10-14 13:15:57","post_content":"","post_title":"FERNANDO GARCIA DE CORTAZAR","post_excerpt":"","post_status":"publish","comment_status":"closed","ping_status":"closed","post_password":"","post_name":"fernando-garcia-de-cortazar","to_ping":"","pinged":"","post_modified":"2022-10-14 15:15:57","post_modified_gmt":"2022-10-14 13:15:57","post_content_filtered":"","post_parent":0,"guid":"http:\/\/dev.claret.cat\/autor\/fernando-garcia-de-cortazar\/","menu_order":0,"post_type":"autor","post_mime_type":"","comment_count":"0","filter":"raw"}]},"aioseo_notices":[],"_links":{"self":[{"href":"https:\/\/www.claret.cat\/es\/wp-json\/wp\/v2\/product\/104942","targetHints":{"allow":["GET"]}}],"collection":[{"href":"https:\/\/www.claret.cat\/es\/wp-json\/wp\/v2\/product"}],"about":[{"href":"https:\/\/www.claret.cat\/es\/wp-json\/wp\/v2\/types\/product"}],"wp:featuredmedia":[{"embeddable":true,"href":"https:\/\/www.claret.cat\/es\/wp-json\/wp\/v2\/media\/104943"}],"wp:attachment":[{"href":"https:\/\/www.claret.cat\/es\/wp-json\/wp\/v2\/media?parent=104942"}],"wp:term":[{"taxonomy":"product_brand","embeddable":true,"href":"https:\/\/www.claret.cat\/es\/wp-json\/wp\/v2\/product_brand?post=104942"},{"taxonomy":"product_cat","embeddable":true,"href":"https:\/\/www.claret.cat\/es\/wp-json\/wp\/v2\/product_cat?post=104942"},{"taxonomy":"product_tag","embeddable":true,"href":"https:\/\/www.claret.cat\/es\/wp-json\/wp\/v2\/product_tag?post=104942"}],"curies":[{"name":"wp","href":"https:\/\/api.w.org\/{rel}","templated":true}]}}