{"id":1049445,"date":"2025-09-01T16:25:35","date_gmt":"2025-09-01T14:25:35","guid":{"rendered":"https:\/\/www.claret.cat\/llibre\/museu-de-lart-prohibit-9788480035415\/"},"modified":"2025-09-01T16:42:50","modified_gmt":"2025-09-01T14:42:50","slug":"museu-de-lart-prohibit-9788480035415","status":"publish","type":"product","link":"https:\/\/www.claret.cat\/es\/libro\/museu-de-lart-prohibit-9788480035415\/","title":{"rendered":"MUSEU DE L&#8221;ART PROHIBIT"},"content":{"rendered":"<p>En el universo del arte, \u00bfest\u00e1 todo permitido? \u00bfProhibimos  prohibir? \u00bfTu libertad acaba donde empieza la de otro? \u00bfQu\u00e9  significa ofender, difamar, profanar a estas alturas de la historia?  En el \u00e1mbito art\u00edstico, \u00bfla se\u00f1al es lo contrario del ruido o la  se\u00f1al y el ruido construyen juntos la obra? \u00bfLa censura la  cancela o la impulsa? Esos son algunos de los interrogantes  que probablemente latan en tu cabeza despu\u00e9s de leer este  ensayo tachado sobre el Museu de l?Art Prohibit, cuando la la  lectura sea ya s\u00f3lo un recuerdo. El eco de ciertos momentos de  incomodidad, la resonancia de ciertos momentos de asombro..<\/p>\n","protected":false},"excerpt":{"rendered":"<p>CARRI\u00d3N, JORGE<\/p>\n","protected":false},"featured_media":1049446,"template":"","meta":{"_acf_changed":false,"om_disable_all_campaigns":false,"rs_blank_template":"","rs_page_bg_color":"","slide_template_v7":"","inline_featured_image":false,"_monsterinsights_skip_tracking":false,"_monsterinsights_sitenote_active":false,"_monsterinsights_sitenote_note":"","_monsterinsights_sitenote_category":0},"product_brand":[],"product_cat":[90,110,560,540],"product_tag":[],"class_list":{"0":"post-1049445","1":"product","2":"type-product","3":"status-publish","4":"has-post-thumbnail","6":"product_cat-altres","7":"product_cat-art","8":"product_cat-arte","9":"product_cat-otros","11":"first","12":"instock","13":"taxable","14":"shipping-taxable","15":"purchasable","16":"product-type-simple"},"acf":{"autor":"CARRI\u00d3N, JORGE","codart":"848003541","libros-coleccion":"","ediciones":"1","encuadernacion":"R\u00fastica","fecha_de_publicacion":"01\/09\/2023","novedad":"1","paginas":"208","subtitulo":"","orden":"0","portada":"0","idioma":"cat","booktrailer":"","resenas":"","editorial":[{"ID":148626,"post_author":"3","post_date":"2022-10-14 11:59:43","post_date_gmt":"2022-10-14 09:59:43","post_content":"","post_title":"PALACIOS (*) Y MUSEOS","post_excerpt":"","post_status":"publish","comment_status":"closed","ping_status":"closed","post_password":"","post_name":"palacios-y-museos","to_ping":"","pinged":"","post_modified":"2022-10-14 11:59:43","post_modified_gmt":"2022-10-14 09:59:43","post_content_filtered":"","post_parent":0,"guid":"http:\/\/dev.claret.cat\/editorial\/palacios-y-museos\/","menu_order":0,"post_type":"editorial","post_mime_type":"","comment_count":"0","filter":"raw"}]},"aioseo_notices":[],"_links":{"self":[{"href":"https:\/\/www.claret.cat\/es\/wp-json\/wp\/v2\/product\/1049445","targetHints":{"allow":["GET"]}}],"collection":[{"href":"https:\/\/www.claret.cat\/es\/wp-json\/wp\/v2\/product"}],"about":[{"href":"https:\/\/www.claret.cat\/es\/wp-json\/wp\/v2\/types\/product"}],"wp:featuredmedia":[{"embeddable":true,"href":"https:\/\/www.claret.cat\/es\/wp-json\/wp\/v2\/media\/1049446"}],"wp:attachment":[{"href":"https:\/\/www.claret.cat\/es\/wp-json\/wp\/v2\/media?parent=1049445"}],"wp:term":[{"taxonomy":"product_brand","embeddable":true,"href":"https:\/\/www.claret.cat\/es\/wp-json\/wp\/v2\/product_brand?post=1049445"},{"taxonomy":"product_cat","embeddable":true,"href":"https:\/\/www.claret.cat\/es\/wp-json\/wp\/v2\/product_cat?post=1049445"},{"taxonomy":"product_tag","embeddable":true,"href":"https:\/\/www.claret.cat\/es\/wp-json\/wp\/v2\/product_tag?post=1049445"}],"curies":[{"name":"wp","href":"https:\/\/api.w.org\/{rel}","templated":true}]}}