{"id":104948,"date":"2022-10-12T08:56:27","date_gmt":"2022-10-12T06:56:27","guid":{"rendered":"http:\/\/dev.claret.cat\/producte\/que-sabes-de-barcelona\/"},"modified":"2023-01-28T18:15:55","modified_gmt":"2023-01-28T17:15:55","slug":"que-sabes-de-barcelona-9788416918768","status":"publish","type":"product","link":"https:\/\/www.claret.cat\/es\/libro\/que-sabes-de-barcelona-9788416918768\/","title":{"rendered":"\u00bfQU\u00c9 SABES DE BARCELONA?"},"content":{"rendered":"<p>Bartomeu y Ona han vivido toda la vida en Barcelona, y est\u00e1n muy contentos porque podr\u00e1n ense\u00f1ar su ciudad a sus amigos Celia y Alim. A medida que pasean por Barcelona, les vienen a la cabeza muchas preguntas. \u00bfHacia d\u00f3nde se\u00f1ala el dedo de la estatua de Col\u00d3N? \u00bfCuantas calles hay en la ciudad? \u00bfQui\u00e9n fue Copito de Nieve? \u00bfQu\u00e9 es la manzana de la Discordia?  La curiosidad de estos cuatro amigos les descubrir\u00e1 que Barcelona es mucho m\u00e1s guay de lo que se pensaban.  \u00bfY t\u00fa, qu\u00e9 sabes, de Barcelona?<\/p>\n","protected":false},"excerpt":{"rendered":"<p>VELOY PLANAS, MARIANO \/ MAYNAR G\u00c1LVEZ, DAVID<\/p>\n","protected":false},"featured_media":317485,"template":"","meta":{"_acf_changed":false,"om_disable_all_campaigns":false,"rs_blank_template":"","rs_page_bg_color":"","slide_template_v7":"","inline_featured_image":false,"_monsterinsights_skip_tracking":false,"_monsterinsights_sitenote_active":false,"_monsterinsights_sitenote_note":"","_monsterinsights_sitenote_category":0},"product_brand":[],"product_cat":[131,361],"product_tag":[],"class_list":{"0":"post-104948","1":"product","2":"type-product","3":"status-publish","4":"has-post-thumbnail","6":"product_cat-contes-per-infants-0-6-anys","7":"product_cat-cuentos-para-ninos-0-6-anos","9":"first","10":"instock","11":"taxable","12":"shipping-taxable","13":"purchasable","14":"product-type-simple"},"acf":{"editorial":[{"ID":148408,"post_author":"3","post_date":"2022-10-14 11:58:01","post_date_gmt":"2022-10-14 09:58:01","post_content":"","post_title":"Lectio Ediciones","post_excerpt":"","post_status":"publish","comment_status":"closed","ping_status":"closed","post_password":"","post_name":"lectio-ediciones","to_ping":"","pinged":"","post_modified":"2022-10-14 11:58:01","post_modified_gmt":"2022-10-14 09:58:01","post_content_filtered":"","post_parent":0,"guid":"http:\/\/dev.claret.cat\/editorial\/lectio-ediciones\/","menu_order":0,"post_type":"editorial","post_mime_type":"","comment_count":"0","filter":"raw"}],"autores-libros":[{"ID":153888,"post_author":"3","post_date":"2022-10-14 15:00:21","post_date_gmt":"2022-10-14 13:00:21","post_content":"","post_title":"DAVID MAYNAR G\u00c1LVEZ","post_excerpt":"","post_status":"publish","comment_status":"closed","ping_status":"closed","post_password":"","post_name":"david-maynar-galvez","to_ping":"","pinged":"","post_modified":"2022-10-14 15:00:21","post_modified_gmt":"2022-10-14 13:00:21","post_content_filtered":"","post_parent":0,"guid":"http:\/\/dev.claret.cat\/autor\/david-maynar-galvez\/","menu_order":0,"post_type":"autor","post_mime_type":"","comment_count":"0","filter":"raw"},{"ID":163861,"post_author":"3","post_date":"2022-10-14 17:42:26","post_date_gmt":"2022-10-14 15:42:26","post_content":"","post_title":"MARIANO VELOY PLANAS","post_excerpt":"","post_status":"publish","comment_status":"closed","ping_status":"closed","post_password":"","post_name":"mariano-veloy-planas","to_ping":"","pinged":"","post_modified":"2022-10-14 17:42:26","post_modified_gmt":"2022-10-14 15:42:26","post_content_filtered":"","post_parent":0,"guid":"http:\/\/dev.claret.cat\/autor\/mariano-veloy-planas\/","menu_order":0,"post_type":"autor","post_mime_type":"","comment_count":"0","filter":"raw"}],"autor":"VELOY PLANAS, MARIANO \/ MAYNAR G\u00c1LVEZ, DAVID","codart":"841691876","libros-coleccion":"Otros Infantil","ediciones":"1","encuadernacion":"Carton\u00e9","fecha_de_publicacion":"01\/09\/2020","novedad":"1","paginas":"45","subtitulo":"PREGUNTAS Y RESPUESTAS","orden":"0","portada":"0","idioma":"spa"},"aioseo_notices":[],"_links":{"self":[{"href":"https:\/\/www.claret.cat\/es\/wp-json\/wp\/v2\/product\/104948","targetHints":{"allow":["GET"]}}],"collection":[{"href":"https:\/\/www.claret.cat\/es\/wp-json\/wp\/v2\/product"}],"about":[{"href":"https:\/\/www.claret.cat\/es\/wp-json\/wp\/v2\/types\/product"}],"wp:featuredmedia":[{"embeddable":true,"href":"https:\/\/www.claret.cat\/es\/wp-json\/wp\/v2\/media\/317485"}],"wp:attachment":[{"href":"https:\/\/www.claret.cat\/es\/wp-json\/wp\/v2\/media?parent=104948"}],"wp:term":[{"taxonomy":"product_brand","embeddable":true,"href":"https:\/\/www.claret.cat\/es\/wp-json\/wp\/v2\/product_brand?post=104948"},{"taxonomy":"product_cat","embeddable":true,"href":"https:\/\/www.claret.cat\/es\/wp-json\/wp\/v2\/product_cat?post=104948"},{"taxonomy":"product_tag","embeddable":true,"href":"https:\/\/www.claret.cat\/es\/wp-json\/wp\/v2\/product_tag?post=104948"}],"curies":[{"name":"wp","href":"https:\/\/api.w.org\/{rel}","templated":true}]}}