{"id":1049487,"date":"2025-09-01T16:40:02","date_gmt":"2025-09-01T14:40:02","guid":{"rendered":"https:\/\/www.claret.cat\/llibre\/peppa-pig-la-nueva-hermanita-de-peppa-9788448871727\/"},"modified":"2025-10-01T18:11:47","modified_gmt":"2025-10-01T16:11:47","slug":"peppa-pig-la-nueva-hermanita-de-peppa-9788448871727","status":"publish","type":"product","link":"https:\/\/www.claret.cat\/es\/libro\/peppa-pig-la-nueva-hermanita-de-peppa-9788448871727\/","title":{"rendered":"PEPPA PIG. LA NUEVA HERMANITA DE PEPPA"},"content":{"rendered":"<p>\u00a1Bienvenida a casa, peque\u00f1a! La familia de Peppa da la bienvenida a un nuevo beb\u00e9. Peppa y George est\u00e1n muy emocionados por conocer a su nueva hermanita. Pero&#8230; \u00bfcu\u00e1ndo llegar\u00e1? \u00bfY c\u00f3mo se llamar\u00e1? No te pierdas esta magn\u00edfica historia y descubre qu\u00e9 sucede cuando nuestra familia favorita de cerditos crece. Los libros de la colecci\u00f3n \u00abPeppa Pig. Un cuento\u00bb son los que mejor reflejan el entorno y las vivencias cotidianas de los m\u00e1s peque\u00f1os. Adem\u00e1s, sus textos contienen vocabulario sencillo, los interiores son muy visuales y relatan las divertidas aventuras del personaje favorito de los ni\u00f1os.<\/p>\n","protected":false},"excerpt":{"rendered":"<p>HASBRO<\/p>\n","protected":false},"featured_media":1049488,"template":"","meta":{"_acf_changed":false,"om_disable_all_campaigns":false,"rs_blank_template":"","rs_page_bg_color":"","slide_template_v7":"","inline_featured_image":false,"_monsterinsights_skip_tracking":false,"_monsterinsights_sitenote_active":false,"_monsterinsights_sitenote_note":"","_monsterinsights_sitenote_category":0},"product_brand":[],"product_cat":[131,361],"product_tag":[],"class_list":{"0":"post-1049487","1":"product","2":"type-product","3":"status-publish","4":"has-post-thumbnail","6":"product_cat-contes-per-infants-0-6-anys","7":"product_cat-cuentos-para-ninos-0-6-anos","9":"first","10":"instock","11":"taxable","12":"shipping-taxable","13":"purchasable","14":"product-type-simple"},"acf":{"autor":"HASBRO","codart":"844887172","libros-coleccion":"PEPPA PIG","ediciones":"1","encuadernacion":"Carton\u00e9","fecha_de_publicacion":"01\/09\/2025","novedad":"1","paginas":"24","subtitulo":"","orden":"0","portada":"0","idioma":"spa","booktrailer":"","resenas":"","editorial":[{"ID":6141,"post_author":"3","post_date":"2022-07-28 17:45:46","post_date_gmt":"2022-07-28 15:45:46","post_content":"","post_title":"BEASCOA","post_excerpt":"","post_status":"publish","comment_status":"closed","ping_status":"closed","post_password":"","post_name":"beascoa","to_ping":"","pinged":"","post_modified":"2022-07-28 17:45:46","post_modified_gmt":"2022-07-28 15:45:46","post_content_filtered":"","post_parent":0,"guid":"http:\/\/dev.claret.cat\/editorial\/beascoa\/","menu_order":0,"post_type":"editorial","post_mime_type":"","comment_count":"0","filter":"raw"}]},"aioseo_notices":[],"_links":{"self":[{"href":"https:\/\/www.claret.cat\/es\/wp-json\/wp\/v2\/product\/1049487","targetHints":{"allow":["GET"]}}],"collection":[{"href":"https:\/\/www.claret.cat\/es\/wp-json\/wp\/v2\/product"}],"about":[{"href":"https:\/\/www.claret.cat\/es\/wp-json\/wp\/v2\/types\/product"}],"wp:featuredmedia":[{"embeddable":true,"href":"https:\/\/www.claret.cat\/es\/wp-json\/wp\/v2\/media\/1049488"}],"wp:attachment":[{"href":"https:\/\/www.claret.cat\/es\/wp-json\/wp\/v2\/media?parent=1049487"}],"wp:term":[{"taxonomy":"product_brand","embeddable":true,"href":"https:\/\/www.claret.cat\/es\/wp-json\/wp\/v2\/product_brand?post=1049487"},{"taxonomy":"product_cat","embeddable":true,"href":"https:\/\/www.claret.cat\/es\/wp-json\/wp\/v2\/product_cat?post=1049487"},{"taxonomy":"product_tag","embeddable":true,"href":"https:\/\/www.claret.cat\/es\/wp-json\/wp\/v2\/product_tag?post=1049487"}],"curies":[{"name":"wp","href":"https:\/\/api.w.org\/{rel}","templated":true}]}}