{"id":1049871,"date":"2025-09-02T16:20:51","date_gmt":"2025-09-02T14:20:51","guid":{"rendered":"https:\/\/www.claret.cat\/llibre\/al-final-el-superviviente-quiere-morir-9788410239500\/"},"modified":"2025-09-02T16:25:23","modified_gmt":"2025-09-02T14:25:23","slug":"al-final-el-superviviente-quiere-morir-9788410239500","status":"publish","type":"product","link":"https:\/\/www.claret.cat\/es\/libro\/al-final-el-superviviente-quiere-morir-9788410239500\/","title":{"rendered":"AL FINAL EL SUPERVIVIENTE QUIERE MORIR"},"content":{"rendered":"<p>\u00bfY si tu muerte se encontrase\u00a0al otro lado de la l\u00ednea telef\u00f3nica?Muerte S\u00fabita te llama.\u00a0\u00bfResponder\u00e1s?Paz Dario permanece despierto todas las noches a la espera de la llamada\u00a0de Muerte S\u00fabita, que significar\u00e1 que ya puede dejar de fingir que quiere\u00a0continuar con su vida solitaria. Despu\u00e9s de un d\u00eda terrible, Paz decide que\u00a0est\u00e1 harto de esperar. Si le dicen que no va a morir, tendr\u00e1 que demostrarles\u00a0que se equivocan. Pero justo antes de su muerte, un chico le salva la vida.Alano Rosa es el heredero del imperio de Muerte S\u00fabita, que anima a\u00a0todo el mundo a aprovechar la vida al m\u00e1ximo, pese a que \u00e9l no siente\u00a0que tenga el control de su existencia debido a su padre. Y ahora que una\u00a0organizaci\u00f3n violenta llamada la Guardia de la Muerte lo amenaza, quiz\u00e1\u00a0su \u00daltimo D\u00eda est\u00e9 m\u00e1s cerca de lo que cree. Ha llegado la hora de vivir.El destino une a Paz y a Alano, pero ahora depende de ellos superar pruebas\u00a0muy duras para conseguir que al final no muera nadie.<\/p>\n","protected":false},"excerpt":{"rendered":"<p>SILVERA, ADAM<\/p>\n","protected":false},"featured_media":1049872,"template":"","meta":{"_acf_changed":false,"om_disable_all_campaigns":false,"rs_blank_template":"","rs_page_bg_color":"","slide_template_v7":"","inline_featured_image":false,"_monsterinsights_skip_tracking":false,"_monsterinsights_sitenote_active":false,"_monsterinsights_sitenote_note":"","_monsterinsights_sitenote_category":0},"product_brand":[],"product_cat":[133,479,220,363],"product_tag":[],"class_list":{"0":"post-1049871","1":"product","2":"type-product","3":"status-publish","4":"has-post-thumbnail","6":"product_cat-lectures-per-adolescents-12-18-anys","7":"product_cat-juvenil-catequesis-1_espiritualidad","8":"product_cat-juvenil-catequesi","9":"product_cat-lecturas-por-adolescentes-12-18-anos","11":"first","12":"instock","13":"taxable","14":"shipping-taxable","15":"purchasable","16":"product-type-simple"},"acf":{"autor":"SILVERA, ADAM","codart":"841023950","libros-coleccion":"#Realismo","ediciones":"1","encuadernacion":"R\u00fastica","fecha_de_publicacion":"01\/09\/2025","novedad":"1","paginas":"703","subtitulo":"","orden":"0","portada":"0","idioma":"spa","booktrailer":"","resenas":"","editorial":[{"ID":148715,"post_author":"3","post_date":"2022-10-14 12:00:25","post_date_gmt":"2022-10-14 10:00:25","post_content":"","post_title":"Puck","post_excerpt":"","post_status":"publish","comment_status":"closed","ping_status":"closed","post_password":"","post_name":"puck","to_ping":"","pinged":"","post_modified":"2022-10-14 12:00:25","post_modified_gmt":"2022-10-14 10:00:25","post_content_filtered":"","post_parent":0,"guid":"http:\/\/dev.claret.cat\/editorial\/puck\/","menu_order":0,"post_type":"editorial","post_mime_type":"","comment_count":"0","filter":"raw"}]},"aioseo_notices":[],"_links":{"self":[{"href":"https:\/\/www.claret.cat\/es\/wp-json\/wp\/v2\/product\/1049871","targetHints":{"allow":["GET"]}}],"collection":[{"href":"https:\/\/www.claret.cat\/es\/wp-json\/wp\/v2\/product"}],"about":[{"href":"https:\/\/www.claret.cat\/es\/wp-json\/wp\/v2\/types\/product"}],"wp:featuredmedia":[{"embeddable":true,"href":"https:\/\/www.claret.cat\/es\/wp-json\/wp\/v2\/media\/1049872"}],"wp:attachment":[{"href":"https:\/\/www.claret.cat\/es\/wp-json\/wp\/v2\/media?parent=1049871"}],"wp:term":[{"taxonomy":"product_brand","embeddable":true,"href":"https:\/\/www.claret.cat\/es\/wp-json\/wp\/v2\/product_brand?post=1049871"},{"taxonomy":"product_cat","embeddable":true,"href":"https:\/\/www.claret.cat\/es\/wp-json\/wp\/v2\/product_cat?post=1049871"},{"taxonomy":"product_tag","embeddable":true,"href":"https:\/\/www.claret.cat\/es\/wp-json\/wp\/v2\/product_tag?post=1049871"}],"curies":[{"name":"wp","href":"https:\/\/api.w.org\/{rel}","templated":true}]}}