{"id":1050176,"date":"2025-09-04T12:15:34","date_gmt":"2025-09-04T10:15:34","guid":{"rendered":"https:\/\/www.claret.cat\/llibre\/casate-conmigo-de-nuevo-9788432171468\/"},"modified":"2026-04-07T17:17:18","modified_gmt":"2026-04-07T15:17:18","slug":"casate-conmigo-de-nuevo-9788432171468","status":"publish","type":"product","link":"https:\/\/www.claret.cat\/es\/libro\/casate-conmigo-de-nuevo-9788432171468\/","title":{"rendered":"C\u00c1SATE CONMIGO &#8230; DE NUEVO"},"content":{"rendered":"<p>Una crisis importante marca el fin de una forma de relaci\u00f3n. Para reconstruirla, debemos aprender a pensar en t\u00e9rminos de un ?segundo matrimonio?.<\/p>\n<p>La pareja es un cuerpo vivo donde dos identidades diferentes experimentan una profunda intimidad. Ser uno mismo y al mismo tiempo ser ?nosotros? requiere flexibilidad y capacidad de adaptaci\u00f3n; el riesgo es que la relaci\u00f3n deje de responder a las necesidades vitales de uno o de otro, e incluso se produzcan situaciones graves de incomprensi\u00f3n y cansancio.<\/p>\n<p><\/p>\n<p>Una crisis importante marca el fin de una forma de relaci\u00f3n; para encontrar una nueva plenitud hay que reconstruir la relaci\u00f3n sobre nuevas bases. Debemos aprender a pensar en t\u00e9rminos de un ?segundo matrimonio? con la misma persona, tratando de comprender qu\u00e9 es lo que nos une de forma tan \u00fanica. El resultado es una relaci\u00f3n m\u00e1s s\u00f3lida y renovada, que representa una alianza verdadera y definitiva.<\/p>\n","protected":false},"excerpt":{"rendered":"<p>CERIOTTI MIGLIARESE, MARIOLINA<\/p>\n","protected":false},"featured_media":1050177,"template":"","meta":{"_acf_changed":false,"om_disable_all_campaigns":false,"rs_blank_template":"","rs_page_bg_color":"","slide_template_v7":"","inline_featured_image":false,"_monsterinsights_skip_tracking":false,"_monsterinsights_sitenote_active":false,"_monsterinsights_sitenote_note":"","_monsterinsights_sitenote_category":0},"product_brand":[],"product_cat":[250,397],"product_tag":[],"class_list":{"0":"post-1050176","1":"product","2":"type-product","3":"status-publish","4":"has-post-thumbnail","6":"product_cat-matrimoni","7":"product_cat-matrimonio","9":"first","10":"instock","11":"taxable","12":"shipping-taxable","13":"purchasable","14":"product-type-simple"},"acf":{"autor":"CERIOTTI MIGLIARESE, MARIOLINA","codart":"843217146","libros-coleccion":"","ediciones":"2","encuadernacion":"R\u00fastica","fecha_de_publicacion":"04\/09\/2025","novedad":"1","paginas":"156","subtitulo":"CRISIS Y RENACIMIENTO DE LA PAREJA","orden":"0","portada":"0","idioma":"spa","booktrailer":"","resenas":"","editorial":[{"ID":6348,"post_author":"3","post_date":"2022-07-28 17:50:16","post_date_gmt":"2022-07-28 15:50:16","post_content":"","post_title":"Rialp","post_excerpt":"","post_status":"publish","comment_status":"closed","ping_status":"closed","post_password":"","post_name":"rialp","to_ping":"","pinged":"","post_modified":"2022-07-28 17:50:16","post_modified_gmt":"2022-07-28 15:50:16","post_content_filtered":"","post_parent":0,"guid":"http:\/\/dev.claret.cat\/editorial\/rialp\/","menu_order":0,"post_type":"editorial","post_mime_type":"","comment_count":"0","filter":"raw"}]},"aioseo_notices":[],"_links":{"self":[{"href":"https:\/\/www.claret.cat\/es\/wp-json\/wp\/v2\/product\/1050176","targetHints":{"allow":["GET"]}}],"collection":[{"href":"https:\/\/www.claret.cat\/es\/wp-json\/wp\/v2\/product"}],"about":[{"href":"https:\/\/www.claret.cat\/es\/wp-json\/wp\/v2\/types\/product"}],"wp:featuredmedia":[{"embeddable":true,"href":"https:\/\/www.claret.cat\/es\/wp-json\/wp\/v2\/media\/1050177"}],"wp:attachment":[{"href":"https:\/\/www.claret.cat\/es\/wp-json\/wp\/v2\/media?parent=1050176"}],"wp:term":[{"taxonomy":"product_brand","embeddable":true,"href":"https:\/\/www.claret.cat\/es\/wp-json\/wp\/v2\/product_brand?post=1050176"},{"taxonomy":"product_cat","embeddable":true,"href":"https:\/\/www.claret.cat\/es\/wp-json\/wp\/v2\/product_cat?post=1050176"},{"taxonomy":"product_tag","embeddable":true,"href":"https:\/\/www.claret.cat\/es\/wp-json\/wp\/v2\/product_tag?post=1050176"}],"curies":[{"name":"wp","href":"https:\/\/api.w.org\/{rel}","templated":true}]}}