{"id":1050280,"date":"2025-09-04T13:40:32","date_gmt":"2025-09-04T11:40:32","guid":{"rendered":"https:\/\/www.claret.cat\/llibre\/la-sociedad-de-la-desconfianza-9791387833039\/"},"modified":"2026-04-09T13:05:39","modified_gmt":"2026-04-09T11:05:39","slug":"la-sociedad-de-la-desconfianza-9791387833039","status":"publish","type":"product","link":"https:\/\/www.claret.cat\/es\/libro\/la-sociedad-de-la-desconfianza-9791387833039\/","title":{"rendered":"LA SOCIEDAD DE LA DESCONFIANZA"},"content":{"rendered":"<p>Una poderosa llamada a reconstruir<br \/> la confianza en una sociedad fracturada.<br \/> La desconfianza es hoy una forma de respirar.<br \/> Un gesto aprendido, casi involuntario. Desconfiamos<br \/> de los gobiernos, de los otros, de los discursos, de las<br \/> promesas. Desconfiamos incluso de nuestras propias<br \/> decisiones. Y, sin embargo, seguimos viviendo juntos,<br \/> compartiendo el espacio p\u00fablico, pidiendo ayuda<br \/> en silencio, buscando sentido.<br \/> Este libro parte de una preocupaci\u00f3n moral:<br \/> \u00bfqu\u00e9 pasa cuando dejamos de creer en lo com\u00fan?<br \/> Victoria Camps escucha ese murmullo de fondo que<br \/> recorre nuestras democracias cansadas y nuestras<br \/> vidas fragmentadas. Lo interroga sin estridencias.<br \/> Lo piensa con cuidado. Porque tras la desconfianza<br \/> habita siempre una pregunta: \u00bfc\u00f3mo seguir?<br \/> La sociedad de la desconfianza es un ensayo<br \/> sobre el presente herido por el individualismo,<br \/> la precariedad y el desencanto. Pero tambi\u00e9n es una<br \/> propuesta: la de reconstruir un ethos compartido que<br \/> nos permita sostenernos, confiar, cooperar, convivir.<br \/> Un gesto filos\u00f3fico y pol\u00edtico para no ceder a la<br \/> indiferencia, y recordar que la libertad \u2014si quiere<br \/> ser digna de su nombre\u2014 necesita de los otros.<\/p>\n","protected":false},"excerpt":{"rendered":"<p>CAMPS, VICTORIA<\/p>\n","protected":false},"featured_media":1085246,"template":"","meta":{"_acf_changed":false,"om_disable_all_campaigns":false,"rs_blank_template":"","rs_page_bg_color":"","slide_template_v7":"","inline_featured_image":false,"_monsterinsights_skip_tracking":false,"_monsterinsights_sitenote_active":false,"_monsterinsights_sitenote_note":"","_monsterinsights_sitenote_category":0},"product_brand":[],"product_cat":[175,445],"product_tag":[],"class_list":{"0":"post-1050280","1":"product","2":"type-product","3":"status-publish","4":"has-post-thumbnail","6":"product_cat-etica","7":"product_cat-etica-filosofia-2_humanidades","9":"first","10":"instock","11":"taxable","12":"shipping-taxable","13":"purchasable","14":"product-type-simple"},"acf":{"autor":"CAMPS, VICTORIA","codart":"138783303","libros-coleccion":"Ensayo","ediciones":"1","encuadernacion":"R\u00fastica","fecha_de_publicacion":"01\/09\/2025","novedad":"1","paginas":"208","subtitulo":"C\u00d3MO RECUPERAR LA CONFIANZA EN UN MUNDO SIN DIMENSI\u00d3N MORAL DE LA POL\u00cdTICA Y LA","orden":"0","portada":"1","idioma":"spa","booktrailer":"","resenas":"","editorial":[{"ID":6127,"post_author":"3","post_date":"2022-07-28 17:45:28","post_date_gmt":"2022-07-28 15:45:28","post_content":"","post_title":"ARPA EDITORES","post_excerpt":"","post_status":"publish","comment_status":"closed","ping_status":"closed","post_password":"","post_name":"arpa-editores","to_ping":"","pinged":"","post_modified":"2022-07-28 17:45:28","post_modified_gmt":"2022-07-28 15:45:28","post_content_filtered":"","post_parent":0,"guid":"http:\/\/dev.claret.cat\/editorial\/arpa-editores\/","menu_order":0,"post_type":"editorial","post_mime_type":"","comment_count":"0","filter":"raw"}]},"aioseo_notices":[],"_links":{"self":[{"href":"https:\/\/www.claret.cat\/es\/wp-json\/wp\/v2\/product\/1050280","targetHints":{"allow":["GET"]}}],"collection":[{"href":"https:\/\/www.claret.cat\/es\/wp-json\/wp\/v2\/product"}],"about":[{"href":"https:\/\/www.claret.cat\/es\/wp-json\/wp\/v2\/types\/product"}],"wp:featuredmedia":[{"embeddable":true,"href":"https:\/\/www.claret.cat\/es\/wp-json\/wp\/v2\/media\/1085246"}],"wp:attachment":[{"href":"https:\/\/www.claret.cat\/es\/wp-json\/wp\/v2\/media?parent=1050280"}],"wp:term":[{"taxonomy":"product_brand","embeddable":true,"href":"https:\/\/www.claret.cat\/es\/wp-json\/wp\/v2\/product_brand?post=1050280"},{"taxonomy":"product_cat","embeddable":true,"href":"https:\/\/www.claret.cat\/es\/wp-json\/wp\/v2\/product_cat?post=1050280"},{"taxonomy":"product_tag","embeddable":true,"href":"https:\/\/www.claret.cat\/es\/wp-json\/wp\/v2\/product_tag?post=1050280"}],"curies":[{"name":"wp","href":"https:\/\/api.w.org\/{rel}","templated":true}]}}