{"id":1050510,"date":"2025-09-05T10:25:41","date_gmt":"2025-09-05T08:25:41","guid":{"rendered":"https:\/\/www.claret.cat\/llibre\/jesucristo-nuestro-salvador-9788432171253\/"},"modified":"2026-02-27T11:30:16","modified_gmt":"2026-02-27T10:30:16","slug":"jesucristo-nuestro-salvador-9788432171253","status":"publish","type":"product","link":"https:\/\/www.claret.cat\/es\/libro\/jesucristo-nuestro-salvador-9788432171253\/","title":{"rendered":"JESUCRISTO, NUESTRO SALVADOR"},"content":{"rendered":"<p>Un libro accesible para adentrarse en el misterio de Cristo. Ideal para quienes buscan comprender mejor la riqueza y profundidad de su figura.<\/p>\n<p>Esta iniciaci\u00f3n a la Cristolog\u00eda tiene la finalidad de facilitar a un amplio c\u00edrculo de personas un mayor conocimiento de la maravillosa riqueza y profundidad del misterio de Cristo: la primera parte analiza su persona en cuanto hombre y en cuanto Dios. La segunda, su obra redentora. La centralidad de Jesucristo en la vida de todo cristiano hace muy conveniente la lectura y estudio de los fundamentos de la Cristolog\u00eda.<\/p>\n","protected":false},"excerpt":{"rendered":"<p>FERRER BARRIENDOS, VICENTE<\/p>\n","protected":false},"featured_media":1050528,"template":"","meta":{"_acf_changed":false,"om_disable_all_campaigns":false,"rs_blank_template":"","rs_page_bg_color":"","slide_template_v7":"","inline_featured_image":false,"_monsterinsights_skip_tracking":false,"_monsterinsights_sitenote_active":false,"_monsterinsights_sitenote_note":"","_monsterinsights_sitenote_category":0},"product_brand":[],"product_cat":[276,414],"product_tag":[],"class_list":{"0":"post-1050510","1":"product","2":"type-product","3":"status-publish","4":"has-post-thumbnail","6":"product_cat-cristologia-teologia","7":"product_cat-cristologia-teologia-1_espiritualidad","9":"first","10":"instock","11":"taxable","12":"shipping-taxable","13":"purchasable","14":"product-type-simple"},"acf":{"autor":"FERRER BARRIENDOS, VICENTE","codart":"843217125","libros-coleccion":"Biblioteca de Iniciaci\u00f3n Teol\u00f3gica","ediciones":"1","encuadernacion":"R\u00fastica","fecha_de_publicacion":"04\/09\/2025","novedad":"1","paginas":"246","subtitulo":"INICIACI\u00d3N A LA CRISTOLOG\u00cdA ","orden":"0","portada":"0","idioma":"spa","booktrailer":"","resenas":"","editorial":[{"ID":6348,"post_author":"3","post_date":"2022-07-28 17:50:16","post_date_gmt":"2022-07-28 15:50:16","post_content":"","post_title":"Rialp","post_excerpt":"","post_status":"publish","comment_status":"closed","ping_status":"closed","post_password":"","post_name":"rialp","to_ping":"","pinged":"","post_modified":"2022-07-28 17:50:16","post_modified_gmt":"2022-07-28 15:50:16","post_content_filtered":"","post_parent":0,"guid":"http:\/\/dev.claret.cat\/editorial\/rialp\/","menu_order":0,"post_type":"editorial","post_mime_type":"","comment_count":"0","filter":"raw"}]},"aioseo_notices":[],"_links":{"self":[{"href":"https:\/\/www.claret.cat\/es\/wp-json\/wp\/v2\/product\/1050510","targetHints":{"allow":["GET"]}}],"collection":[{"href":"https:\/\/www.claret.cat\/es\/wp-json\/wp\/v2\/product"}],"about":[{"href":"https:\/\/www.claret.cat\/es\/wp-json\/wp\/v2\/types\/product"}],"wp:featuredmedia":[{"embeddable":true,"href":"https:\/\/www.claret.cat\/es\/wp-json\/wp\/v2\/media\/1050528"}],"wp:attachment":[{"href":"https:\/\/www.claret.cat\/es\/wp-json\/wp\/v2\/media?parent=1050510"}],"wp:term":[{"taxonomy":"product_brand","embeddable":true,"href":"https:\/\/www.claret.cat\/es\/wp-json\/wp\/v2\/product_brand?post=1050510"},{"taxonomy":"product_cat","embeddable":true,"href":"https:\/\/www.claret.cat\/es\/wp-json\/wp\/v2\/product_cat?post=1050510"},{"taxonomy":"product_tag","embeddable":true,"href":"https:\/\/www.claret.cat\/es\/wp-json\/wp\/v2\/product_tag?post=1050510"}],"curies":[{"name":"wp","href":"https:\/\/api.w.org\/{rel}","templated":true}]}}