{"id":1050599,"date":"2025-09-05T13:45:23","date_gmt":"2025-09-05T11:45:23","guid":{"rendered":"https:\/\/www.claret.cat\/llibre\/el-santo-caliz-9788413392417\/"},"modified":"2026-02-26T13:25:41","modified_gmt":"2026-02-26T12:25:41","slug":"el-santo-caliz-9788413392417","status":"publish","type":"product","link":"https:\/\/www.claret.cat\/es\/libro\/el-santo-caliz-9788413392417\/","title":{"rendered":"EL SANTO C\u00c1LIZ"},"content":{"rendered":"<p>Desde los testimonios de los peregrinos a Tierra Santa hasta los dep\u00f3sitos reales, El Santo C\u00e1liz. Una historia real recorre m\u00e1s de dos mil a\u00f1os de historia, fe y poder a trav\u00e9s del objeto sagrado m\u00e1s buscado del cristianismo. Con el rigor de una historiadora del arte y la mirada cr\u00edtica de un fil\u00f3sofo, ambos reconocidos expertos en este objeto, esta obra traza el viaje fascinante del c\u00e1liz desde Jerusal\u00e9n hasta la catedral g\u00f3tica de Valencia, donde hoy se venera.<br \/> \u00bfReliquia aut\u00e9ntica o s\u00edmbolo legendario? \u00bfQui\u00e9nes lo protegieron, lo escondieron, lo adoraron? \u00bfQu\u00e9 pruebas sostienen que este c\u00e1liz pudo estar realmente en manos de Jes\u00fas? Para responder a estas preguntas los autores revelan, entre la historia y la fe, c\u00f3mo el c\u00e1liz marc\u00f3 siglos de cultura, misterio y devoci\u00f3n.<br \/> Una historia real. Un c\u00e1liz real. Un viaje inolvidable.<\/p>\n","protected":false},"excerpt":{"rendered":"<p>MART\u00cdN LLORIS, CATALINA \/ G\u00d3MEZ-FERRER, GUILLERMO<\/p>\n","protected":false},"featured_media":1057999,"template":"","meta":{"_acf_changed":false,"om_disable_all_campaigns":false,"rs_blank_template":"","rs_page_bg_color":"","slide_template_v7":"","inline_featured_image":false,"_monsterinsights_skip_tracking":false,"_monsterinsights_sitenote_active":false,"_monsterinsights_sitenote_note":"","_monsterinsights_sitenote_category":0},"product_brand":[],"product_cat":[90,157,370,540],"product_tag":[],"class_list":{"0":"post-1050599","1":"product","2":"type-product","3":"status-publish","4":"has-post-thumbnail","6":"product_cat-altres","7":"product_cat-investigacio-i-corrents","8":"product_cat-investigacion-y-corrientes","9":"product_cat-otros","11":"first","12":"instock","13":"taxable","14":"shipping-taxable","15":"purchasable","16":"product-type-simple"},"acf":{"autor":"MART\u00cdN LLORIS, CATALINA \/ G\u00d3MEZ-FERRER, GUILLERMO","codart":"841339241","libros-coleccion":"Nuevo Ensayo","ediciones":"1","encuadernacion":"R\u00fastica","fecha_de_publicacion":"01\/07\/2025","novedad":"1","paginas":"232","subtitulo":"UNA HISTORIA REAL","orden":"0","portada":"0","idioma":"spa","booktrailer":"","resenas":"","editorial":[{"ID":6201,"post_author":"3","post_date":"2022-07-28 17:47:01","post_date_gmt":"2022-07-28 15:47:01","post_content":"","post_title":"Ediciones Encuentro","post_excerpt":"","post_status":"publish","comment_status":"closed","ping_status":"closed","post_password":"","post_name":"ediciones-encuentro","to_ping":"","pinged":"","post_modified":"2022-07-28 17:47:01","post_modified_gmt":"2022-07-28 15:47:01","post_content_filtered":"","post_parent":0,"guid":"http:\/\/dev.claret.cat\/editorial\/ediciones-encuentro\/","menu_order":0,"post_type":"editorial","post_mime_type":"","comment_count":"0","filter":"raw"}]},"aioseo_notices":[],"_links":{"self":[{"href":"https:\/\/www.claret.cat\/es\/wp-json\/wp\/v2\/product\/1050599","targetHints":{"allow":["GET"]}}],"collection":[{"href":"https:\/\/www.claret.cat\/es\/wp-json\/wp\/v2\/product"}],"about":[{"href":"https:\/\/www.claret.cat\/es\/wp-json\/wp\/v2\/types\/product"}],"wp:featuredmedia":[{"embeddable":true,"href":"https:\/\/www.claret.cat\/es\/wp-json\/wp\/v2\/media\/1057999"}],"wp:attachment":[{"href":"https:\/\/www.claret.cat\/es\/wp-json\/wp\/v2\/media?parent=1050599"}],"wp:term":[{"taxonomy":"product_brand","embeddable":true,"href":"https:\/\/www.claret.cat\/es\/wp-json\/wp\/v2\/product_brand?post=1050599"},{"taxonomy":"product_cat","embeddable":true,"href":"https:\/\/www.claret.cat\/es\/wp-json\/wp\/v2\/product_cat?post=1050599"},{"taxonomy":"product_tag","embeddable":true,"href":"https:\/\/www.claret.cat\/es\/wp-json\/wp\/v2\/product_tag?post=1050599"}],"curies":[{"name":"wp","href":"https:\/\/api.w.org\/{rel}","templated":true}]}}