{"id":1050639,"date":"2025-09-05T16:31:49","date_gmt":"2025-09-05T14:31:49","guid":{"rendered":"https:\/\/www.claret.cat\/llibre\/la-conferencia-de-puebla-9788427150256\/"},"modified":"2025-09-05T16:40:14","modified_gmt":"2025-09-05T14:40:14","slug":"la-conferencia-de-puebla-9788427150256","status":"publish","type":"product","link":"https:\/\/www.claret.cat\/es\/libro\/la-conferencia-de-puebla-9788427150256\/","title":{"rendered":"LA CONFERENCIA DE PUEBLA"},"content":{"rendered":"<p>Este libro recoge las actas del Congreso Internacional celebrado en Roma con motivo del 40.\u00ba aniversario de la Conferencia de Puebla, donde en 1979 la Iglesia latinoamericana consolid\u00f3 su opci\u00f3n preferencial por los pobres y su compromiso evangelizador. Con textos de Rodrigo Guerra, Gustavo Guti\u00e9rrez, Mons. Cabrejos, Scannone, Carriquiry, La Bella e Ivereigh, entre otros, la obra reconstruye el contexto, las tensiones y el legado de un acontecimiento que marc\u00f3 un nuevo rumbo pastoral para el continente. Una referencia imprescindible para comprender la renovaci\u00f3n eclesial nacida en Am\u00e9rica Latina.<\/p>\n","protected":false},"excerpt":{"rendered":"<p>PONTIFICIA COMISI\u00d3N PARA AM\u00c9RICA LATINA; PONTIFICIO COMIT\u00c9 DE CIENCIAS NATURALES<\/p>\n","protected":false},"featured_media":1050640,"template":"","meta":{"_acf_changed":false,"om_disable_all_campaigns":false,"rs_blank_template":"","rs_page_bg_color":"","slide_template_v7":"","inline_featured_image":false,"_monsterinsights_skip_tracking":false,"_monsterinsights_sitenote_active":false,"_monsterinsights_sitenote_note":"","_monsterinsights_sitenote_category":0},"product_brand":[],"product_cat":[283,511],"product_tag":[],"class_list":{"0":"post-1050639","1":"product","2":"type-product","3":"status-publish","4":"has-post-thumbnail","6":"product_cat-eclesiologia-teologia","7":"product_cat-eclesiologia-teologia-1_espiritualidad","9":"first","10":"instock","11":"taxable","12":"shipping-taxable","13":"purchasable","14":"product-type-simple"},"acf":{"autor":"PONTIFICIA COMISI\u00d3N PARA AM\u00c9RICA LATINA; PONTIFICIO COMIT\u00c9 DE CIENCIAS NATURALES","codart":"842715025","libros-coleccion":"FUERA DE COLECCI\u00d3N","ediciones":"1","encuadernacion":"R\u00fastica","fecha_de_publicacion":"01\/09\/2025","novedad":"1","paginas":"472","subtitulo":"ACTAS DEL CONGRESO INTERNACIONAL. ROMA, 2-4 DE OCTUBRE DE 2019","orden":"0","portada":"0","idioma":"spa","booktrailer":"","resenas":"","editorial":[{"ID":8258,"post_author":"3","post_date":"2022-09-30 09:21:32","post_date_gmt":"2022-09-30 07:21:32","post_content":"","post_title":"MENSAJERO","post_excerpt":"","post_status":"publish","comment_status":"closed","ping_status":"closed","post_password":"","post_name":"mensajero","to_ping":"","pinged":"","post_modified":"2022-09-30 09:21:32","post_modified_gmt":"2022-09-30 07:21:32","post_content_filtered":"","post_parent":0,"guid":"http:\/\/dev.claret.cat\/editorial\/mensajero\/","menu_order":0,"post_type":"editorial","post_mime_type":"","comment_count":"0","filter":"raw"}]},"aioseo_notices":[],"_links":{"self":[{"href":"https:\/\/www.claret.cat\/es\/wp-json\/wp\/v2\/product\/1050639","targetHints":{"allow":["GET"]}}],"collection":[{"href":"https:\/\/www.claret.cat\/es\/wp-json\/wp\/v2\/product"}],"about":[{"href":"https:\/\/www.claret.cat\/es\/wp-json\/wp\/v2\/types\/product"}],"wp:featuredmedia":[{"embeddable":true,"href":"https:\/\/www.claret.cat\/es\/wp-json\/wp\/v2\/media\/1050640"}],"wp:attachment":[{"href":"https:\/\/www.claret.cat\/es\/wp-json\/wp\/v2\/media?parent=1050639"}],"wp:term":[{"taxonomy":"product_brand","embeddable":true,"href":"https:\/\/www.claret.cat\/es\/wp-json\/wp\/v2\/product_brand?post=1050639"},{"taxonomy":"product_cat","embeddable":true,"href":"https:\/\/www.claret.cat\/es\/wp-json\/wp\/v2\/product_cat?post=1050639"},{"taxonomy":"product_tag","embeddable":true,"href":"https:\/\/www.claret.cat\/es\/wp-json\/wp\/v2\/product_tag?post=1050639"}],"curies":[{"name":"wp","href":"https:\/\/api.w.org\/{rel}","templated":true}]}}