{"id":1050676,"date":"2025-09-05T17:00:32","date_gmt":"2025-09-05T15:00:32","guid":{"rendered":"https:\/\/www.claret.cat\/llibre\/agencia-dental-magica-2-el-terrible-udol-de-lhome-llop-9788410302976\/"},"modified":"2025-11-25T13:50:21","modified_gmt":"2025-11-25T12:50:21","slug":"agencia-dental-magica-2-el-terrible-udol-de-lhome-llop-9788410302976","status":"publish","type":"product","link":"https:\/\/www.claret.cat\/es\/libro\/agencia-dental-magica-2-el-terrible-udol-de-lhome-llop-9788410302976\/","title":{"rendered":"AG\u00c8NCIA DENTAL M\u00c0GICA 2. EL TERRIBLE UDOL DE L&#8217;HOME LLOP"},"content":{"rendered":"<p>LLEGEIX I JUGA<br \/>EL LLIBRE PERFECTE PER APRENDRE A LLEGIR<\/p>\n<p>L&#8217;Ag\u00e8ncia Dental M\u00e0gica s&#8217;encarrega de recollir les dents de llet m\u00e9s&#8230; esgarrifoses!<\/p>\n<p>El ratolinet i la fada de les dents necessiten que els ajudis. Auuu! L\u2019home llop et crida una nit de lluna plena.<\/p>\n","protected":false},"excerpt":{"rendered":"<p>GOLFE, NACHO<\/p>\n","protected":false},"featured_media":1050709,"template":"","meta":{"_acf_changed":false,"om_disable_all_campaigns":false,"rs_blank_template":"","rs_page_bg_color":"","slide_template_v7":"","inline_featured_image":false,"_monsterinsights_skip_tracking":false,"_monsterinsights_sitenote_active":false,"_monsterinsights_sitenote_note":"","_monsterinsights_sitenote_category":0},"product_brand":[],"product_cat":[132,362],"product_tag":[],"class_list":{"0":"post-1050676","1":"product","2":"type-product","3":"status-publish","4":"has-post-thumbnail","6":"product_cat-lectures-per-preadolescents-6-12-anys","7":"product_cat-libros-preadolescentes-6-12-anos","9":"first","10":"instock","11":"taxable","12":"shipping-taxable","13":"purchasable","14":"product-type-simple"},"acf":{"autor":"GOLFE, NACHO","codart":"841030297","libros-coleccion":"FORA DE COL.LECCI\u00d3","ediciones":"1","encuadernacion":"R\u00fastica","fecha_de_publicacion":"01\/09\/2025","novedad":"1","paginas":"48","subtitulo":"","orden":"0","portada":"0","idioma":"cat","booktrailer":"","resenas":"","editorial":[{"ID":6123,"post_author":"3","post_date":"2022-07-28 17:45:23","post_date_gmt":"2022-07-28 15:45:23","post_content":"","post_title":"ANIMALLIBRES","post_excerpt":"","post_status":"publish","comment_status":"closed","ping_status":"closed","post_password":"","post_name":"animallibres","to_ping":"","pinged":"","post_modified":"2022-07-28 17:45:23","post_modified_gmt":"2022-07-28 15:45:23","post_content_filtered":"","post_parent":0,"guid":"http:\/\/dev.claret.cat\/editorial\/animallibres\/","menu_order":0,"post_type":"editorial","post_mime_type":"","comment_count":"0","filter":"raw"}]},"aioseo_notices":[],"_links":{"self":[{"href":"https:\/\/www.claret.cat\/es\/wp-json\/wp\/v2\/product\/1050676","targetHints":{"allow":["GET"]}}],"collection":[{"href":"https:\/\/www.claret.cat\/es\/wp-json\/wp\/v2\/product"}],"about":[{"href":"https:\/\/www.claret.cat\/es\/wp-json\/wp\/v2\/types\/product"}],"wp:featuredmedia":[{"embeddable":true,"href":"https:\/\/www.claret.cat\/es\/wp-json\/wp\/v2\/media\/1050709"}],"wp:attachment":[{"href":"https:\/\/www.claret.cat\/es\/wp-json\/wp\/v2\/media?parent=1050676"}],"wp:term":[{"taxonomy":"product_brand","embeddable":true,"href":"https:\/\/www.claret.cat\/es\/wp-json\/wp\/v2\/product_brand?post=1050676"},{"taxonomy":"product_cat","embeddable":true,"href":"https:\/\/www.claret.cat\/es\/wp-json\/wp\/v2\/product_cat?post=1050676"},{"taxonomy":"product_tag","embeddable":true,"href":"https:\/\/www.claret.cat\/es\/wp-json\/wp\/v2\/product_tag?post=1050676"}],"curies":[{"name":"wp","href":"https:\/\/api.w.org\/{rel}","templated":true}]}}