{"id":1050766,"date":"2025-09-08T13:00:36","date_gmt":"2025-09-08T11:00:36","guid":{"rendered":"https:\/\/www.claret.cat\/llibre\/cantico-de-las-criaturas-el-9788472400962\/"},"modified":"2025-09-29T12:05:11","modified_gmt":"2025-09-29T10:05:11","slug":"cantico-de-las-criaturas-el-9788472400962","status":"publish","type":"product","link":"https:\/\/www.claret.cat\/es\/libro\/cantico-de-las-criaturas-el-9788472400962\/","title":{"rendered":"CANTICO DE LAS CRIATURAS, EL"},"content":{"rendered":"<p>El hermano franciscano \u00c9loi Leclerc nos ofrece aqu\u00ed una interesante lectura-comentario del C\u00e1ntico de las criaturas de Francisco de As\u00eds. Partiendo de una atenci\u00f3n mayor al texto en s\u00ed mismo y a las circunstancias de su composici\u00f3n, el autor nos va llevando a una lectura interior de la obra de Francisco. Se interroga a cada elemento c\u00f3smico que celebra el poema, se escudri\u00f1a el orden y la estructura en que los celebra Francisco y poco a poco vamos descubriendo que no es solamente un discurso po\u00e9tico-religioso sobre las cosas. La luz propia del C\u00e1ntico lo ilumina y nos ilumina, y nos conduce a contemplar y entender la experiencia de Francisco. Sin duda, una experiencia c\u00f3smica de lo sagrado, pero tambi\u00e9n, y m\u00e1s all\u00e1, la experiencia de uni\u00f3n con Dios por los caminos humildes de la encarnaci\u00f3n del Hijo alt\u00edsimo de Dios. El C\u00e1ntico se muestra as\u00ed como la s\u00edntesis de la m\u00edstica evang\u00e9lica m\u00e1s \u00edntima y personal y la m\u00edstica c\u00f3smica m\u00e1s entusiasta.<\/p>\n<p>CONTENIDO DE LA OBRA<br \/>Texto del C\u00e1ntico de las Criaturas<br \/>Cuando las cosas hablan<br \/>Una hip\u00f3tesis de lectura<br \/>La loa inaccesible<br \/>La mediaci\u00f3n de las criaturas<br \/>La celebraci\u00f3n del sol<br \/>Las claridades de la noche<br \/>La canci\u00f3n del viento y el agua<br \/>El hermano fuego<br \/>La hermana tierra, nuestra madre<br \/>El perd\u00f3n y la paz<br \/>Nuestra hermana la muerte<br \/>El sol y la cruz<br \/>El hombre salvado<br \/>Conclusi\u00f3n: La po\u00e9tica de la salvaci\u00f3n<br \/>Posfacio: El lenguaje de la noche del alma<\/p>\n","protected":false},"excerpt":{"rendered":"<p>LECLERC, ELOI<\/p>\n","protected":false},"featured_media":1050767,"template":"","meta":{"_acf_changed":false,"om_disable_all_campaigns":false,"rs_blank_template":"","rs_page_bg_color":"","slide_template_v7":"","inline_featured_image":false,"_monsterinsights_skip_tracking":false,"_monsterinsights_sitenote_active":false,"_monsterinsights_sitenote_note":"","_monsterinsights_sitenote_category":0},"product_brand":[],"product_cat":[90,540],"product_tag":[],"class_list":{"0":"post-1050766","1":"product","2":"type-product","3":"status-publish","4":"has-post-thumbnail","6":"product_cat-altres","7":"product_cat-otros","9":"first","10":"instock","11":"taxable","12":"shipping-taxable","13":"purchasable","14":"product-type-simple"},"acf":{"autor":"LECLERC, ELOI","codart":"847240096","libros-coleccion":"FORA DE COL.LECCI\u00d3","ediciones":"1","encuadernacion":"[EditValue is null]","fecha_de_publicacion":"01\/12\/1977","novedad":"0","paginas":"272","subtitulo":"","orden":"999","portada":"0","idioma":"spa","booktrailer":"","resenas":"","editorial":[{"ID":147454,"post_author":"3","post_date":"2022-10-14 11:50:42","post_date_gmt":"2022-10-14 09:50:42","post_content":"","post_title":"ARANTZAZU","post_excerpt":"","post_status":"publish","comment_status":"closed","ping_status":"closed","post_password":"","post_name":"arantzazu","to_ping":"","pinged":"","post_modified":"2022-10-14 11:50:42","post_modified_gmt":"2022-10-14 09:50:42","post_content_filtered":"","post_parent":0,"guid":"http:\/\/dev.claret.cat\/editorial\/arantzazu\/","menu_order":0,"post_type":"editorial","post_mime_type":"","comment_count":"0","filter":"raw"}],"autores-libros":[{"ID":154903,"post_author":"3","post_date":"2022-10-14 15:08:35","post_date_gmt":"2022-10-14 13:08:35","post_content":"","post_title":"ELOI LECLERC","post_excerpt":"","post_status":"publish","comment_status":"closed","ping_status":"closed","post_password":"","post_name":"eloi-leclerc","to_ping":"","pinged":"","post_modified":"2022-10-14 15:08:35","post_modified_gmt":"2022-10-14 13:08:35","post_content_filtered":"","post_parent":0,"guid":"http:\/\/dev.claret.cat\/autor\/eloi-leclerc\/","menu_order":0,"post_type":"autor","post_mime_type":"","comment_count":"0","filter":"raw"}]},"aioseo_notices":[],"_links":{"self":[{"href":"https:\/\/www.claret.cat\/es\/wp-json\/wp\/v2\/product\/1050766","targetHints":{"allow":["GET"]}}],"collection":[{"href":"https:\/\/www.claret.cat\/es\/wp-json\/wp\/v2\/product"}],"about":[{"href":"https:\/\/www.claret.cat\/es\/wp-json\/wp\/v2\/types\/product"}],"wp:featuredmedia":[{"embeddable":true,"href":"https:\/\/www.claret.cat\/es\/wp-json\/wp\/v2\/media\/1050767"}],"wp:attachment":[{"href":"https:\/\/www.claret.cat\/es\/wp-json\/wp\/v2\/media?parent=1050766"}],"wp:term":[{"taxonomy":"product_brand","embeddable":true,"href":"https:\/\/www.claret.cat\/es\/wp-json\/wp\/v2\/product_brand?post=1050766"},{"taxonomy":"product_cat","embeddable":true,"href":"https:\/\/www.claret.cat\/es\/wp-json\/wp\/v2\/product_cat?post=1050766"},{"taxonomy":"product_tag","embeddable":true,"href":"https:\/\/www.claret.cat\/es\/wp-json\/wp\/v2\/product_tag?post=1050766"}],"curies":[{"name":"wp","href":"https:\/\/api.w.org\/{rel}","templated":true}]}}