{"id":10508,"date":"2022-09-30T19:53:04","date_gmt":"2022-09-30T17:53:04","guid":{"rendered":"http:\/\/dev.claret.cat\/producte\/dostoievski-en-90-minutos\/"},"modified":"2024-05-24T03:42:10","modified_gmt":"2024-05-24T01:42:10","slug":"dostoievski-en-90-minutos-9788432318016","status":"publish","type":"product","link":"https:\/\/www.claret.cat\/es\/libro\/dostoievski-en-90-minutos-9788432318016\/","title":{"rendered":"DOSTOIEVSKI EN 90 MINUTOS"},"content":{"rendered":"<p>Tras sobrevivir a un pelot\u00f3n de fusilamiento a los 28 a\u00f1os, Dostoievski nunca se tom\u00f3 las cosas a la ligera. Sus grandes novelas irrumpen en la escena literaria europea como una sucesi\u00f3n de tormentas y su entendimiento de los recovecos m\u00e1s oscuros y extremos de la mente humana arrojan mucha luz sobre la psicolog\u00eda y la pasi\u00f3n. Sus libros, cl\u00e1sicos de la literatura, inspiraron a escritores y pensadores tan dispares como Nietzsche y Kafka.<\/p>\n<p>En Dostoievski en 90 minutos, Paul Strathern nos ofrece el relato conciso de un experto sobre la vida e ideas de Dostoievski y explica su influencia sobre la literatura y la lucha de los hombres por entender su lugar en el mundo. El libro tambi\u00e9n incluye una selecci\u00f3n de textos de las obras de Dostoievski, una cronolog\u00eda de la vida y \u00e9poca del autor y una selecci\u00f3n de lecturas recomendadas para quienes deseen seguir leyendo.<\/p>\n","protected":false},"excerpt":{"rendered":"<p>STRATHERN, PAUL<\/p>\n","protected":false},"featured_media":345136,"template":"","meta":{"_acf_changed":false,"om_disable_all_campaigns":false,"rs_blank_template":"","rs_page_bg_color":"","slide_template_v7":"","inline_featured_image":false,"_monsterinsights_skip_tracking":false,"_monsterinsights_sitenote_active":false,"_monsterinsights_sitenote_note":"","_monsterinsights_sitenote_category":0},"product_brand":[],"product_cat":[87,353],"product_tag":[],"class_list":{"0":"post-10508","1":"product","2":"type-product","3":"status-publish","4":"has-post-thumbnail","6":"product_cat-literatura","7":"product_cat-literatura-2_humanidades","9":"first","10":"instock","11":"taxable","12":"shipping-taxable","13":"purchasable","14":"product-type-simple"},"acf":{"autor":"STRATHERN, PAUL","codart":"843231801","libros-coleccion":"","ediciones":"1","encuadernacion":"R\u00fastica","fecha_de_publicacion":"24\/03\/2016","novedad":"0","paginas":"128","subtitulo":"","orden":"999","portada":"0","idioma":"spa","editorial":[{"ID":6363,"post_author":"3","post_date":"2022-07-28 17:50:35","post_date_gmt":"2022-07-28 15:50:35","post_content":"","post_title":"SIGLO XXI, EDICIONES","post_excerpt":"","post_status":"publish","comment_status":"closed","ping_status":"closed","post_password":"","post_name":"siglo-xxi-ediciones","to_ping":"","pinged":"","post_modified":"2022-07-28 17:50:35","post_modified_gmt":"2022-07-28 15:50:35","post_content_filtered":"","post_parent":0,"guid":"http:\/\/dev.claret.cat\/editorial\/siglo-xxi-ediciones\/","menu_order":0,"post_type":"editorial","post_mime_type":"","comment_count":"0","filter":"raw"}],"autores-libros":[{"ID":166754,"post_author":"3","post_date":"2022-10-14 18:05:47","post_date_gmt":"2022-10-14 16:05:47","post_content":"","post_title":"PAUL STRATHERN","post_excerpt":"","post_status":"publish","comment_status":"closed","ping_status":"closed","post_password":"","post_name":"paul-strathern","to_ping":"","pinged":"","post_modified":"2022-10-14 18:05:47","post_modified_gmt":"2022-10-14 16:05:47","post_content_filtered":"","post_parent":0,"guid":"http:\/\/dev.claret.cat\/autor\/paul-strathern\/","menu_order":0,"post_type":"autor","post_mime_type":"","comment_count":"0","filter":"raw"}]},"aioseo_notices":[],"_links":{"self":[{"href":"https:\/\/www.claret.cat\/es\/wp-json\/wp\/v2\/product\/10508","targetHints":{"allow":["GET"]}}],"collection":[{"href":"https:\/\/www.claret.cat\/es\/wp-json\/wp\/v2\/product"}],"about":[{"href":"https:\/\/www.claret.cat\/es\/wp-json\/wp\/v2\/types\/product"}],"wp:featuredmedia":[{"embeddable":true,"href":"https:\/\/www.claret.cat\/es\/wp-json\/wp\/v2\/media\/345136"}],"wp:attachment":[{"href":"https:\/\/www.claret.cat\/es\/wp-json\/wp\/v2\/media?parent=10508"}],"wp:term":[{"taxonomy":"product_brand","embeddable":true,"href":"https:\/\/www.claret.cat\/es\/wp-json\/wp\/v2\/product_brand?post=10508"},{"taxonomy":"product_cat","embeddable":true,"href":"https:\/\/www.claret.cat\/es\/wp-json\/wp\/v2\/product_cat?post=10508"},{"taxonomy":"product_tag","embeddable":true,"href":"https:\/\/www.claret.cat\/es\/wp-json\/wp\/v2\/product_tag?post=10508"}],"curies":[{"name":"wp","href":"https:\/\/api.w.org\/{rel}","templated":true}]}}