{"id":1050803,"date":"2025-09-08T13:20:37","date_gmt":"2025-09-08T11:20:37","guid":{"rendered":"https:\/\/www.claret.cat\/llibre\/levitico-9788422024071\/"},"modified":"2025-09-17T17:16:28","modified_gmt":"2025-09-17T15:16:28","slug":"levitico-9788422024071","status":"publish","type":"product","link":"https:\/\/www.claret.cat\/es\/libro\/levitico-9788422024071\/","title":{"rendered":"LEV\u00cdTICO"},"content":{"rendered":"<p>El Lev\u00edtico est\u00e1 en el centro de la Tor\u00e1 o Pentateuco. El Lev\u00edtico es el coraz\u00f3n de la Tor\u00e1. En \u00e9l se concreta el modo de dar culto a Dios. Primero en el Santuario, mediante los sacrificios y las ofrendas adecuadas en cada momento y circunstancia (cf. cap\u00edtulos 1 a 16). Pero tambi\u00e9n en ese gran templo que es el mundo, donde las normas de la Ley de Santidad se\u00f1alan los modos de reverenciar a Dios en la vida ordinaria, en el trabajo, en la familia, en la sociedad y en los ritmos de los tiempos (cf. cap\u00edtulos 17 a 27). Se trata de una obra fascinante que descubre un espacio de amplios horizontes donde cobran nueva luz las grandes cuestiones que interesan de verdad a todo ser humano: Dios, el hombre, la naturaleza, y todas sus mutuas implicaciones y relaciones. Es, sin duda, uno de los grandes libros en la historia de la humanidad. Pero tambi\u00e9n es algo m\u00e1s.<\/p>\n<p class='ql-align-justify'>La serie&nbsp;<em>Comprender la Palabra&nbsp;<\/em>trata de explicar, comentar y acercar a los fieles el texto b\u00edblico que escuchan en la liturgia y leen personalmente o en grupo. Su finalidad es a la par profundamente pastoral y cient\u00edfica. Es decir, se trata de comentarios que parten de un serio estudio del texto y sus variantes, de los sentidos de las palabras, del contexto hist\u00f3rico y religioso, de las concepciones antropol\u00f3gicas y teol\u00f3gicas de fondo. A partir de ah\u00ed, cada comentario particular trata de mostrar al fiel cristiano con un lenguaje sencillo el significado del texto y su permanente valor para alimentar la vida de fe.<\/p>\n<p><\/p>\n","protected":false},"excerpt":{"rendered":"<p>VARO, FRANCISCO<\/p>\n","protected":false},"featured_media":1050921,"template":"","meta":{"_acf_changed":false,"om_disable_all_campaigns":false,"rs_blank_template":"","rs_page_bg_color":"","slide_template_v7":"","inline_featured_image":false,"_monsterinsights_skip_tracking":false,"_monsterinsights_sitenote_active":false,"_monsterinsights_sitenote_note":"","_monsterinsights_sitenote_category":0},"product_brand":[],"product_cat":[420,296,195,458],"product_tag":[],"class_list":{"0":"post-1050803","1":"product","2":"type-product","3":"status-publish","4":"has-post-thumbnail","6":"product_cat-biblias","7":"product_cat-biblies","8":"product_cat-introduccio-a-t","9":"product_cat-introduccion-a-t","11":"first","12":"instock","13":"taxable","14":"shipping-taxable","15":"purchasable","16":"product-type-simple"},"acf":{"autor":"VARO, FRANCISCO","codart":"842202407","libros-coleccion":"COMPRENDER LA PALABRA","ediciones":"1","encuadernacion":"R\u00fastica","fecha_de_publicacion":"08\/09\/2025","novedad":"1","paginas":"288","subtitulo":"","orden":"999","portada":"1","idioma":"spa","booktrailer":"","resenas":"","editorial":[{"ID":147509,"post_author":"3","post_date":"2022-10-14 11:51:07","post_date_gmt":"2022-10-14 09:51:07","post_content":"","post_title":"B.A.C.","post_excerpt":"","post_status":"publish","comment_status":"closed","ping_status":"closed","post_password":"","post_name":"b-a-c","to_ping":"","pinged":"","post_modified":"2022-10-14 11:51:07","post_modified_gmt":"2022-10-14 09:51:07","post_content_filtered":"","post_parent":0,"guid":"http:\/\/dev.claret.cat\/editorial\/b-a-c\/","menu_order":0,"post_type":"editorial","post_mime_type":"","comment_count":"0","filter":"raw"}]},"aioseo_notices":[],"_links":{"self":[{"href":"https:\/\/www.claret.cat\/es\/wp-json\/wp\/v2\/product\/1050803","targetHints":{"allow":["GET"]}}],"collection":[{"href":"https:\/\/www.claret.cat\/es\/wp-json\/wp\/v2\/product"}],"about":[{"href":"https:\/\/www.claret.cat\/es\/wp-json\/wp\/v2\/types\/product"}],"wp:featuredmedia":[{"embeddable":true,"href":"https:\/\/www.claret.cat\/es\/wp-json\/wp\/v2\/media\/1050921"}],"wp:attachment":[{"href":"https:\/\/www.claret.cat\/es\/wp-json\/wp\/v2\/media?parent=1050803"}],"wp:term":[{"taxonomy":"product_brand","embeddable":true,"href":"https:\/\/www.claret.cat\/es\/wp-json\/wp\/v2\/product_brand?post=1050803"},{"taxonomy":"product_cat","embeddable":true,"href":"https:\/\/www.claret.cat\/es\/wp-json\/wp\/v2\/product_cat?post=1050803"},{"taxonomy":"product_tag","embeddable":true,"href":"https:\/\/www.claret.cat\/es\/wp-json\/wp\/v2\/product_tag?post=1050803"}],"curies":[{"name":"wp","href":"https:\/\/api.w.org\/{rel}","templated":true}]}}