{"id":1050805,"date":"2025-09-08T13:21:50","date_gmt":"2025-09-08T11:21:50","guid":{"rendered":"https:\/\/www.claret.cat\/llibre\/calendario-liturgico-pastoral-2025-2026-9788417459840\/"},"modified":"2025-09-26T16:30:22","modified_gmt":"2025-09-26T14:30:22","slug":"calendario-liturgico-pastoral-2025-2026-9788417459840","status":"publish","type":"product","link":"https:\/\/www.claret.cat\/es\/libro\/calendario-liturgico-pastoral-2025-2026-9788417459840\/","title":{"rendered":"CALENDARIO LIT\u00daRGICO &#8211; PASTORAL 2025 &#8211; 2026"},"content":{"rendered":"<p>El <strong>Calendario Lit\u00fargico Pastoral 2025-2026<\/strong>, elaborado por el <strong>Secretariado de la Comisi\u00f3n Episcopal para la Liturgia<\/strong>, es una herramienta esencial para el <strong>pr\u00f3ximo a\u00f1o lit\u00fargico<\/strong>. Esta nueva edici\u00f3n incluye no solo el calendario oficial, sino tambi\u00e9n un <strong>subsidio musical<\/strong> pensado para responsables de la <strong>pastoral musical<\/strong> en las comunidades y una <strong>agenda personal<\/strong> pr\u00e1ctica para acompa\u00f1ar la vida parroquial.<\/p>\n<p><strong>Contenido del Calendario Lit\u00fargico Pastoral 2025-2026:<\/strong><\/p>\n<p><strong>Calendario Lit\u00fargico Pastoral<\/strong>: desde <strong>Adviento 2025<\/strong> hasta el <strong>31 de diciembre de 2026<\/strong> (400 p\u00e1ginas).<\/p>\n<p><strong>Subsidio musical<\/strong> para domingos y solemnidades: incluye la <strong>estrofa del salmo responsorial musicalizada<\/strong> y sugerencias para el <strong>canto de entrada y comuni\u00f3n<\/strong> (60 p\u00e1ginas).<\/p>\n<p><strong>Agenda personal<\/strong> en formato de bolsillo (13 x 9,2 cm), con un \u00fatil ap\u00e9ndice que contiene el <strong>Ritual de la unci\u00f3n de enfermos<\/strong>, el <strong>Bendicional<\/strong> y la <strong>Hora Intermedia<\/strong>.<\/p>\n<p>Este conjunto de materiales ofrece una <strong>gu\u00eda lit\u00fargica completa<\/strong>, ideal para sacerdotes, religiosos, responsables de <strong>pastoral lit\u00fargica y musical<\/strong>, as\u00ed como para todos aquellos que deseen vivir con mayor profundidad el <strong>a\u00f1o lit\u00fargico 2025-2026<\/strong>.<\/p>\n","protected":false},"excerpt":{"rendered":"<p>CONFERENCIA EPISCOPAL ESPA\u00d1OLA<\/p>\n","protected":false},"featured_media":1051764,"template":"","meta":{"_acf_changed":false,"om_disable_all_campaigns":false,"rs_blank_template":"","rs_page_bg_color":"","slide_template_v7":"","inline_featured_image":false,"_monsterinsights_skip_tracking":false,"_monsterinsights_sitenote_active":false,"_monsterinsights_sitenote_note":"","_monsterinsights_sitenote_category":0},"product_brand":[],"product_cat":[253,399],"product_tag":[],"class_list":{"0":"post-1050805","1":"product","2":"type-product","3":"status-publish","4":"has-post-thumbnail","6":"product_cat-any-liturgic","7":"product_cat-any-liturgic-liturgia-1_espiritualidad","9":"first","10":"instock","11":"taxable","12":"shipping-taxable","13":"purchasable","14":"product-type-simple"},"acf":{"autor":"CONFERENCIA EPISCOPAL ESPA\u00d1OLA","codart":"841745984","libros-coleccion":"LIBROS LITURGICOS","ediciones":"1","encuadernacion":"R\u00fastica","fecha_de_publicacion":"11\/09\/2025","novedad":"1","paginas":"400","subtitulo":"+AGENDA + SALMOS RESPONSORIALES","orden":"999","portada":"1","idioma":"spa","booktrailer":"","resenas":"","editorial":[{"ID":147509,"post_author":"3","post_date":"2022-10-14 11:51:07","post_date_gmt":"2022-10-14 09:51:07","post_content":"","post_title":"B.A.C.","post_excerpt":"","post_status":"publish","comment_status":"closed","ping_status":"closed","post_password":"","post_name":"b-a-c","to_ping":"","pinged":"","post_modified":"2022-10-14 11:51:07","post_modified_gmt":"2022-10-14 09:51:07","post_content_filtered":"","post_parent":0,"guid":"http:\/\/dev.claret.cat\/editorial\/b-a-c\/","menu_order":0,"post_type":"editorial","post_mime_type":"","comment_count":"0","filter":"raw"}]},"aioseo_notices":[],"_links":{"self":[{"href":"https:\/\/www.claret.cat\/es\/wp-json\/wp\/v2\/product\/1050805","targetHints":{"allow":["GET"]}}],"collection":[{"href":"https:\/\/www.claret.cat\/es\/wp-json\/wp\/v2\/product"}],"about":[{"href":"https:\/\/www.claret.cat\/es\/wp-json\/wp\/v2\/types\/product"}],"wp:featuredmedia":[{"embeddable":true,"href":"https:\/\/www.claret.cat\/es\/wp-json\/wp\/v2\/media\/1051764"}],"wp:attachment":[{"href":"https:\/\/www.claret.cat\/es\/wp-json\/wp\/v2\/media?parent=1050805"}],"wp:term":[{"taxonomy":"product_brand","embeddable":true,"href":"https:\/\/www.claret.cat\/es\/wp-json\/wp\/v2\/product_brand?post=1050805"},{"taxonomy":"product_cat","embeddable":true,"href":"https:\/\/www.claret.cat\/es\/wp-json\/wp\/v2\/product_cat?post=1050805"},{"taxonomy":"product_tag","embeddable":true,"href":"https:\/\/www.claret.cat\/es\/wp-json\/wp\/v2\/product_tag?post=1050805"}],"curies":[{"name":"wp","href":"https:\/\/api.w.org\/{rel}","templated":true}]}}