{"id":1050932,"date":"2025-09-09T11:45:02","date_gmt":"2025-09-09T09:45:02","guid":{"rendered":"https:\/\/www.claret.cat\/llibre\/suma-teologica-xv-sup-q3468-9788422023920\/"},"modified":"2025-09-09T12:08:06","modified_gmt":"2025-09-09T10:08:06","slug":"suma-teologica-xv-sup-q3468-9788422023920","status":"publish","type":"product","link":"https:\/\/www.claret.cat\/es\/libro\/suma-teologica-xv-sup-q3468-9788422023920\/","title":{"rendered":"SUMA TEOL\u00d3GICA. XV: SUP. Q.34-68"},"content":{"rendered":"<p class='ql-align-justify'>Edici\u00f3n biling\u00fce de la Suma Teol\u00f3gica de Santo Tom\u00e1s de Aquino con el texto latino de la edici\u00f3n cr\u00edtica leonina. Reimpresi\u00f3n&nbsp;de la edici\u00f3n de 1960.<\/p>\n<p class='ql-align-justify'>Traducci\u00f3n y anotaciones por una comisi\u00f3n de PP. Dominicos presidida por&nbsp;<strong>Francisco Barbado Viejo, OP<\/strong>.<\/p>\n<p class='ql-align-justify'>Este decimoquinto volumen comprende:<em>&nbsp;Tratado de los nov\u00edsimos,&nbsp;<\/em>versi\u00f3n e introducciones de&nbsp;<strong>Jes\u00fas Pla, OP&nbsp;<\/strong>y&nbsp;<strong>Manuel G. Miralles, OP.<\/strong><\/p>\n","protected":false},"excerpt":{"rendered":"<p>SANTO TOM\u00c1S DE AQUINO<\/p>\n","protected":false},"featured_media":1050959,"template":"","meta":{"_acf_changed":false,"om_disable_all_campaigns":false,"rs_blank_template":"","rs_page_bg_color":"","slide_template_v7":"","inline_featured_image":false,"_monsterinsights_skip_tracking":false,"_monsterinsights_sitenote_active":false,"_monsterinsights_sitenote_note":"","_monsterinsights_sitenote_category":0},"product_brand":[],"product_cat":[90,540],"product_tag":[],"class_list":{"0":"post-1050932","1":"product","2":"type-product","3":"status-publish","4":"has-post-thumbnail","6":"product_cat-altres","7":"product_cat-otros","9":"first","10":"instock","11":"taxable","12":"shipping-taxable","13":"purchasable","14":"product-type-simple"},"acf":{"autor":"SANTO TOM\u00c1S DE AQUINO","codart":"842202392","libros-coleccion":"BAC Normal","ediciones":"1","encuadernacion":"Carton\u00e9","fecha_de_publicacion":"08\/09\/2025","novedad":"1","paginas":"664","subtitulo":"TRATADO DEL ORDEN ; TRATADO DEL MATRIMONIO ","orden":"999","portada":"0","idioma":"spa","booktrailer":"","resenas":"","editorial":[{"ID":147509,"post_author":"3","post_date":"2022-10-14 11:51:07","post_date_gmt":"2022-10-14 09:51:07","post_content":"","post_title":"B.A.C.","post_excerpt":"","post_status":"publish","comment_status":"closed","ping_status":"closed","post_password":"","post_name":"b-a-c","to_ping":"","pinged":"","post_modified":"2022-10-14 11:51:07","post_modified_gmt":"2022-10-14 09:51:07","post_content_filtered":"","post_parent":0,"guid":"http:\/\/dev.claret.cat\/editorial\/b-a-c\/","menu_order":0,"post_type":"editorial","post_mime_type":"","comment_count":"0","filter":"raw"}],"linkebook":"","ficha":"","muestra":"","precioebook":"0","presentacion":""},"aioseo_notices":[],"_links":{"self":[{"href":"https:\/\/www.claret.cat\/es\/wp-json\/wp\/v2\/product\/1050932","targetHints":{"allow":["GET"]}}],"collection":[{"href":"https:\/\/www.claret.cat\/es\/wp-json\/wp\/v2\/product"}],"about":[{"href":"https:\/\/www.claret.cat\/es\/wp-json\/wp\/v2\/types\/product"}],"wp:featuredmedia":[{"embeddable":true,"href":"https:\/\/www.claret.cat\/es\/wp-json\/wp\/v2\/media\/1050959"}],"wp:attachment":[{"href":"https:\/\/www.claret.cat\/es\/wp-json\/wp\/v2\/media?parent=1050932"}],"wp:term":[{"taxonomy":"product_brand","embeddable":true,"href":"https:\/\/www.claret.cat\/es\/wp-json\/wp\/v2\/product_brand?post=1050932"},{"taxonomy":"product_cat","embeddable":true,"href":"https:\/\/www.claret.cat\/es\/wp-json\/wp\/v2\/product_cat?post=1050932"},{"taxonomy":"product_tag","embeddable":true,"href":"https:\/\/www.claret.cat\/es\/wp-json\/wp\/v2\/product_tag?post=1050932"}],"curies":[{"name":"wp","href":"https:\/\/api.w.org\/{rel}","templated":true}]}}