{"id":1050963,"date":"2025-09-09T12:15:02","date_gmt":"2025-09-09T10:15:02","guid":{"rendered":"https:\/\/www.claret.cat\/llibre\/vineland-9788490669372\/"},"modified":"2025-09-09T17:30:58","modified_gmt":"2025-09-09T15:30:58","slug":"vineland-9788490669372","status":"publish","type":"product","link":"https:\/\/www.claret.cat\/es\/libro\/vineland-9788490669372\/","title":{"rendered":"VINELAND"},"content":{"rendered":"<p>La gran novela de Thomas Pynchon, sobre los movimientos radicales de los a\u00f1os sesenta, que ha inspirado la pel\u00edcula Una batalla tras otra.En Vineland, regi\u00f3n californiana inventada por el autor, sobrevive, envuelto en brumas, un grupo de personas que hacen frente como pueden a las consecuencias de su vida en los a\u00f1os sesenta. En 1984, la joven Prairie busca a su madre, Frenesi, figura legendaria de los movimientos radicales a fines de los a\u00f1os sesenta. Lo que no sabe Prairie es que Frenesi acaba de perder su empleo en el FBI y que, una vez \u00abfuera\u00bb, es el blanco perfecto de un examante suyo, Brock Vond. Este acaba de llegar a California armado hasta los dientes y empe\u00f1ado en acabar con la comunidad liderada en los viejos tiempos por Frenesi. Pero nada detendr\u00e1 a Prairie, decidida a descubrir la trama que envuelve a su madre, objeto ahora de la ira del terrible Brock.<br \/> \u00abPynchon es probablemente el mejor de todos los grandes novelistas norteamericanos vivos.\u00bb Harold Bloom<br \/> \u00abThomas Pynchon es en las letras el perfecto equivalente de Bob Dylan: cl\u00e1sico y moderno y atemporal y eterno. Y por encima de todos y de todo.\u00a0 \u2026 \u00a0Hay que leerle, hay que aprender a leer a este hombre invisible pero omnipresente para saber de qu\u00e9 se trata.\u00bb Rodrigo Fres\u00e1n, Abc Cultural<br \/> \u00abPynchon es lo m\u00e1ximo. \u2026 Cuando lees a Pynchon por primera vez es como si te hubiera dado un calambre. No sabes lo que ha pasado, pero luego te das cuenta del milagro.\u00bb Junot D\u00edaz, El Pa\u00eds Semanal<\/p>\n","protected":false},"excerpt":{"rendered":"<p>PYNCHON, THOMAS<\/p>\n","protected":false},"featured_media":1051332,"template":"","meta":{"_acf_changed":false,"om_disable_all_campaigns":false,"rs_blank_template":"","rs_page_bg_color":"","slide_template_v7":"","inline_featured_image":false,"_monsterinsights_skip_tracking":false,"_monsterinsights_sitenote_active":false,"_monsterinsights_sitenote_note":"","_monsterinsights_sitenote_category":0},"product_brand":[],"product_cat":[127,357],"product_tag":[],"class_list":{"0":"post-1050963","1":"product","2":"type-product","3":"status-publish","4":"has-post-thumbnail","6":"product_cat-novella-contemporania","7":"product_cat-novela-contemporanea","9":"first","10":"instock","11":"taxable","12":"shipping-taxable","13":"purchasable","14":"product-type-simple"},"acf":{"autor":"PYNCHON, THOMAS","codart":"849066937","libros-coleccion":"Maxi","ediciones":"1","encuadernacion":"R\u00fastica","fecha_de_publicacion":"01\/09\/2025","novedad":"1","paginas":"592","subtitulo":"","orden":"0","portada":"0","idioma":"spa","booktrailer":"","resenas":"","editorial":[{"ID":148913,"post_author":"3","post_date":"2022-10-14 12:01:58","post_date_gmt":"2022-10-14 10:01:58","post_content":"","post_title":"Tusquets Editores S.A.","post_excerpt":"","post_status":"publish","comment_status":"closed","ping_status":"closed","post_password":"","post_name":"tusquets-editores-s-a","to_ping":"","pinged":"","post_modified":"2022-10-14 12:01:58","post_modified_gmt":"2022-10-14 10:01:58","post_content_filtered":"","post_parent":0,"guid":"http:\/\/dev.claret.cat\/editorial\/tusquets-editores-s-a\/","menu_order":0,"post_type":"editorial","post_mime_type":"","comment_count":"0","filter":"raw"}]},"aioseo_notices":[],"_links":{"self":[{"href":"https:\/\/www.claret.cat\/es\/wp-json\/wp\/v2\/product\/1050963","targetHints":{"allow":["GET"]}}],"collection":[{"href":"https:\/\/www.claret.cat\/es\/wp-json\/wp\/v2\/product"}],"about":[{"href":"https:\/\/www.claret.cat\/es\/wp-json\/wp\/v2\/types\/product"}],"wp:featuredmedia":[{"embeddable":true,"href":"https:\/\/www.claret.cat\/es\/wp-json\/wp\/v2\/media\/1051332"}],"wp:attachment":[{"href":"https:\/\/www.claret.cat\/es\/wp-json\/wp\/v2\/media?parent=1050963"}],"wp:term":[{"taxonomy":"product_brand","embeddable":true,"href":"https:\/\/www.claret.cat\/es\/wp-json\/wp\/v2\/product_brand?post=1050963"},{"taxonomy":"product_cat","embeddable":true,"href":"https:\/\/www.claret.cat\/es\/wp-json\/wp\/v2\/product_cat?post=1050963"},{"taxonomy":"product_tag","embeddable":true,"href":"https:\/\/www.claret.cat\/es\/wp-json\/wp\/v2\/product_tag?post=1050963"}],"curies":[{"name":"wp","href":"https:\/\/api.w.org\/{rel}","templated":true}]}}