{"id":1050966,"date":"2025-09-09T12:15:26","date_gmt":"2025-09-09T10:15:26","guid":{"rendered":"https:\/\/www.claret.cat\/llibre\/el-ultimo-secreto-9788408306863\/"},"modified":"2026-04-29T14:35:06","modified_gmt":"2026-04-29T12:35:06","slug":"el-ultimo-secreto-9788408306863","status":"publish","type":"product","link":"https:\/\/www.claret.cat\/es\/libro\/el-ultimo-secreto-9788408306863\/","title":{"rendered":"EL \u00daLTIMO SECRETO"},"content":{"rendered":"<p><strong>Dan Brown<\/strong>, autor del bestseller internacional <em>El c\u00f3digo Da Vinci<\/em>, regresa con <strong>El \u00faltimo secreto<\/strong>, una <strong>nueva y trepidante aventura de Robert Langdon<\/strong>, el c\u00e9lebre profesor de <strong>simbolog\u00eda<\/strong>.<\/p>\n<p><\/p>\n<p>En esta <strong>novela de acci\u00f3n<\/strong> y <strong>thriller<\/strong> cargada de <strong>enigmas, s\u00edmbolos y giros inesperados<\/strong>, Langdon viaja a la <strong>misteriosa ciudad de Praga<\/strong> para asistir a una conferencia de <strong>Katherine Solomon<\/strong>, una brillante <strong>cient\u00edfica no\u00e9tica<\/strong> que est\u00e1 a punto de publicar un libro revolucionario sobre la <strong>naturaleza de la conciencia humana<\/strong>. Sus descubrimientos prometen desafiar siglos de creencias establecidas.<\/p>\n<p><\/p>\n<p>Pero un <strong>asesinato brutal<\/strong> cambia el curso de los acontecimientos: Katherine desaparece sin dejar rastro junto con su manuscrito. Langdon se embarca entonces en una <strong>carrera contrarreloj<\/strong> por las calles y leyendas de <strong>la Ciudad de las Cien Torres<\/strong>, perseguido por una <strong>poderosa organizaci\u00f3n secreta<\/strong> y una figura enigm\u00e1tica nacida de antiguas tradiciones.<\/p>\n<p><\/p>\n<p>En un escenario fascinante donde la <strong>ciencia avanzada<\/strong> se entrelaza con el <strong>misticismo y la historia<\/strong>, Robert Langdon deber\u00e1 <strong>descifrar c\u00f3digos y s\u00edmbolos<\/strong> para descubrir una verdad oculta que podr\u00eda transformar para siempre nuestra comprensi\u00f3n de la <strong>mente humana<\/strong>.<\/p>\n<p>Con un ritmo imparable y una trama absorbente, <em>El \u00faltimo secreto<\/em> es la <strong>novela m\u00e1s ambiciosa, entretenida y adictiva de Dan Brown<\/strong>, un thriller que atrapar\u00e1 a millones de lectores en todo el mundo.<\/p>\n","protected":false},"excerpt":{"rendered":"<p>BROWN, DAN<\/p>\n","protected":false},"featured_media":1072814,"template":"","meta":{"_acf_changed":false,"om_disable_all_campaigns":false,"rs_blank_template":"","rs_page_bg_color":"","slide_template_v7":"","inline_featured_image":false,"_monsterinsights_skip_tracking":false,"_monsterinsights_sitenote_active":false,"_monsterinsights_sitenote_note":"","_monsterinsights_sitenote_category":0},"product_brand":[],"product_cat":[308,127,357],"product_tag":[],"class_list":{"0":"post-1050966","1":"product","2":"type-product","3":"status-publish","4":"has-post-thumbnail","6":"product_cat-castella","7":"product_cat-novella-contemporania","8":"product_cat-novela-contemporanea","10":"first","11":"instock","12":"taxable","13":"shipping-taxable","14":"purchasable","15":"product-type-simple"},"acf":{"autor":"BROWN, DAN","codart":"840830686","libros-coleccion":"Planeta Internacional","ediciones":"1","encuadernacion":"Carton\u00e9","fecha_de_publicacion":"10\/09\/2025","novedad":"1","paginas":"830","subtitulo":"","orden":"6","portada":"1","idioma":"spa","booktrailer":"","resenas":"","editorial":[{"ID":6233,"post_author":"3","post_date":"2022-07-28 17:47:48","post_date_gmt":"2022-07-28 15:47:48","post_content":"","post_title":"EDITORIAL PLANETA","post_excerpt":"","post_status":"publish","comment_status":"closed","ping_status":"closed","post_password":"","post_name":"editorial-planeta","to_ping":"","pinged":"","post_modified":"2022-07-28 17:47:48","post_modified_gmt":"2022-07-28 15:47:48","post_content_filtered":"","post_parent":0,"guid":"http:\/\/dev.claret.cat\/editorial\/editorial-planeta\/","menu_order":0,"post_type":"editorial","post_mime_type":"","comment_count":"0","filter":"raw"}],"linkebook":"","ficha":"","muestra":"","precioebook":"0","presentacion":"","autores-libros":"","traductores-libros":"","ilustradores-libros":"","formato":"","ebookportada":false,"recomendamos":"","mas_vendido":""},"aioseo_notices":[],"_links":{"self":[{"href":"https:\/\/www.claret.cat\/es\/wp-json\/wp\/v2\/product\/1050966","targetHints":{"allow":["GET"]}}],"collection":[{"href":"https:\/\/www.claret.cat\/es\/wp-json\/wp\/v2\/product"}],"about":[{"href":"https:\/\/www.claret.cat\/es\/wp-json\/wp\/v2\/types\/product"}],"wp:featuredmedia":[{"embeddable":true,"href":"https:\/\/www.claret.cat\/es\/wp-json\/wp\/v2\/media\/1072814"}],"wp:attachment":[{"href":"https:\/\/www.claret.cat\/es\/wp-json\/wp\/v2\/media?parent=1050966"}],"wp:term":[{"taxonomy":"product_brand","embeddable":true,"href":"https:\/\/www.claret.cat\/es\/wp-json\/wp\/v2\/product_brand?post=1050966"},{"taxonomy":"product_cat","embeddable":true,"href":"https:\/\/www.claret.cat\/es\/wp-json\/wp\/v2\/product_cat?post=1050966"},{"taxonomy":"product_tag","embeddable":true,"href":"https:\/\/www.claret.cat\/es\/wp-json\/wp\/v2\/product_tag?post=1050966"}],"curies":[{"name":"wp","href":"https:\/\/api.w.org\/{rel}","templated":true}]}}