{"id":1050981,"date":"2025-09-09T12:20:46","date_gmt":"2025-09-09T10:20:46","guid":{"rendered":"https:\/\/www.claret.cat\/llibre\/en-tito-i-els-fa-la-la-un-tren-petito-9791387519575\/"},"modified":"2026-03-03T18:25:05","modified_gmt":"2026-03-03T17:25:05","slug":"en-tito-i-els-fa-la-la-un-tren-petito-9791387519575","status":"publish","type":"product","link":"https:\/\/www.claret.cat\/es\/libro\/en-tito-i-els-fa-la-la-un-tren-petito-9791387519575\/","title":{"rendered":"EN TIT\u00d3 I ELS FA LA LA. UN TREN PETIT\u00d3"},"content":{"rendered":"<p>En Tit\u00f3, el personatge preferit dels m\u00e9s petits, en un nou format: llibres musicals amb les can\u00e7ons tradicions catalanes!\u00a0<br \/> Hola! Soc en Tit\u00f3, i a banda de viatjar per tot el m\u00f3n, tamb\u00e9 m&#8221;encanta la ballaruga! A en John C. ja el coneixeu, per\u00f2 ara us presento alguns m\u00e9s dels meus millors amics: en Ruquicorn, un \u00e9sser fant\u00e0stic que \u00e9s una barreja de ruc i unicorn, l&#8221;os bru del Pirineu, l&#8221;oca empordanesa i el trit\u00f3 del Montseny.\u00a0<br \/> Vols venir amb nosaltres a cantar i ballar les can\u00e7ons tradicionals catalanes?<br \/> Un tren petit\u00f3 que camina, que camina. Un tren petit\u00f3 que camina sense por.<br \/> Si hi voleu pujar afanyeu-vos, afanyeu-vos. Si hi voleu pujar afanyeu-vos, que se&#8221;n va.\u00a0<br \/> ***<br \/> &#8211; Llibres musicals basats en el programa del SX3 Fa la la, en qu\u00e8 quatre animals aut\u00f2ctons de Catalunya i l&#8221;avatar d&#8221;en Tit\u00f3 i en John C. interpreten can\u00e7ons tradicionals catalanes.\u00a0<br \/> &#8211;\u00a0Llic\u00e8ncia que arrasa a les audi\u00e8ncies de 3CAT, amb milers de visualitzacions a xarxes, i uns\u00a0personatges molt estimats\u00a0i seguits pels m\u00e9s petits.\u00a0<br \/> &#8211; Els llibres de\u00a0la col\u00b7lecci\u00f3\u00a0Les excursions d&#8221;en Tit\u00f3 s&#8221;han convertit en\u00a0un aut\u00e8ntic fenomen.\u00a0<br \/> &#8211; Format\u00a0novelty, de cartr\u00f3 amb botons de so, molt adequat per al p\u00fablic preescolar, i amb\u00a0lletra MAJ\u00daSCULA\u00a0per a nens i nenes que estan aprenent a llegir.\u00a0<br \/> &#8211; Amb\u00a0il\u00b7lustracions en color\u00a0i\u00a0m\u00fasica a cada doble p\u00e0gina.<\/p>\n","protected":false},"excerpt":{"rendered":"<p>JIM\u00c9NEZ CARB\u00d3, CRISTINA<\/p>\n","protected":false},"featured_media":1051269,"template":"","meta":{"_acf_changed":false,"om_disable_all_campaigns":false,"rs_blank_template":"","rs_page_bg_color":"","slide_template_v7":"","inline_featured_image":false,"_monsterinsights_skip_tracking":false,"_monsterinsights_sitenote_active":false,"_monsterinsights_sitenote_note":"","_monsterinsights_sitenote_category":0},"product_brand":[],"product_cat":[131,361],"product_tag":[],"class_list":{"0":"post-1050981","1":"product","2":"type-product","3":"status-publish","4":"has-post-thumbnail","6":"product_cat-contes-per-infants-0-6-anys","7":"product_cat-cuentos-para-ninos-0-6-anos","9":"first","10":"instock","11":"taxable","12":"shipping-taxable","13":"purchasable","14":"product-type-simple"},"acf":{"autor":"JIM\u00c9NEZ CARB\u00d3, CRISTINA","codart":"138751957","libros-coleccion":"FORA DE COL.LECCI\u00d3","ediciones":"1","encuadernacion":"Carpeta","fecha_de_publicacion":"01\/09\/2025","novedad":"1","paginas":"12","subtitulo":"","orden":"0","portada":"0","idioma":"cat","booktrailer":"","resenas":"","editorial":[{"ID":6249,"post_author":"3","post_date":"2022-07-28 17:48:09","post_date_gmt":"2022-07-28 15:48:09","post_content":"","post_title":"Estrella Polar","post_excerpt":"","post_status":"publish","comment_status":"closed","ping_status":"closed","post_password":"","post_name":"estrella-polar","to_ping":"","pinged":"","post_modified":"2022-07-28 17:48:09","post_modified_gmt":"2022-07-28 15:48:09","post_content_filtered":"","post_parent":0,"guid":"http:\/\/dev.claret.cat\/editorial\/estrella-polar\/","menu_order":0,"post_type":"editorial","post_mime_type":"","comment_count":"0","filter":"raw"}]},"aioseo_notices":[],"_links":{"self":[{"href":"https:\/\/www.claret.cat\/es\/wp-json\/wp\/v2\/product\/1050981","targetHints":{"allow":["GET"]}}],"collection":[{"href":"https:\/\/www.claret.cat\/es\/wp-json\/wp\/v2\/product"}],"about":[{"href":"https:\/\/www.claret.cat\/es\/wp-json\/wp\/v2\/types\/product"}],"wp:featuredmedia":[{"embeddable":true,"href":"https:\/\/www.claret.cat\/es\/wp-json\/wp\/v2\/media\/1051269"}],"wp:attachment":[{"href":"https:\/\/www.claret.cat\/es\/wp-json\/wp\/v2\/media?parent=1050981"}],"wp:term":[{"taxonomy":"product_brand","embeddable":true,"href":"https:\/\/www.claret.cat\/es\/wp-json\/wp\/v2\/product_brand?post=1050981"},{"taxonomy":"product_cat","embeddable":true,"href":"https:\/\/www.claret.cat\/es\/wp-json\/wp\/v2\/product_cat?post=1050981"},{"taxonomy":"product_tag","embeddable":true,"href":"https:\/\/www.claret.cat\/es\/wp-json\/wp\/v2\/product_tag?post=1050981"}],"curies":[{"name":"wp","href":"https:\/\/api.w.org\/{rel}","templated":true}]}}