{"id":1050984,"date":"2025-09-09T12:25:02","date_gmt":"2025-09-09T10:25:02","guid":{"rendered":"https:\/\/www.claret.cat\/llibre\/el-darrer-secret-9788466434089\/"},"modified":"2026-04-07T17:30:06","modified_gmt":"2026-04-07T15:30:06","slug":"el-darrer-secret-9788466434089","status":"publish","type":"product","link":"https:\/\/www.claret.cat\/es\/libro\/el-darrer-secret-9788466434089\/","title":{"rendered":"EL DARRER SECRET"},"content":{"rendered":"<p><strong>Dan Brown<\/strong>, autor supervendes d\u2019<em>El codi Da Vinci<\/em>, torna amb una <strong>nova i trepidant novel\u00b7la de thriller<\/strong> protagonitzada pel professor <strong>Robert Langdon<\/strong>.<\/p>\n<p>A El darrer secret, el mestre indiscutible del <strong>suspens i l\u2019acci\u00f3<\/strong> porta els lectors fins a la <strong>misteriosa ciutat de Praga<\/strong>, on enigmes ocults, <strong>girs inesperats<\/strong> i <strong>antics s\u00edmbols<\/strong> es creuen amb la <strong>ci\u00e8ncia m\u00e9s revolucion\u00e0ria<\/strong>.<\/p>\n<p>Quan la brillant cient\u00edfica <strong>Katherine Solomon<\/strong> est\u00e0 a punt de revelar descobriments sorprenents sobre la <strong>naturalesa de la consci\u00e8ncia humana<\/strong>, un assassinat brutal desencadena el caos. La Katherine desapareix juntament amb el seu valu\u00f3s manuscrit, i Langdon es veu immers en una <strong>cursa contra rellotge<\/strong> per salvar-la i desxifrar un projecte secret que podria transformar per sempre la manera com entenem la <strong>ment humana<\/strong>.<\/p>\n<p>Entre les <strong>torres medievals de Praga<\/strong>, les <strong>antigues llegendes<\/strong> i una poderosa organitzaci\u00f3 que el persegueix, Langdon haur\u00e0 de posar a prova els seus coneixements en <strong>simbologia, codis i enigmes<\/strong> per descobrir una veritat capa\u00e7 de canviar la hist\u00f2ria.<\/p>\n<p>Amb un ritme imparable, <em>El darrer secret<\/em> \u00e9s la <strong>novel\u00b7la m\u00e9s ambiciosa i absorbent de Dan Brown<\/strong>, una obra que combina <strong>acci\u00f3, misteri i ci\u00e8ncia<\/strong> com nom\u00e9s ell sap fer-ho.<\/p>\n","protected":false},"excerpt":{"rendered":"<p>BROWN, DAN<\/p>\n","protected":false},"featured_media":1058955,"template":"","meta":{"_acf_changed":false,"om_disable_all_campaigns":false,"rs_blank_template":"","rs_page_bg_color":"","slide_template_v7":"","inline_featured_image":false,"_monsterinsights_skip_tracking":false,"_monsterinsights_sitenote_active":false,"_monsterinsights_sitenote_note":"","_monsterinsights_sitenote_category":0},"product_brand":[],"product_cat":[307,127,130,357,360],"product_tag":[],"class_list":{"0":"post-1050984","1":"product","2":"type-product","3":"status-publish","4":"has-post-thumbnail","6":"product_cat-catala","7":"product_cat-novella-contemporania","8":"product_cat-novella-historica-i-ficcio","9":"product_cat-novela-contemporanea","10":"product_cat-novela-historica-y-ficcion","12":"first","13":"instock","14":"taxable","15":"shipping-taxable","16":"purchasable","17":"product-type-simple"},"acf":{"autor":"BROWN, DAN","codart":"846643408","libros-coleccion":"Cl\u00e0ssica","ediciones":"1","encuadernacion":"Carton\u00e9","fecha_de_publicacion":"10\/09\/2025","novedad":"1","paginas":"826","subtitulo":"","orden":"7","portada":"1","idioma":"cat","booktrailer":"","resenas":"","editorial":[{"ID":6166,"post_author":"3","post_date":"2022-07-28 17:46:19","post_date_gmt":"2022-07-28 15:46:19","post_content":"","post_title":"Columna CAT","post_excerpt":"","post_status":"publish","comment_status":"closed","ping_status":"closed","post_password":"","post_name":"columna-cat","to_ping":"","pinged":"","post_modified":"2022-07-28 17:46:19","post_modified_gmt":"2022-07-28 15:46:19","post_content_filtered":"","post_parent":0,"guid":"http:\/\/dev.claret.cat\/editorial\/columna-cat\/","menu_order":0,"post_type":"editorial","post_mime_type":"","comment_count":"0","filter":"raw"}],"linkebook":"","ficha":"","muestra":"","precioebook":"0","presentacion":""},"aioseo_notices":[],"_links":{"self":[{"href":"https:\/\/www.claret.cat\/es\/wp-json\/wp\/v2\/product\/1050984","targetHints":{"allow":["GET"]}}],"collection":[{"href":"https:\/\/www.claret.cat\/es\/wp-json\/wp\/v2\/product"}],"about":[{"href":"https:\/\/www.claret.cat\/es\/wp-json\/wp\/v2\/types\/product"}],"wp:featuredmedia":[{"embeddable":true,"href":"https:\/\/www.claret.cat\/es\/wp-json\/wp\/v2\/media\/1058955"}],"wp:attachment":[{"href":"https:\/\/www.claret.cat\/es\/wp-json\/wp\/v2\/media?parent=1050984"}],"wp:term":[{"taxonomy":"product_brand","embeddable":true,"href":"https:\/\/www.claret.cat\/es\/wp-json\/wp\/v2\/product_brand?post=1050984"},{"taxonomy":"product_cat","embeddable":true,"href":"https:\/\/www.claret.cat\/es\/wp-json\/wp\/v2\/product_cat?post=1050984"},{"taxonomy":"product_tag","embeddable":true,"href":"https:\/\/www.claret.cat\/es\/wp-json\/wp\/v2\/product_tag?post=1050984"}],"curies":[{"name":"wp","href":"https:\/\/api.w.org\/{rel}","templated":true}]}}