{"id":1051101,"date":"2025-09-09T13:36:44","date_gmt":"2025-09-09T11:36:44","guid":{"rendered":"https:\/\/www.claret.cat\/llibre\/lickabog-edicio-amb-illustracions-de-ben-mantle-9788419868640\/"},"modified":"2025-09-09T16:08:55","modified_gmt":"2025-09-09T14:08:55","slug":"lickabog-edicio-amb-illustracions-de-ben-mantle-9788419868640","status":"publish","type":"product","link":"https:\/\/www.claret.cat\/es\/libro\/lickabog-edicio-amb-illustracions-de-ben-mantle-9788419868640\/","title":{"rendered":"L&#8217;ICKABOG (EDICI\u00d3 AMB IL\u00b7LUSTRACIONS DE BEN MANTLE)"},"content":{"rendered":"<p>Una hist\u00f2ria fant\u00e0stica de J.K. Rowling.  Per als lectors m\u00e9s aventurers! Aix\u00f2 era una vegada un petit regne anomenat Cornuc\u00f2pia, tan ric en felicitat com en or, amb un rei de bigotis magn\u00edfics i un munt de productes bon\u00edssims. Per\u00f2 fins i tot en el regne m\u00e9s feli\u00e7 del m\u00f3n, s&#8221;hi amaga el perill. Les llegendes parlen d&#8221;una criatura temible que treu foc i viu als Pantans: l&#8221;ickabog. Quan aquesta faula pren vida pr\u00f2pia, dos nens, els millors amics en Bert i la Daisy, s&#8221;embarcaran en una gran aventura per descobrir la veritat i descobrir on s&#8221;amaga el veritable monstre, per\u00f2&#8230; Poden dos nens salvar tot un regne? *Descobreix una preciosa edici\u00f3 illustrada a tot color del conte infantil que J.K. Rowling va escriure per als seus propis fills. *Amb un llenguatge senzill, enginy\u00f3s i ple d&#8221;encant, l&#8221;autora d&#8221;\u00e8xit ens ofereix un relat m\u00e0gic i captivador, ideal per a nens i nenes amb esperit aventurer. *Auesta edici\u00f3 inclou un pr\u00f2leg in\u00e8dit escrit per la mateixa Rowling.  No te&#8221;l perdis!<\/p>\n","protected":false},"excerpt":{"rendered":"<p>ROWLING, J.K.<\/p>\n","protected":false},"featured_media":1051121,"template":"","meta":{"_acf_changed":false,"om_disable_all_campaigns":false,"rs_blank_template":"","rs_page_bg_color":"","slide_template_v7":"","inline_featured_image":false,"_monsterinsights_skip_tracking":false,"_monsterinsights_sitenote_active":false,"_monsterinsights_sitenote_note":"","_monsterinsights_sitenote_category":0},"product_brand":[],"product_cat":[132,362],"product_tag":[],"class_list":{"0":"post-1051101","1":"product","2":"type-product","3":"status-publish","4":"has-post-thumbnail","6":"product_cat-lectures-per-preadolescents-6-12-anys","7":"product_cat-libros-preadolescentes-6-12-anos","9":"first","10":"instock","11":"taxable","12":"shipping-taxable","13":"purchasable","14":"product-type-simple"},"acf":{"autor":"ROWLING, J.K.","codart":"841986864","libros-coleccion":"FORA DE COL.LECCI\u00d3","ediciones":"1","encuadernacion":"Carton\u00e9","fecha_de_publicacion":"01\/09\/2025","novedad":"1","paginas":"361","subtitulo":"","orden":"0","portada":"0","idioma":"cat","booktrailer":"","resenas":"","editorial":[{"ID":6354,"post_author":"3","post_date":"2022-07-28 17:50:23","post_date_gmt":"2022-07-28 15:50:23","post_content":"","post_title":"Salamandra Infantil y Juvenil","post_excerpt":"","post_status":"publish","comment_status":"closed","ping_status":"closed","post_password":"","post_name":"salamandra-infantil-y-juvenil","to_ping":"","pinged":"","post_modified":"2022-07-28 17:50:23","post_modified_gmt":"2022-07-28 15:50:23","post_content_filtered":"","post_parent":0,"guid":"http:\/\/dev.claret.cat\/editorial\/salamandra-infantil-y-juvenil\/","menu_order":0,"post_type":"editorial","post_mime_type":"","comment_count":"0","filter":"raw"}]},"aioseo_notices":[],"_links":{"self":[{"href":"https:\/\/www.claret.cat\/es\/wp-json\/wp\/v2\/product\/1051101","targetHints":{"allow":["GET"]}}],"collection":[{"href":"https:\/\/www.claret.cat\/es\/wp-json\/wp\/v2\/product"}],"about":[{"href":"https:\/\/www.claret.cat\/es\/wp-json\/wp\/v2\/types\/product"}],"wp:featuredmedia":[{"embeddable":true,"href":"https:\/\/www.claret.cat\/es\/wp-json\/wp\/v2\/media\/1051121"}],"wp:attachment":[{"href":"https:\/\/www.claret.cat\/es\/wp-json\/wp\/v2\/media?parent=1051101"}],"wp:term":[{"taxonomy":"product_brand","embeddable":true,"href":"https:\/\/www.claret.cat\/es\/wp-json\/wp\/v2\/product_brand?post=1051101"},{"taxonomy":"product_cat","embeddable":true,"href":"https:\/\/www.claret.cat\/es\/wp-json\/wp\/v2\/product_cat?post=1051101"},{"taxonomy":"product_tag","embeddable":true,"href":"https:\/\/www.claret.cat\/es\/wp-json\/wp\/v2\/product_tag?post=1051101"}],"curies":[{"name":"wp","href":"https:\/\/api.w.org\/{rel}","templated":true}]}}