{"id":1051187,"date":"2025-09-09T14:11:09","date_gmt":"2025-09-09T12:11:09","guid":{"rendered":"https:\/\/www.claret.cat\/llibre\/cinco-meses-de-invierno-9788419851130\/"},"modified":"2026-04-18T12:55:11","modified_gmt":"2026-04-18T10:55:11","slug":"cinco-meses-de-invierno-9788419851130","status":"publish","type":"product","link":"https:\/\/www.claret.cat\/es\/libro\/cinco-meses-de-invierno-9788419851130\/","title":{"rendered":"CINCO MESES DE INVIERNO"},"content":{"rendered":"<p>\u00abUna memorable epopeya criminal.\u00bb<br \/>Dennis Lehane Diciembre de 1941. Mientras los nazis siembran el caos en Europa y Estados Unidos intenta mantenerse al margen del conflicto, en Honolul\u00fa la apacible vida del inspector Joe McGrady, de la polic\u00eda de Haw\u00e1i, da un vuelco cuando le encargan esclarecer la muerte del joven Henry Kimmel Willard, sobrino del almirante de la marina estadounidense destinado en la zona, y de una chica japonesa, ambos asesinados con una crueldad inimaginable en la granja de un hacendado local. La compleja investigaci\u00f3n obliga a McGrady a recorrer el Pac\u00edfico, desde Haw\u00e1i hasta Hong Kong y otros enclaves remotos de la regi\u00f3n, mientras la flota japonesa avanza en secreto hacia Pearl Harbor, dispuesta a lanzar el primer golpe de la confrontaci\u00f3n militar m\u00e1s cruenta de la historia. Sin embargo, ni siquiera la guerra podr\u00e1 detener al solitario y sensible McGrady en su implacable b\u00fasqueda de una verdad devastadora. Elogiada por autores de la talla de Stephen King, Dennis Lehane o Lee Child, Cinco meses de invierno es mucho m\u00e1s que una apasionante novela polic\u00edaca: es un fresco \u00e9pico de los a\u00f1os de la Segunda Guerra Mundial en el Pac\u00edfico y sus consecuencias visibles e invisibles, as\u00ed como una profunda meditaci\u00f3n sobre el choque de dos mundos y una desgarradora historia de traici\u00f3n, amor, supervivencia y b\u00fasqueda de la propia identidad.La cr\u00edtica ha dicho:<br \/>\u00abMisterio, suspense y novela negra con la guerra del Pac\u00edfico como tel\u00f3n de fondo. Una gran historia.\u00bb<br \/>Stephen King \u00abUna de las grandes novelas polic\u00edacas estadounidenses que hay que leer, a la altura de las de Don Winslow o L.A. Confidential de James Ellroy.\u00bb<br \/>Krimibestenliste\u00abUn relato palpitante, que destaca por su perfecto detallismo y sobre todo por su inolvidable evocaci\u00f3n de un momento hist\u00f3rico. [&#8230;] Un descubrimiento.\u00bb<br \/>Pico Iyer \u00abL\u00edrico, violento, inteligente y sobrecogedor.\u00bb<br \/>The Wall Street Journal \u00abGuerra, encarcelamientos,torturas y amor. [&#8230;] La novela tiene una estructura casi oper\u00edstica y una prosa preciosa.\u00bb<br \/>The New York Times \u00abUn relato excepcional, lleno de emoci\u00f3n, sorprendente y con la furia necesaria como para satisfacer al lector m\u00e1s \u00e1vido de sangre.\u00bb<br \/>Library Journal \u00abAbsolutamente inolvidable.\u00bb<br \/>Publishers Weekly\u00abUna magn\u00edfica historia de amor y un thriller apasionante, que funciona de manera soberbia. Los hilos de la trama se unen de manera exquisita en un final estremecedor.\u00bb<br \/>Booklist<\/p>\n","protected":false},"excerpt":{"rendered":"<p>KESTREL, JAMES<\/p>\n","protected":false},"featured_media":1051188,"template":"","meta":{"_acf_changed":false,"om_disable_all_campaigns":false,"rs_blank_template":"","rs_page_bg_color":"","slide_template_v7":"","inline_featured_image":false,"_monsterinsights_skip_tracking":false,"_monsterinsights_sitenote_active":false,"_monsterinsights_sitenote_note":"","_monsterinsights_sitenote_category":0},"product_brand":[],"product_cat":[127,357],"product_tag":[],"class_list":{"0":"post-1051187","1":"product","2":"type-product","3":"status-publish","4":"has-post-thumbnail","6":"product_cat-novella-contemporania","7":"product_cat-novela-contemporanea","9":"first","10":"instock","11":"taxable","12":"shipping-taxable","13":"purchasable","14":"product-type-simple"},"acf":{"autor":"KESTREL, JAMES","codart":"841985113","libros-coleccion":"Salamandra Black","ediciones":"1","encuadernacion":"R\u00fastica","fecha_de_publicacion":"01\/09\/2025","novedad":"1","paginas":"416","subtitulo":"","orden":"0","portada":"0","idioma":"spa","booktrailer":"","resenas":"","editorial":[{"ID":6352,"post_author":"3","post_date":"2022-07-28 17:50:21","post_date_gmt":"2022-07-28 15:50:21","post_content":"","post_title":"SALAMANDRA","post_excerpt":"","post_status":"publish","comment_status":"closed","ping_status":"closed","post_password":"","post_name":"salamandra","to_ping":"","pinged":"","post_modified":"2022-07-28 17:50:21","post_modified_gmt":"2022-07-28 15:50:21","post_content_filtered":"","post_parent":0,"guid":"http:\/\/dev.claret.cat\/editorial\/salamandra\/","menu_order":0,"post_type":"editorial","post_mime_type":"","comment_count":"0","filter":"raw"}]},"aioseo_notices":[],"_links":{"self":[{"href":"https:\/\/www.claret.cat\/es\/wp-json\/wp\/v2\/product\/1051187","targetHints":{"allow":["GET"]}}],"collection":[{"href":"https:\/\/www.claret.cat\/es\/wp-json\/wp\/v2\/product"}],"about":[{"href":"https:\/\/www.claret.cat\/es\/wp-json\/wp\/v2\/types\/product"}],"wp:featuredmedia":[{"embeddable":true,"href":"https:\/\/www.claret.cat\/es\/wp-json\/wp\/v2\/media\/1051188"}],"wp:attachment":[{"href":"https:\/\/www.claret.cat\/es\/wp-json\/wp\/v2\/media?parent=1051187"}],"wp:term":[{"taxonomy":"product_brand","embeddable":true,"href":"https:\/\/www.claret.cat\/es\/wp-json\/wp\/v2\/product_brand?post=1051187"},{"taxonomy":"product_cat","embeddable":true,"href":"https:\/\/www.claret.cat\/es\/wp-json\/wp\/v2\/product_cat?post=1051187"},{"taxonomy":"product_tag","embeddable":true,"href":"https:\/\/www.claret.cat\/es\/wp-json\/wp\/v2\/product_tag?post=1051187"}],"curies":[{"name":"wp","href":"https:\/\/api.w.org\/{rel}","templated":true}]}}