{"id":105137,"date":"2022-10-12T08:59:04","date_gmt":"2022-10-12T06:59:04","guid":{"rendered":"http:\/\/dev.claret.cat\/producte\/excursions-a-peu-per-guilleries-i-savassona\/"},"modified":"2023-01-28T16:22:12","modified_gmt":"2023-01-28T15:22:12","slug":"excursions-a-peu-per-guilleries-i-savassona-9788490349526","status":"publish","type":"product","link":"https:\/\/www.claret.cat\/es\/libro\/excursions-a-peu-per-guilleries-i-savassona-9788490349526\/","title":{"rendered":"EXCURSIONS A PEU PER GUILLERIES I SAVASSONA"},"content":{"rendered":"<p>Aquest llibre us proposa quinze excursions pels espais de les Guilleries i Savassona, uns indrets fins ara poc coneguts per a la pr\u00e0ctica excursionista, per\u00f2 que poden esdevenir un marc incomparable per a la marxa n\u00f2rdica. Descobrireu llocs de resson\u00e0ncies hist\u00f2riques com l&#8221;Espluga Vella o castells com el de Savellana, per\u00f2 tamb\u00e9 una petita grimpada per una esmolada carena i molts senders i boscos que mai no s&#8221;acaben. En el llibre trobareu, tamb\u00e9, informaci\u00f3 sobre la durada, el desnivell i la topografia de cada itinerari, aix\u00ed com mapes i fotografies a tot color. Aix\u00ed mateix, hi ha una introducci\u00f3 que ajuda a fer una primera aproximaci\u00f3 al medi que es vol trepitjar<\/p>\n","protected":false},"excerpt":{"rendered":"<p>ROMA I CASANOVAS, FRANCESC<\/p>\n","protected":false},"featured_media":105138,"template":"","meta":{"_acf_changed":false,"om_disable_all_campaigns":false,"rs_blank_template":"","rs_page_bg_color":"","slide_template_v7":"","inline_featured_image":false,"_monsterinsights_skip_tracking":false,"_monsterinsights_sitenote_active":false,"_monsterinsights_sitenote_note":"","_monsterinsights_sitenote_category":0},"product_brand":[],"product_cat":[107],"product_tag":[],"class_list":{"0":"post-105137","1":"product","2":"type-product","3":"status-publish","4":"has-post-thumbnail","6":"product_cat-guies-de-viatge","8":"first","9":"instock","10":"taxable","11":"shipping-taxable","12":"purchasable","13":"product-type-simple"},"acf":{"editorial":[{"ID":148407,"post_author":"3","post_date":"2022-10-14 11:58:00","post_date_gmt":"2022-10-14 09:58:00","post_content":"","post_title":"LECTIO - IMATGE-9","post_excerpt":"","post_status":"publish","comment_status":"closed","ping_status":"closed","post_password":"","post_name":"lectio-imatge-9","to_ping":"","pinged":"","post_modified":"2022-10-14 11:58:00","post_modified_gmt":"2022-10-14 09:58:00","post_content_filtered":"","post_parent":0,"guid":"http:\/\/dev.claret.cat\/editorial\/lectio-imatge-9\/","menu_order":0,"post_type":"editorial","post_mime_type":"","comment_count":"0","filter":"raw"}],"autor":"ROMA I CASANOVAS, FRANCESC","codart":"849034952","libros-coleccion":"Miniazimuts","ediciones":"1","encuadernacion":"R\u00fastica","fecha_de_publicacion":"01\/09\/2020","novedad":"1","paginas":"70","subtitulo":"","orden":"0","portada":"0","idioma":"cat"},"aioseo_notices":[],"_links":{"self":[{"href":"https:\/\/www.claret.cat\/es\/wp-json\/wp\/v2\/product\/105137","targetHints":{"allow":["GET"]}}],"collection":[{"href":"https:\/\/www.claret.cat\/es\/wp-json\/wp\/v2\/product"}],"about":[{"href":"https:\/\/www.claret.cat\/es\/wp-json\/wp\/v2\/types\/product"}],"wp:featuredmedia":[{"embeddable":true,"href":"https:\/\/www.claret.cat\/es\/wp-json\/wp\/v2\/media\/105138"}],"wp:attachment":[{"href":"https:\/\/www.claret.cat\/es\/wp-json\/wp\/v2\/media?parent=105137"}],"wp:term":[{"taxonomy":"product_brand","embeddable":true,"href":"https:\/\/www.claret.cat\/es\/wp-json\/wp\/v2\/product_brand?post=105137"},{"taxonomy":"product_cat","embeddable":true,"href":"https:\/\/www.claret.cat\/es\/wp-json\/wp\/v2\/product_cat?post=105137"},{"taxonomy":"product_tag","embeddable":true,"href":"https:\/\/www.claret.cat\/es\/wp-json\/wp\/v2\/product_tag?post=105137"}],"curies":[{"name":"wp","href":"https:\/\/api.w.org\/{rel}","templated":true}]}}