{"id":105155,"date":"2022-10-12T08:59:20","date_gmt":"2022-10-12T06:59:20","guid":{"rendered":"http:\/\/dev.claret.cat\/producte\/mossos-independentistes\/"},"modified":"2023-01-28T06:25:43","modified_gmt":"2023-01-28T05:25:43","slug":"mossos-independentistes-9782849742914","status":"publish","type":"product","link":"https:\/\/www.claret.cat\/es\/libro\/mossos-independentistes-9782849742914\/","title":{"rendered":"MOSSOS INDEPENDENTISTES"},"content":{"rendered":"<p>Guilleries \u00e9s un col\u00b7lectiu format per moss@s d&#8217;esquadra que neix el mes de setembre de 2017 en el marc d&#8217;una trobada en un poble del massis de les Guilleries, amb l&#8217;objectiu de defensar el Cos i la resta d&#8217;institucions catalanes de la repressi\u00f3 exercida per un estat espanyol en plena involuci\u00f3 democr\u00e0tica integrat per estructures de poder nost\u00e0lgiques del franquisme, generant alhora estats d&#8217;opini\u00f3 i creant consci\u00e8ncia nacional i republicana.<\/p>\n<p>Estem fermament conven\u00e7uts que la millora de les condicions de vida de la ciutadania catalana i la garantia del ple exercici de llurs drets i llibertats exigeix la creaci\u00f3 en el menor temps possible d&#8217;un estat independent en forma de Rep\u00fablica, i a la consecuci\u00f3 d&#8217;aquest objectiu volem aportat la nostra contribuci\u00f3.<\/p>\n<p>Guilleries no defallir\u00e0 fins a l&#8217;assoliment d&#8217;aquesta fita col\u00b7lectiva que suposar\u00e0 la fi de l&#8217;ocupaci\u00f3 espanyola de la nostra p\u00e0tria que perdura des de fa m\u00e9s de 300 anys.<\/p>\n<p>SOM-HI, ARA \u00c9S L&#8217;HORA !!!<\/p>\n","protected":false},"excerpt":{"rendered":"<p>AA.VV<\/p>\n","protected":false},"featured_media":105156,"template":"","meta":{"_acf_changed":false,"om_disable_all_campaigns":false,"rs_blank_template":"","rs_page_bg_color":"","slide_template_v7":"","inline_featured_image":false,"_monsterinsights_skip_tracking":false,"_monsterinsights_sitenote_active":false,"_monsterinsights_sitenote_note":"","_monsterinsights_sitenote_category":0},"product_brand":[],"product_cat":[120],"product_tag":[],"class_list":{"0":"post-105155","1":"product","2":"type-product","3":"status-publish","4":"has-post-thumbnail","6":"product_cat-politica","8":"first","9":"instock","10":"taxable","11":"shipping-taxable","12":"purchasable","13":"product-type-simple"},"acf":{"autores-libros":[{"ID":5198,"post_author":"3","post_date":"2022-07-28 17:16:52","post_date_gmt":"2022-07-28 15:16:52","post_content":"","post_title":"AA.VV","post_excerpt":"","post_status":"publish","comment_status":"closed","ping_status":"closed","post_password":"","post_name":"aa-vv-2","to_ping":"","pinged":"","post_modified":"2022-07-28 17:16:52","post_modified_gmt":"2022-07-28 15:16:52","post_content_filtered":"","post_parent":0,"guid":"http:\/\/dev.claret.cat\/autor\/aa-vv-2\/","menu_order":0,"post_type":"autor","post_mime_type":"","comment_count":"0","filter":"raw"}],"autor":"AA.VV","codart":"284974291","libros-coleccion":"","ediciones":"1","encuadernacion":"Carpeta","fecha_de_publicacion":"01\/09\/2020","novedad":"1","paginas":"139","subtitulo":"","orden":"0","portada":"0","idioma":"cat","editorial":[{"ID":148888,"post_author":"3","post_date":"2022-10-14 12:01:46","post_date_gmt":"2022-10-14 10:01:46","post_content":"","post_title":"TRABUCAIRE EDITIONS","post_excerpt":"","post_status":"publish","comment_status":"closed","ping_status":"closed","post_password":"","post_name":"trabucaire-editions","to_ping":"","pinged":"","post_modified":"2022-10-14 12:01:46","post_modified_gmt":"2022-10-14 10:01:46","post_content_filtered":"","post_parent":0,"guid":"http:\/\/dev.claret.cat\/editorial\/trabucaire-editions\/","menu_order":0,"post_type":"editorial","post_mime_type":"","comment_count":"0","filter":"raw"}]},"aioseo_notices":[],"_links":{"self":[{"href":"https:\/\/www.claret.cat\/es\/wp-json\/wp\/v2\/product\/105155","targetHints":{"allow":["GET"]}}],"collection":[{"href":"https:\/\/www.claret.cat\/es\/wp-json\/wp\/v2\/product"}],"about":[{"href":"https:\/\/www.claret.cat\/es\/wp-json\/wp\/v2\/types\/product"}],"wp:featuredmedia":[{"embeddable":true,"href":"https:\/\/www.claret.cat\/es\/wp-json\/wp\/v2\/media\/105156"}],"wp:attachment":[{"href":"https:\/\/www.claret.cat\/es\/wp-json\/wp\/v2\/media?parent=105155"}],"wp:term":[{"taxonomy":"product_brand","embeddable":true,"href":"https:\/\/www.claret.cat\/es\/wp-json\/wp\/v2\/product_brand?post=105155"},{"taxonomy":"product_cat","embeddable":true,"href":"https:\/\/www.claret.cat\/es\/wp-json\/wp\/v2\/product_cat?post=105155"},{"taxonomy":"product_tag","embeddable":true,"href":"https:\/\/www.claret.cat\/es\/wp-json\/wp\/v2\/product_tag?post=105155"}],"curies":[{"name":"wp","href":"https:\/\/api.w.org\/{rel}","templated":true}]}}