{"id":1051593,"date":"2025-09-10T16:40:02","date_gmt":"2025-09-10T14:40:02","guid":{"rendered":"https:\/\/www.claret.cat\/llibre\/dios-todavia-9788419640741\/"},"modified":"2026-01-23T11:46:50","modified_gmt":"2026-01-23T10:46:50","slug":"dios-todavia-9788419640741","status":"publish","type":"product","link":"https:\/\/www.claret.cat\/es\/libro\/dios-todavia-9788419640741\/","title":{"rendered":"\u00bfDIOS TODAV\u00cdA?"},"content":{"rendered":"","protected":false},"excerpt":{"rendered":"<p>JES\u00daS ESPEJA Y JES\u00daS D\u00cdAZ SARIEGO<\/p>\n","protected":false},"featured_media":1076576,"template":"","meta":{"_acf_changed":false,"om_disable_all_campaigns":false,"rs_blank_template":"","rs_page_bg_color":"","slide_template_v7":"","inline_featured_image":false,"_monsterinsights_skip_tracking":false,"_monsterinsights_sitenote_active":false,"_monsterinsights_sitenote_note":"","_monsterinsights_sitenote_category":0},"product_brand":[],"product_cat":[237,488,414,276,495,245],"product_tag":[],"class_list":{"0":"post-1051593","1":"product","2":"type-product","3":"status-publish","4":"has-post-thumbnail","6":"product_cat-cami-de-perfeccionament","7":"product_cat-camino-de-perfeccionamiento","8":"product_cat-cristologia-teologia-1_espiritualidad","9":"product_cat-cristologia-teologia","10":"product_cat-diversa-espiritualidad-1_espiritualidad","11":"product_cat-diversa","13":"first","14":"instock","15":"taxable","16":"shipping-taxable","17":"purchasable","18":"product-type-simple"},"acf":{"autor":"JES\u00daS ESPEJA Y JES\u00daS D\u00cdAZ SARIEGO","codart":"841964074","libros-coleccion":"TEOLOG\u00cdA","ediciones":"1","encuadernacion":"R\u00fastica","fecha_de_publicacion":"01\/09\/2025","novedad":"1","paginas":"140","subtitulo":"REFLEXIONES SOBRE EL ACONTECER DE DIOS EN EL MUNDO DE HOY","orden":"0","portada":"1","idioma":"spa","booktrailer":"","resenas":"","editorial":[{"ID":147774,"post_author":"3","post_date":"2022-10-14 11:53:07","post_date_gmt":"2022-10-14 09:53:07","post_content":"","post_title":"EDIBESA","post_excerpt":"","post_status":"publish","comment_status":"closed","ping_status":"closed","post_password":"","post_name":"edibesa","to_ping":"","pinged":"","post_modified":"2022-10-14 11:53:07","post_modified_gmt":"2022-10-14 09:53:07","post_content_filtered":"","post_parent":0,"guid":"http:\/\/dev.claret.cat\/editorial\/edibesa\/","menu_order":0,"post_type":"editorial","post_mime_type":"","comment_count":"0","filter":"raw"}]},"aioseo_notices":[],"_links":{"self":[{"href":"https:\/\/www.claret.cat\/es\/wp-json\/wp\/v2\/product\/1051593","targetHints":{"allow":["GET"]}}],"collection":[{"href":"https:\/\/www.claret.cat\/es\/wp-json\/wp\/v2\/product"}],"about":[{"href":"https:\/\/www.claret.cat\/es\/wp-json\/wp\/v2\/types\/product"}],"wp:featuredmedia":[{"embeddable":true,"href":"https:\/\/www.claret.cat\/es\/wp-json\/wp\/v2\/media\/1076576"}],"wp:attachment":[{"href":"https:\/\/www.claret.cat\/es\/wp-json\/wp\/v2\/media?parent=1051593"}],"wp:term":[{"taxonomy":"product_brand","embeddable":true,"href":"https:\/\/www.claret.cat\/es\/wp-json\/wp\/v2\/product_brand?post=1051593"},{"taxonomy":"product_cat","embeddable":true,"href":"https:\/\/www.claret.cat\/es\/wp-json\/wp\/v2\/product_cat?post=1051593"},{"taxonomy":"product_tag","embeddable":true,"href":"https:\/\/www.claret.cat\/es\/wp-json\/wp\/v2\/product_tag?post=1051593"}],"curies":[{"name":"wp","href":"https:\/\/api.w.org\/{rel}","templated":true}]}}