{"id":105167,"date":"2022-10-12T08:59:30","date_gmt":"2022-10-12T06:59:30","guid":{"rendered":"http:\/\/dev.claret.cat\/producte\/sapiens-del-tomate\/"},"modified":"2023-01-28T15:52:33","modified_gmt":"2023-01-28T14:52:33","slug":"sapiens-del-tomate-9788409215157","status":"publish","type":"product","link":"https:\/\/www.claret.cat\/es\/libro\/sapiens-del-tomate-9788409215157\/","title":{"rendered":"SAPIENS DEL TOMATE"},"content":{"rendered":"<p>Esta obra corresponde al primer monogr\u00e1fico de Bullipedia dedicado a un producto no elaborado: el tomate. Se ha desarrollado a trav\u00e9s de la metodolog\u00eda Sapiens, creada por Ferran Adri\u00e0 y elBullifoundation. <\/p>\n<p> El objetivo de este Sapiens es analizar el tomate desde una perspectiva hol\u00edstica, estudiando todos los procesos y sistemas en los que se ve involucrado. Los tomates, \u00bfson una fruta o una verdura?, \u00bf se crean o se producen?, \u00bfexiste un tomate ideal para hacer una ensalada? <\/p>\n<p> Para empezar, nos adentraremos en la compleja etimolog\u00eda del t\u00e9rmino, para despu\u00e9s ver su evoluci\u00f3n en la lengua castellana y llegar hasta el significado que tiene hoy. Todo desde distintas perspectivas: acad\u00e9mica, gastron\u00f3mica y bot\u00e1nica. Este cap\u00edtulo presenta, tambi\u00e9n, algunas de sus definiciones a nivel cient\u00edfico y coloquial.<\/p>\n<p> Seguidamente, ubicaremos el tomate en el mundo gastron\u00f3mico a trav\u00e9s de una comparativa, donde relacionaremos nuestro objeto de estudio con otros frutos seg\u00fan distintos criterios: textura, forma, color, mol\u00e9culas, entre otros.<\/p>\n<p> Clasificaremos la planta del tomate, de su fruto y de su hoja. Siguiendo el m\u00e9todo Sapiens ordenaremos la informaci\u00f3n disponible sobre la realidad de la planta, condici\u00f3n necesaria para poder generar nuevo conocimiento. <\/p>\n<p> De esta forma, por ejemplo, veremos que el tomate puede contemplarse desde \u00e1ngulos tan distintos como la temporada de obtenci\u00f3n, el estado de maduraci\u00f3n, su color o el tipo de elaboraci\u00f3n que se le practica.<\/p>\n<p> Mucho antes de que apareci\u00e9ramos los seres humanos en la Tierra, hace millones de a\u00f1os, empezaron a crecer las primeras plantas de tomate silvestre en los Andes. Sin ellas, probablemente hoy no consumir\u00edamos tomate. Las personas empezamos a cultivar la planta del tomate, probablemente, para poder consumir su fruto. Y, a trav\u00e9s de la gen\u00e9tica, exprimimos al m\u00e1ximo todo su potencial y logramos obtener \u2014o \u00bfcrear?\u2014 un amplio abanico de variedades. Est\u00e1 claro que la agricultura y la bot\u00e1nica han jugado un papel clave en el sabor, forma y tama\u00f1o del tomate que consumimos hoy.<\/p>\n<p> Si elaboramos una ensalada con tomate en casa, \u00bfestamos cocinando para alimentarnos o para degustar? En estas p\u00e1ginas daremos a conocer las diferencias entre estos dos conceptos opuestos, pero, a la vez, complementarios. Con estos significados claros, veremos d\u00f3nde podemos cocinar, alimentarnos o degustar elaboraciones con tomate.<\/p>\n<p> Continuaremos con su papel en todo el sistema de organizaci\u00f3n y funcionamiento del restaurante, as\u00ed como en la experiencia del comensal. Asimismo, en la cocina contamos con un aliado indispensable: la industria alimentaria. Gracias a ella, disponemos de productos elaborados de tomate que pueden facilitar y reducir los tiempos al realizar elaboraciones con tomate en el restaurante. Veremos estos productos y c\u00f3mo la industria nos puede echar una mano a la hora de cocinar.<\/p>\n<p> Por \u00faltimo, abordaremos la creaci\u00f3n y la innovaci\u00f3n a partir del tomate.<\/p>\n","protected":false},"excerpt":{"rendered":"<p>ELBULLIFOUNDATION<\/p>\n","protected":false},"featured_media":105168,"template":"","meta":{"_acf_changed":false,"om_disable_all_campaigns":false,"rs_blank_template":"","rs_page_bg_color":"","slide_template_v7":"","inline_featured_image":false,"_monsterinsights_skip_tracking":false,"_monsterinsights_sitenote_active":false,"_monsterinsights_sitenote_note":"","_monsterinsights_sitenote_category":0},"product_brand":[],"product_cat":[103],"product_tag":[],"class_list":{"0":"post-105167","1":"product","2":"type-product","3":"status-publish","4":"has-post-thumbnail","6":"product_cat-cuina","8":"first","9":"instock","10":"taxable","11":"shipping-taxable","12":"purchasable","13":"product-type-simple"},"acf":{"editorial":[{"ID":147575,"post_author":"3","post_date":"2022-10-14 11:51:37","post_date_gmt":"2022-10-14 09:51:37","post_content":"","post_title":"BULLIPEDIA","post_excerpt":"","post_status":"publish","comment_status":"closed","ping_status":"closed","post_password":"","post_name":"bullipedia","to_ping":"","pinged":"","post_modified":"2022-10-14 11:51:37","post_modified_gmt":"2022-10-14 09:51:37","post_content_filtered":"","post_parent":0,"guid":"http:\/\/dev.claret.cat\/editorial\/bullipedia\/","menu_order":0,"post_type":"editorial","post_mime_type":"","comment_count":"0","filter":"raw"}],"autores-libros":[{"ID":154705,"post_author":"3","post_date":"2022-10-14 15:06:57","post_date_gmt":"2022-10-14 13:06:57","post_content":"","post_title":"ELBULLIFOUNDATION","post_excerpt":"","post_status":"publish","comment_status":"closed","ping_status":"closed","post_password":"","post_name":"elbullifoundation","to_ping":"","pinged":"","post_modified":"2022-10-14 15:06:57","post_modified_gmt":"2022-10-14 13:06:57","post_content_filtered":"","post_parent":0,"guid":"http:\/\/dev.claret.cat\/autor\/elbullifoundation\/","menu_order":0,"post_type":"autor","post_mime_type":"","comment_count":"0","filter":"raw"}],"autor":"ELBULLIFOUNDATION","codart":"840921515","libros-coleccion":"BULLIPEDIA","ediciones":"1","encuadernacion":"Carton\u00e9","fecha_de_publicacion":"01\/07\/2020","novedad":"1","paginas":"680","subtitulo":"","orden":"0","portada":"0","idioma":"spa"},"aioseo_notices":[],"_links":{"self":[{"href":"https:\/\/www.claret.cat\/es\/wp-json\/wp\/v2\/product\/105167","targetHints":{"allow":["GET"]}}],"collection":[{"href":"https:\/\/www.claret.cat\/es\/wp-json\/wp\/v2\/product"}],"about":[{"href":"https:\/\/www.claret.cat\/es\/wp-json\/wp\/v2\/types\/product"}],"wp:featuredmedia":[{"embeddable":true,"href":"https:\/\/www.claret.cat\/es\/wp-json\/wp\/v2\/media\/105168"}],"wp:attachment":[{"href":"https:\/\/www.claret.cat\/es\/wp-json\/wp\/v2\/media?parent=105167"}],"wp:term":[{"taxonomy":"product_brand","embeddable":true,"href":"https:\/\/www.claret.cat\/es\/wp-json\/wp\/v2\/product_brand?post=105167"},{"taxonomy":"product_cat","embeddable":true,"href":"https:\/\/www.claret.cat\/es\/wp-json\/wp\/v2\/product_cat?post=105167"},{"taxonomy":"product_tag","embeddable":true,"href":"https:\/\/www.claret.cat\/es\/wp-json\/wp\/v2\/product_tag?post=105167"}],"curies":[{"name":"wp","href":"https:\/\/api.w.org\/{rel}","templated":true}]}}