{"id":1051698,"date":"2025-09-10T19:25:14","date_gmt":"2025-09-10T17:25:14","guid":{"rendered":"https:\/\/www.claret.cat\/llibre\/tuerto-maldito-y-enamorado-9788426375339\/"},"modified":"2025-09-22T17:30:56","modified_gmt":"2025-09-22T15:30:56","slug":"tuerto-maldito-y-enamorado-9788426375339","status":"publish","type":"product","link":"https:\/\/www.claret.cat\/es\/libro\/tuerto-maldito-y-enamorado-9788426375339\/","title":{"rendered":"TUERTO, MALDITO Y ENAMORADO"},"content":{"rendered":"<p>\u00bfPuede ser el amor una maldici\u00f3n? La vida de la asustadiza Elisa da un vuelco el d\u00eda que decide ayudar a su hermana a preparar un trabajo de Literatura. Tras las estanter\u00edas de la biblioteca del instituto habita un espectro tuerto sobre el que pesa una terrible maldici\u00f3n. Solo ella puede liberarlo, pero quiz\u00e1 sea imposible: habr\u00e1 que resolver algunos misterios y revelar una historia de amor escondida en la vida de Lope de Vega. Las calles de Madrid ser\u00e1n el escenario fantasmag\u00f3rico de su aventura, terror\u00edfica y emocionante, m\u00e1s all\u00e1 de la realidad.<\/p>\n","protected":false},"excerpt":{"rendered":"<p>HUERTAS G\u00d3MEZ, ROSA<\/p>\n","protected":false},"featured_media":1051699,"template":"","meta":{"_acf_changed":false,"om_disable_all_campaigns":false,"rs_blank_template":"","rs_page_bg_color":"","slide_template_v7":"","inline_featured_image":false,"_monsterinsights_skip_tracking":false,"_monsterinsights_sitenote_active":false,"_monsterinsights_sitenote_note":"","_monsterinsights_sitenote_category":0},"product_brand":[],"product_cat":[90,540],"product_tag":[],"class_list":{"0":"post-1051698","1":"product","2":"type-product","3":"status-publish","4":"has-post-thumbnail","6":"product_cat-altres","7":"product_cat-otros","9":"first","10":"instock","11":"taxable","12":"shipping-taxable","13":"purchasable","14":"product-type-simple"},"acf":{"autor":"HUERTAS G\u00d3MEZ, ROSA","codart":"842637533","libros-coleccion":"","ediciones":"1","encuadernacion":"Carpeta","fecha_de_publicacion":"01\/06\/2010","novedad":"0","paginas":"236","subtitulo":"","orden":"999","portada":"0","idioma":"spa","booktrailer":"","resenas":"","editorial":[{"ID":147535,"post_author":"3","post_date":"2022-10-14 11:51:19","post_date_gmt":"2022-10-14 09:51:19","post_content":"","post_title":"BAULA, EDICIONS","post_excerpt":"","post_status":"publish","comment_status":"closed","ping_status":"closed","post_password":"","post_name":"baula-edicions","to_ping":"","pinged":"","post_modified":"2022-10-14 11:51:19","post_modified_gmt":"2022-10-14 09:51:19","post_content_filtered":"","post_parent":0,"guid":"http:\/\/dev.claret.cat\/editorial\/baula-edicions\/","menu_order":0,"post_type":"editorial","post_mime_type":"","comment_count":"0","filter":"raw"}],"autores-libros":[{"ID":366596,"post_author":"3","post_date":"2023-01-15 18:45:51","post_date_gmt":"2023-01-15 17:45:51","post_content":"","post_title":"ROSA HUERTAS G\u00d3MEZ","post_excerpt":"","post_status":"publish","comment_status":"closed","ping_status":"closed","post_password":"","post_name":"rosa-huertas-gomez","to_ping":"","pinged":"","post_modified":"2023-01-15 18:45:51","post_modified_gmt":"2023-01-15 17:45:51","post_content_filtered":"","post_parent":0,"guid":"https:\/\/www.claret.cat\/autor\/rosa-huertas-gomez\/","menu_order":0,"post_type":"autor","post_mime_type":"","comment_count":"0","filter":"raw"}]},"aioseo_notices":[],"_links":{"self":[{"href":"https:\/\/www.claret.cat\/es\/wp-json\/wp\/v2\/product\/1051698","targetHints":{"allow":["GET"]}}],"collection":[{"href":"https:\/\/www.claret.cat\/es\/wp-json\/wp\/v2\/product"}],"about":[{"href":"https:\/\/www.claret.cat\/es\/wp-json\/wp\/v2\/types\/product"}],"wp:featuredmedia":[{"embeddable":true,"href":"https:\/\/www.claret.cat\/es\/wp-json\/wp\/v2\/media\/1051699"}],"wp:attachment":[{"href":"https:\/\/www.claret.cat\/es\/wp-json\/wp\/v2\/media?parent=1051698"}],"wp:term":[{"taxonomy":"product_brand","embeddable":true,"href":"https:\/\/www.claret.cat\/es\/wp-json\/wp\/v2\/product_brand?post=1051698"},{"taxonomy":"product_cat","embeddable":true,"href":"https:\/\/www.claret.cat\/es\/wp-json\/wp\/v2\/product_cat?post=1051698"},{"taxonomy":"product_tag","embeddable":true,"href":"https:\/\/www.claret.cat\/es\/wp-json\/wp\/v2\/product_tag?post=1051698"}],"curies":[{"name":"wp","href":"https:\/\/api.w.org\/{rel}","templated":true}]}}