{"id":105170,"date":"2022-10-12T08:59:32","date_gmt":"2022-10-12T06:59:32","guid":{"rendered":"http:\/\/dev.claret.cat\/producte\/productos-no-elaborados\/"},"modified":"2023-01-28T17:09:36","modified_gmt":"2023-01-28T16:09:36","slug":"productos-no-elaborados-9788409184262","status":"publish","type":"product","link":"https:\/\/www.claret.cat\/es\/libro\/productos-no-elaborados-9788409184262\/","title":{"rendered":"PRODUCTOS NO ELABORADOS"},"content":{"rendered":"<p>Esta obra corresponde al segundo volumen de un ambicioso proyecto de Bullipedia dedicado a los Productos no elaborados. Se pretende marcar un nuevo camino en la forma de comprender la gastronom\u00eda y sus recursos, en concreto en los productos comestibles que en ella participan. La metodolog\u00eda Sapiens, creada por Ferran Adri\u00e0 y elBullifoundation, nos ha guiado durante su contextualizaci\u00f3n y desarrollo. En este volumen, se presentan los conceptos b\u00e1sicos que fundamentan la taxonom\u00eda de los productos no elaborados. Una propuesta novedosa que permite analizar, estudiar y comprender los productos a partir de su ordenaci\u00f3n y clasificaci\u00f3n, siempre, como es voluntad de Bullipedia, desde el prisma de la restauraci\u00f3n gastron\u00f3mica.<\/p>\n<p> Algunas de las cuestiones a las que pretendemos dar respuesta y que sientan las bases para el desarrollo de la taxonom\u00eda de los productos no elaborados son: \u00bfPara qu\u00e9 sirve una taxonom\u00eda?, \u00bfqu\u00e9 aplicaciones tiene?, \u00bfen qu\u00e9 \u00e1mbitos tiene sentido establecerla?, o, \u00bfde qu\u00e9 nos sirve en la restauraci\u00f3n gastron\u00f3mica? <\/p>\n<p> Una vez establecidos los conceptos fundamentales, la obra procede a la explicaci\u00f3n y contextualizaci\u00f3n de la taxonom\u00eda de los productos no elaborados. En su desarrollo ha intervenido un equipo multidisciplinar formado por cocineros y cient\u00edficos de diferentes \u00e1reas, de este modo se imprime solidez y rigurosidad. Sin embargo, este sistema de clasificaci\u00f3n, \u00a1con m\u00e1s de 90 familias clasificatorias!, no podr\u00eda existir sin el trabajo previo realizado en el primer volumen de esta obra.<\/p>\n<p> El conjunto de la taxonom\u00eda se sustenta sobre tres criterios fundamentales: las caracter\u00edsticas biol\u00f3gicas de los productos, su morfolog\u00eda y el estado de domesticaci\u00f3n de las especies. La multitud de productos que tienen cabida en una taxonom\u00eda es pr\u00e1cticamente inabarcable. Para plantear un objetivo razonable, el libro se ci\u00f1e en los productos comestibles y con aplicaci\u00f3n culinaria que son habituales en la gastronom\u00eda de la sociedad Occidental, marco geogr\u00e1fico que delimita nuestro estudio.<\/p>\n<p> Uno de los elementos distintivos de la taxonom\u00eda de los productos no elaborados es la inclusi\u00f3n de un sistema de codificaci\u00f3n mediante pictogramas, y otros elementos gr\u00e1ficos como logotipos o correspondencia por colores, que permite situar cada categor\u00eda taxon\u00f3mica en su lugar. Adem\u00e1s, hace posible identificar algunas de las caracter\u00edsticas definitorias de los productos, como, por ejemplo, el mundo al que pertenecen, si se trata de un producto habitual o si, por el contrario, su consumo no es tan cotidiano.<\/p>\n<p> Es una taxonom\u00eda universal, puesto que en ella tienen cabida todos los productos no elaborados, independientemente de su tipo o de su regi\u00f3n de procedencia. La obra presenta una herramienta destinada al desarrollo del sector educativo y al progreso del trabajo de los profesionales de la restauraci\u00f3n porque conecta conocimiento para comprender el producto. Con ella, se puede favorecer el desarrollo de las actividades y procesos propios de la restauraci\u00f3n: el sistema de pedidos y compras, el marketing y la comunicaci\u00f3n, es fundamental para el desarrollo del proceso de reproducci\u00f3n, as\u00ed como para el fomento de la creatividad y la innovaci\u00f3n. En realidad, esta taxonom\u00eda es una herramienta de gran utilidad para ordenar el conocimiento con criterios fundamentales, consolidar un l\u00e9xico consensuado y mejorar la comprensi\u00f3n y la eficiencia en el estudio relacionado con los productos.<\/p>\n","protected":false},"excerpt":{"rendered":"<p>ELBULLIFOUNDATION<\/p>\n","protected":false},"featured_media":105171,"template":"","meta":{"_acf_changed":false,"om_disable_all_campaigns":false,"rs_blank_template":"","rs_page_bg_color":"","slide_template_v7":"","inline_featured_image":false,"_monsterinsights_skip_tracking":false,"_monsterinsights_sitenote_active":false,"_monsterinsights_sitenote_note":"","_monsterinsights_sitenote_category":0},"product_brand":[],"product_cat":[103],"product_tag":[],"class_list":{"0":"post-105170","1":"product","2":"type-product","3":"status-publish","4":"has-post-thumbnail","6":"product_cat-cuina","8":"first","9":"instock","10":"taxable","11":"shipping-taxable","12":"purchasable","13":"product-type-simple"},"acf":{"editorial":[{"ID":147575,"post_author":"3","post_date":"2022-10-14 11:51:37","post_date_gmt":"2022-10-14 09:51:37","post_content":"","post_title":"BULLIPEDIA","post_excerpt":"","post_status":"publish","comment_status":"closed","ping_status":"closed","post_password":"","post_name":"bullipedia","to_ping":"","pinged":"","post_modified":"2022-10-14 11:51:37","post_modified_gmt":"2022-10-14 09:51:37","post_content_filtered":"","post_parent":0,"guid":"http:\/\/dev.claret.cat\/editorial\/bullipedia\/","menu_order":0,"post_type":"editorial","post_mime_type":"","comment_count":"0","filter":"raw"}],"autores-libros":[{"ID":154705,"post_author":"3","post_date":"2022-10-14 15:06:57","post_date_gmt":"2022-10-14 13:06:57","post_content":"","post_title":"ELBULLIFOUNDATION","post_excerpt":"","post_status":"publish","comment_status":"closed","ping_status":"closed","post_password":"","post_name":"elbullifoundation","to_ping":"","pinged":"","post_modified":"2022-10-14 15:06:57","post_modified_gmt":"2022-10-14 13:06:57","post_content_filtered":"","post_parent":0,"guid":"http:\/\/dev.claret.cat\/autor\/elbullifoundation\/","menu_order":0,"post_type":"autor","post_mime_type":"","comment_count":"0","filter":"raw"}],"autor":"ELBULLIFOUNDATION","codart":"840918426","libros-coleccion":"BULLIPEDIA","ediciones":"1","encuadernacion":"Carton\u00e9","fecha_de_publicacion":"01\/07\/2020","novedad":"1","paginas":"584","subtitulo":"TAXONOM\u00cdA","orden":"0","portada":"0","idioma":"spa"},"aioseo_notices":[],"_links":{"self":[{"href":"https:\/\/www.claret.cat\/es\/wp-json\/wp\/v2\/product\/105170","targetHints":{"allow":["GET"]}}],"collection":[{"href":"https:\/\/www.claret.cat\/es\/wp-json\/wp\/v2\/product"}],"about":[{"href":"https:\/\/www.claret.cat\/es\/wp-json\/wp\/v2\/types\/product"}],"wp:featuredmedia":[{"embeddable":true,"href":"https:\/\/www.claret.cat\/es\/wp-json\/wp\/v2\/media\/105171"}],"wp:attachment":[{"href":"https:\/\/www.claret.cat\/es\/wp-json\/wp\/v2\/media?parent=105170"}],"wp:term":[{"taxonomy":"product_brand","embeddable":true,"href":"https:\/\/www.claret.cat\/es\/wp-json\/wp\/v2\/product_brand?post=105170"},{"taxonomy":"product_cat","embeddable":true,"href":"https:\/\/www.claret.cat\/es\/wp-json\/wp\/v2\/product_cat?post=105170"},{"taxonomy":"product_tag","embeddable":true,"href":"https:\/\/www.claret.cat\/es\/wp-json\/wp\/v2\/product_tag?post=105170"}],"curies":[{"name":"wp","href":"https:\/\/api.w.org\/{rel}","templated":true}]}}