{"id":1051752,"date":"2025-09-12T12:40:28","date_gmt":"2025-09-12T10:40:28","guid":{"rendered":"https:\/\/www.claret.cat\/llibre\/ego-y-supraconciencia-9788408307402\/"},"modified":"2026-03-31T11:35:13","modified_gmt":"2026-03-31T09:35:13","slug":"ego-y-supraconciencia-9788408307402","status":"publish","type":"product","link":"https:\/\/www.claret.cat\/es\/libro\/ego-y-supraconciencia-9788408307402\/","title":{"rendered":"EGO Y SUPRACONCIENCIA"},"content":{"rendered":"<p>\u00abLa muerte no existe; no es un proceso biol\u00f3gico, sino espiritual. La vida debe entenderse como una continuaci\u00f3n hacia la vida despu\u00e9s de la vida\u00bb.Para el doctor Manuel Sans Segarra, el ego (o nuestro falso yo) es lo que nos lleva a actuar dominados por envidias, rencores y competitividad. Si logramos entender que morir no es m\u00e1s que un tr\u00e1mite en el que nos desprenderemos de todo lo material, incluido nuestro cuerpo, y actuamos con el poder de la Supraconciencia (nuestro verdadero yo), alejaremos gran parte de la maldad que asola el mundo y acabaremos, adem\u00e1s, con nuestra angustia vital. Este es el punto de partida deEgo y Supraconciencia, el esperado regreso a las librer\u00edas del doctor Manuel Sans Segarra tras el \u00e9xito mundial de La Supraconciencia existe.<br \/> Con un lenguaje sencillo y profundo a la vez, esta es una obra de aplicaci\u00f3n pr\u00e1ctica sobre la importancia de perder el miedo a la muerte, c\u00f3mo detectar las trampas del ego y, finalmente, que anima a practicar la meditaci\u00f3n para que aflore nuestra verdadera esencia.<br \/> Ciencia y espiritualidad se unen para ayudarnos a dominar nuestro ego y encontrar el sentido de la vida.<\/p>\n","protected":false},"excerpt":{"rendered":"<p>DR. MANUEL SANS SEGARRA \/ CEBRI\u00c1N, JUAN CARLOS \/ CLOP\u00c9S, JOSEP MARIA<\/p>\n","protected":false},"featured_media":1086055,"template":"","meta":{"_acf_changed":false,"om_disable_all_campaigns":false,"rs_blank_template":"","rs_page_bg_color":"","slide_template_v7":"","inline_featured_image":false,"_monsterinsights_skip_tracking":false,"_monsterinsights_sitenote_active":false,"_monsterinsights_sitenote_note":"","_monsterinsights_sitenote_category":0},"product_brand":[],"product_cat":[90,540],"product_tag":[],"class_list":{"0":"post-1051752","1":"product","2":"type-product","3":"status-publish","4":"has-post-thumbnail","6":"product_cat-altres","7":"product_cat-otros","9":"first","10":"instock","11":"taxable","12":"shipping-taxable","13":"purchasable","14":"product-type-simple"},"acf":{"autor":"DR. MANUEL SANS SEGARRA \/ CEBRI\u00c1N, JUAN CARLOS \/ CLOP\u00c9S, JOSEP MARIA","codart":"840830740","libros-coleccion":"NO FICCION","ediciones":"1","encuadernacion":"R\u00fastica","fecha_de_publicacion":"17\/09\/2025","novedad":"1","paginas":"240","subtitulo":"BUSCANDO EL SENTIDO DE LA VIDA","orden":"0","portada":"0","idioma":"spa","booktrailer":"","resenas":"","editorial":[{"ID":6233,"post_author":"3","post_date":"2022-07-28 17:47:48","post_date_gmt":"2022-07-28 15:47:48","post_content":"","post_title":"EDITORIAL PLANETA","post_excerpt":"","post_status":"publish","comment_status":"closed","ping_status":"closed","post_password":"","post_name":"editorial-planeta","to_ping":"","pinged":"","post_modified":"2022-07-28 17:47:48","post_modified_gmt":"2022-07-28 15:47:48","post_content_filtered":"","post_parent":0,"guid":"http:\/\/dev.claret.cat\/editorial\/editorial-planeta\/","menu_order":0,"post_type":"editorial","post_mime_type":"","comment_count":"0","filter":"raw"}]},"aioseo_notices":[],"_links":{"self":[{"href":"https:\/\/www.claret.cat\/es\/wp-json\/wp\/v2\/product\/1051752","targetHints":{"allow":["GET"]}}],"collection":[{"href":"https:\/\/www.claret.cat\/es\/wp-json\/wp\/v2\/product"}],"about":[{"href":"https:\/\/www.claret.cat\/es\/wp-json\/wp\/v2\/types\/product"}],"wp:featuredmedia":[{"embeddable":true,"href":"https:\/\/www.claret.cat\/es\/wp-json\/wp\/v2\/media\/1086055"}],"wp:attachment":[{"href":"https:\/\/www.claret.cat\/es\/wp-json\/wp\/v2\/media?parent=1051752"}],"wp:term":[{"taxonomy":"product_brand","embeddable":true,"href":"https:\/\/www.claret.cat\/es\/wp-json\/wp\/v2\/product_brand?post=1051752"},{"taxonomy":"product_cat","embeddable":true,"href":"https:\/\/www.claret.cat\/es\/wp-json\/wp\/v2\/product_cat?post=1051752"},{"taxonomy":"product_tag","embeddable":true,"href":"https:\/\/www.claret.cat\/es\/wp-json\/wp\/v2\/product_tag?post=1051752"}],"curies":[{"name":"wp","href":"https:\/\/api.w.org\/{rel}","templated":true}]}}